{"id":808871,"date":"2026-03-18T09:25:43","date_gmt":"2026-03-18T08:25:43","guid":{"rendered":"https:\/\/lucacastelli.com\/prodotto\/petzl-rad-line-6-mm\/"},"modified":"2026-03-18T09:25:43","modified_gmt":"2026-03-18T08:25:43","slug":"petzl-rad-line-6-mm","status":"publish","type":"product","link":"https:\/\/lucacastelli.com\/de\/produkt\/petzl-rad-line-6-mm\/","title":{"rendered":"PETZL RAD LINE 6 mm"},"content":{"rendered":"<p class=\"productSubtitle\">Hyperstatische, ultraleichte und kompakte Reepschnur f\u00fcr Skifahrer zur Gletscherspaltenrettung, zum Abseilen und zum Anseilen am Gletscher, um aus einem Spaltengebiet zu entkommen<\/p>\n<div class=\"productCaracteristiquesPosition inlineblock\">\n<p class=\"productCaracteristiques inlineblock\">Die RAD LINE 6 mm ist eine ultraleichte und kompakte Reepschnur f\u00fcr Skifahrer zur Gletscherspaltenrettung, zum Abseilen und zum Anseilen am Gletscher, um aus einem Spaltengebiet zu entkommen. Hyperstatisch und flexibel, verf\u00fcgt sie \u00fcber einen rauen Mantel, der einen ausgezeichneten Griff gew\u00e4hrleistet und die Handhabung erleichtert. Erh\u00e4ltlich in zwei L\u00e4ngen: 30 und 60 Meter.  <\/p>\n<\/div>\n<div class=\"list\">\n<p>Detaillierte Beschreibung<br \/>\nUltraleicht und kompakt:<br \/>\n&#8211; nur 22 Gramm pro Meter,<br \/>\n&#8211; l\u00e4sst sich dank Leichtigkeit und Kompaktheit einfach im Rucksack transportieren.<br \/>\nSpezielle Mantelkonstruktion:<br \/>\n&#8211; kompatibel mit der Seilklemme TIBLOC und den Seilrollen MICRO TRAXION und NANO TRAXION dank des speziell verst\u00e4rkten PEHD-Mantels (1),<br \/>\n&#8211; flexible Reepschnur mit rauem Mantel f\u00fcr ausgezeichneten Griff, zur Verbesserung der Abseilkontrolle und zur Unterst\u00fctzung der Bremswirkung bei Spaltensturz.<br \/>\nHyperstatisch:<br \/>\n&#8211; Dehnung der Reepschnur unter 2 %, um Rettungsman\u00f6ver zu erleichtern und deren Effizienz zu verbessern, aber auch den Jojo-Effekt beim Abseilen oder bei Spaltensturz zu eliminieren,<br \/>\n&#8211; erm\u00f6glicht das Anseilen mit Skiern, um aus einem Spaltengebiet zu entkommen.<\/p>\n<p>(1) Kompatibilit\u00e4tsdetails und m\u00f6gliche Verwendungen dieser Reepschnur in den technischen Hinweisen auf www.petzl.com.<br \/>\nSpezifikationen<br \/>\nDurchmesser: 6 mm<br \/>\nGewicht pro Meter: 22 g<br \/>\nMaterialien: Polyethylen hoher Dichte (PEHD), Polyester, Polyamid<br \/>\nZertifizierung(en): CE EN 564<br \/>\nStatische Dehnung: unter 2 %<\/p>\n<\/div>\n<p>&nbsp;<\/p>\n<table>\n<tbody>\n<tr>\n<th class=\"rowTitle\">Artikelnummern<\/th>\n<th>R011AA00<\/th>\n<th>R011AA01<\/th>\n<\/tr>\n<tr>\n<td class=\"rowTitle\">Farbe(n)<\/td>\n<td>orange<\/td>\n<td>orange<\/td>\n<\/tr>\n<tr>\n<td class=\"rowTitle\">L\u00e4nge<\/td>\n<td>30 m<\/td>\n<td>60 m<\/td>\n<\/tr>\n<tr>\n<td class=\"rowTitle\">Gewicht<\/td>\n<td>660 g<\/td>\n<td>1320 g<\/td>\n<\/tr>\n<tr>\n<td class=\"rowTitle\">Garantie<\/td>\n<td>3 Jahre<\/td>\n<td>3 Jahre<\/td>\n<\/tr>\n<tr>\n<td class=\"rowTitle\">Verpackung<\/td>\n<td>1<\/td>\n<td>1<\/td>\n<\/tr>\n<\/tbody>\n<\/table>\n","protected":false},"excerpt":{"rendered":"<p>Hyperstatische, ultraleichte und kompakte Reepschnur f\u00fcr Skifahrer zur Gletscherspaltenrettung, zum Abseilen und zum Anseilen am Gletscher, um aus einem Spaltengebiet<\/p>\n","protected":false},"featured_media":808695,"template":"","meta":{"_seopress_robots_primary_cat":"none","_seopress_titles_title":"","_seopress_titles_desc":"","_seopress_robots_index":""},"product_brand":[3640],"product_cat":[1396,1403,150],"product_tag":[],"class_list":{"0":"post-808871","1":"product","2":"type-product","3":"status-publish","4":"has-post-thumbnail","6":"product_brand-haix-de","7":"product_cat-arbeitsausrustung","8":"product_cat-auffanggurte-und-sicherheitsausrustung","9":"product_cat-ausrustung","10":"sws-gruppo-abb-libero-de","11":"sws-conto-ricavi-merci-rivendita-abbigliamento-de","12":"sws-gruppo-iva-iva81-de","14":"first","15":"instock","16":"shipping-taxable","17":"purchasable","18":"product-type-variable"},"_links":{"self":[{"href":"https:\/\/lucacastelli.com\/de\/wp-json\/wp\/v2\/product\/808871","targetHints":{"allow":["GET"]}}],"collection":[{"href":"https:\/\/lucacastelli.com\/de\/wp-json\/wp\/v2\/product"}],"about":[{"href":"https:\/\/lucacastelli.com\/de\/wp-json\/wp\/v2\/types\/product"}],"wp:featuredmedia":[{"embeddable":true,"href":"https:\/\/lucacastelli.com\/de\/wp-json\/wp\/v2\/media\/808695"}],"wp:attachment":[{"href":"https:\/\/lucacastelli.com\/de\/wp-json\/wp\/v2\/media?parent=808871"}],"wp:term":[{"taxonomy":"product_brand","embeddable":true,"href":"https:\/\/lucacastelli.com\/de\/wp-json\/wp\/v2\/product_brand?post=808871"},{"taxonomy":"product_cat","embeddable":true,"href":"https:\/\/lucacastelli.com\/de\/wp-json\/wp\/v2\/product_cat?post=808871"},{"taxonomy":"product_tag","embeddable":true,"href":"https:\/\/lucacastelli.com\/de\/wp-json\/wp\/v2\/product_tag?post=808871"}],"curies":[{"name":"wp","href":"https:\/\/api.w.org\/{rel}","templated":true}]}}