{"id":808869,"date":"2026-03-18T09:13:35","date_gmt":"2026-03-18T08:13:35","guid":{"rendered":"https:\/\/lucacastelli.com\/prodotto\/petzl-crevasse-rescue-kit\/"},"modified":"2026-03-18T09:13:35","modified_gmt":"2026-03-18T08:13:35","slug":"petzl-crevasse-rescue-kit","status":"publish","type":"product","link":"https:\/\/lucacastelli.com\/de\/produkt\/petzl-crevasse-rescue-kit\/","title":{"rendered":"PETZL CREVASSE RESCUE KIT"},"content":{"rendered":"<p class=\"productSubtitle\">Set f\u00fcr Spaltenbergung und Selbstrettung<\/p>\n<div class=\"productCaracteristiquesPosition inlineblock\">\n<p class=\"productCaracteristiques inlineblock\">Das CREVASSE RESCUE KIT Rettungsset enth\u00e4lt alles, was f\u00fcr eine Bergung oder einen Seilaufstieg nach einem Spaltensturz ben\u00f6tigt wird. Dieses Set ist unverzichtbar f\u00fcr alle Gletschertouren (mit Skiern oder zu Fu\u00df). <\/p>\n<\/div>\n<div class=\"list\">\n<p>Detaillierte Beschreibung<br \/>\nDas CREVASSE RESCUE KIT Rettungsset enth\u00e4lt alles, was f\u00fcr eine Bergung oder einen Seilaufstieg nach einem Spaltensturz ben\u00f6tigt wird:<br \/>\n&#8211; 1 MICRO TRAXION Umlenkrolle,<br \/>\n&#8211; 2 OK SCREW-LOCK Karabiner,<br \/>\n&#8211; 1 TIBLOC,<br \/>\n&#8211; 1 RESCUE S Umlenkrolle,<br \/>\n&#8211; 1 ST\u2019ANNEAU Bandschlinge 120 cm.<br \/>\nSpezifikationen<br \/>\nGewicht: 355 g<br \/>\nSeil-Kompatibilit\u00e4t: 8 &#8211; 11 mm<br \/>\nZertifizierung(en): CE, UIAA<\/p>\n<\/div>\n","protected":false},"excerpt":{"rendered":"<p>Set f\u00fcr Spaltenbergung und Selbstrettung Das CREVASSE RESCUE KIT Rettungsset enth\u00e4lt alles, was f\u00fcr eine Bergung oder einen Seilaufstieg nach<\/p>\n","protected":false},"featured_media":808670,"template":"","meta":{"_seopress_robots_primary_cat":"","_seopress_titles_title":"","_seopress_titles_desc":"","_seopress_robots_index":""},"product_brand":[3666],"product_cat":[1396,1403],"product_tag":[],"class_list":{"0":"post-808869","1":"product","2":"type-product","3":"status-publish","4":"has-post-thumbnail","6":"product_brand-petzl-de","7":"product_cat-arbeitsausrustung","8":"product_cat-auffanggurte-und-sicherheitsausrustung","9":"sws-gruppo-abb-libero-de","10":"sws-conto-ricavi-merci-rivendita-abbigliamento-de","11":"sws-gruppo-iva-iva81-de","13":"first","14":"instock","15":"shipping-taxable","16":"purchasable","17":"product-type-simple"},"_links":{"self":[{"href":"https:\/\/lucacastelli.com\/de\/wp-json\/wp\/v2\/product\/808869","targetHints":{"allow":["GET"]}}],"collection":[{"href":"https:\/\/lucacastelli.com\/de\/wp-json\/wp\/v2\/product"}],"about":[{"href":"https:\/\/lucacastelli.com\/de\/wp-json\/wp\/v2\/types\/product"}],"wp:featuredmedia":[{"embeddable":true,"href":"https:\/\/lucacastelli.com\/de\/wp-json\/wp\/v2\/media\/808670"}],"wp:attachment":[{"href":"https:\/\/lucacastelli.com\/de\/wp-json\/wp\/v2\/media?parent=808869"}],"wp:term":[{"taxonomy":"product_brand","embeddable":true,"href":"https:\/\/lucacastelli.com\/de\/wp-json\/wp\/v2\/product_brand?post=808869"},{"taxonomy":"product_cat","embeddable":true,"href":"https:\/\/lucacastelli.com\/de\/wp-json\/wp\/v2\/product_cat?post=808869"},{"taxonomy":"product_tag","embeddable":true,"href":"https:\/\/lucacastelli.com\/de\/wp-json\/wp\/v2\/product_tag?post=808869"}],"curies":[{"name":"wp","href":"https:\/\/api.w.org\/{rel}","templated":true}]}}