{"id":807051,"date":"2026-03-17T11:19:24","date_gmt":"2026-03-17T10:19:24","guid":{"rendered":"https:\/\/lucacastelli.com\/prodotto\/la-sportiva-ultra-raptor-iii\/"},"modified":"2026-03-17T11:19:24","modified_gmt":"2026-03-17T10:19:24","slug":"la-sportiva-ultra-raptor-iii","status":"publish","type":"product","link":"https:\/\/lucacastelli.com\/de\/produkt\/la-sportiva-ultra-raptor-iii\/","title":{"rendered":"La Sportiva Ultra Raptor III"},"content":{"rendered":"<p>Der legend\u00e4re Ultra Raptor 3 erscheint in der dritten Edition. Ob Gipfelbesteigungen, Trekking oder einfache Wanderungen \u2013 dieser vielseitige und technisch fortschrittliche Trekkingschuh ist bereit f\u00fcr jedes Abenteuer. Das strapazierf\u00e4hige und atmungsaktive Obermaterial aus Ripstop, kombiniert mit einer verst\u00e4rkten Gummikappe und einem robusten Rand, sch\u00fctzt zuverl\u00e4ssig vor Felsen, Wurzeln und Ger\u00f6ll. Die Zwischensohle kombiniert ein weiches Material mit einer stabilisierenden Schicht unter der Ferse f\u00fcr besseren Halt, w\u00e4hrend der Gaitersmanschette verhindert, dass Steinchen oder Schmutz in den Schuh eindringen. Die FriXion\u00ae White-Sohle mit Impact Brake System\u2122 maximiert die Haftung \u2013 sowohl bergauf als auch bergab \u2013 und die Flexionsrillen entlang der Sohle f\u00f6rdern eine nat\u00fcrliche Fussbewegung auf anspruchsvollem Gel\u00e4nde. Zudem garantiert die TPU-Hinterkappe sicheren Halt bei jedem Schritt. Der Ultra Raptor 3 ist ein robuster, vielseitiger Schuh f\u00fcr Ihre Erkundungswanderungen.      <\/p>\n<ul>\n<li>Obermaterial aus strapazierf\u00e4higem recyceltem Mesh, das bei intensiven Wanderungen Schweiss effektiv ableitet<\/li>\n<li>5 mm Ortholite\u00ae Hybrid\u2122 Mountain Hiking-Einlegesohle f\u00fcr eine bequeme und pr\u00e4zise Passform<\/li>\n<li>Weiche und st\u00fctzende Zwischensohle f\u00fcr ganzt\u00e4gigen Komfort auf dem Wanderweg<\/li>\n<li>Kompakter EVA-Schaum an der Ferse f\u00fcr maximale St\u00fctzung und Stabilit\u00e4t<\/li>\n<li>FriXion\u00ae White-Sohle f\u00fcr aussergew\u00f6hnliche Haftung auf steilem Gel\u00e4nde<\/li>\n<li>Das Impact Brake System\u2122 absorbiert St\u00f6sse und verbessert die Traktion<\/li>\n<li>Die Gaitersmanschette h\u00e4lt Steinchen, Kies und Schmutz zuverl\u00e4ssig fern<\/li>\n<li>Flexionsrillen entlang der Sohle f\u00fcr vollst\u00e4ndige Bewegungsfreiheit<\/li>\n<li>Verst\u00e4rkte Gummikappe und Schutzrand gegen Steine und Wurzeln<\/li>\n<\/ul>\n","protected":false},"excerpt":{"rendered":"<p>Der legend\u00e4re Ultra Raptor 3 erscheint in der dritten Edition. Ob Gipfelbesteigungen, Trekking oder einfache Wanderungen \u2013 dieser vielseitige und<\/p>\n","protected":false},"featured_media":806950,"template":"","meta":{"_seopress_robots_primary_cat":"none","_seopress_titles_title":"","_seopress_titles_desc":"","_seopress_robots_index":""},"product_brand":[3649],"product_cat":[1419,1431,175],"product_tag":[],"class_list":{"0":"post-807051","1":"product","2":"type-product","3":"status-publish","4":"has-post-thumbnail","6":"product_brand-la-sportiva-de","7":"product_cat-freizeitschuhe","8":"product_cat-herrenschuhe","9":"product_cat-schuhe","10":"sws-gruppo-abb-libero-de","11":"sws-conto-ricavi-merci-rivendita-abbigliamento-de","12":"sws-gruppo-iva-iva81-de","14":"first","15":"instock","16":"shipping-taxable","17":"purchasable","18":"product-type-variable","19":"has-default-attributes"},"_links":{"self":[{"href":"https:\/\/lucacastelli.com\/de\/wp-json\/wp\/v2\/product\/807051","targetHints":{"allow":["GET"]}}],"collection":[{"href":"https:\/\/lucacastelli.com\/de\/wp-json\/wp\/v2\/product"}],"about":[{"href":"https:\/\/lucacastelli.com\/de\/wp-json\/wp\/v2\/types\/product"}],"wp:featuredmedia":[{"embeddable":true,"href":"https:\/\/lucacastelli.com\/de\/wp-json\/wp\/v2\/media\/806950"}],"wp:attachment":[{"href":"https:\/\/lucacastelli.com\/de\/wp-json\/wp\/v2\/media?parent=807051"}],"wp:term":[{"taxonomy":"product_brand","embeddable":true,"href":"https:\/\/lucacastelli.com\/de\/wp-json\/wp\/v2\/product_brand?post=807051"},{"taxonomy":"product_cat","embeddable":true,"href":"https:\/\/lucacastelli.com\/de\/wp-json\/wp\/v2\/product_cat?post=807051"},{"taxonomy":"product_tag","embeddable":true,"href":"https:\/\/lucacastelli.com\/de\/wp-json\/wp\/v2\/product_tag?post=807051"}],"curies":[{"name":"wp","href":"https:\/\/api.w.org\/{rel}","templated":true}]}}