{"id":806997,"date":"2026-03-17T11:13:22","date_gmt":"2026-03-17T10:13:22","guid":{"rendered":"https:\/\/lucacastelli.com\/prodotto\/la-sportiva-tx5-evo-gtx\/"},"modified":"2026-03-17T11:13:22","modified_gmt":"2026-03-17T10:13:22","slug":"la-sportiva-tx5-evo-gtx","status":"publish","type":"product","link":"https:\/\/lucacastelli.com\/de\/produkt\/la-sportiva-tx5-evo-gtx\/","title":{"rendered":"La Sportiva TX5 EVO GTX"},"content":{"rendered":"<div class=\"row viewport_pdp\">\n<div class=\"col-md-5\">\n<div class=\"product-info-main\">\n<div class=\"product attribute overview\">\n<div class=\"value\">\n<p class=\"product-short-description\">Strapazierf\u00e4hig, wasserdicht und komfortabel \u2013 die TX5 EVO GTX Schuhe sind f\u00fcr Ihre Abenteuer in gro\u00dfer H\u00f6he konzipiert.<\/p>\n<\/div>\n<\/div>\n<\/div>\n<\/div>\n<\/div>\n<div class=\"row justify-content-center product-details\">\n<div class=\"product-description col col-12 col-md-6\">Klettersteige, Trekking, Wanderungen: Was auch immer Sie vorhaben, mit den TX5 EVO GTX Schuhen gehen Sie auf jedem Gel\u00e4nde trittsicher voran. Das Obermaterial aus Nubukleder mit GORE-TEX ePE Extended Comfort Membran ist wasserdicht und atmungsaktiv \u2013 ideal, um Ihre F\u00fc\u00dfe frisch und trocken zu halten, w\u00e4hrend Sie Fl\u00fcsse oder schlammige Pfade durchqueren. Die 3D Flex Evo\u2122 Technologie verhindert Reibung und erleichtert die Bewegungen des Kn\u00f6chels, w\u00e4hrend die Ortholite\u00ae Hybrid\u2122 Mountain Hiking 5MM Einlegesohle Ihnen langanhaltenden Komfort bietet. Das von Zustiegsschuhen inspirierte Schn\u00fcrsystem umschlie\u00dft den Fu\u00df f\u00fcr eine sichere Passform. Zudem bietet die Vibram Megagrip\u2122 Laufsohle mit Impact Brake System\u2122 Technologie sowohl bergauf als auch bergab au\u00dfergew\u00f6hnlichen Grip. Dank der Resole Platform\u2122 Eins\u00e4tze k\u00f6nnen Sie Ihre Schuhe reparieren und neu besohlen lassen und sie Jahr f\u00fcr Jahr tragen, ohne Leistung und Komfort zu beeintr\u00e4chtigen.     <\/div>\n<div class=\"col col-12 col-md-6 block-detailed\">\n<h3>Technische Informationen<\/h3>\n<p><b>Wasserdichte Membran: <\/b>GORE-TEX Extended Comfort<\/p>\n<p><b>Sohlenh\u00f6he (mm) \u2013 Ferse: <\/b>31<\/p>\n<p><b>Sohlenh\u00f6he (mm) \u2013 Vorfu\u00df: <\/b>23<\/p>\n<p><b>Sprengung (mm): <\/b>8<\/p>\n<p><b>Stollenh\u00f6he (mm): <\/b>4,5<\/p>\n<p><b>Weite Passform: <\/b>Nein<\/p>\n<p><b>Einlegesohle: <\/b>Die 5 mm Ortholite\u00ae Hybrid\u2122 Mountain Hiking Einlegesohle erh\u00f6ht den Komfort am Fu\u00df<\/p>\n<p><b>Schn\u00fcrsystem: <\/b>Von Zustiegsschuhen inspiriertes Schn\u00fcrsystem f\u00fcr eine eng anliegende und st\u00fctzende Passform<\/p>\n<p><b>Futter: <\/b>GORE-TEX ePE Extended Comfort sorgt f\u00fcr Wasserdichtigkeit und Rei\u00dffestigkeit<\/p>\n<p><b>Zwischensohle: <\/b>Die EVA CM Zwischensohle sorgt f\u00fcr D\u00e4mpfung<\/p>\n<p><b>Patente: <\/b>Impact Brake System\u2122 3D Flex System\u2122 Resole Platform\u2122<\/p>\n<p><b>Au\u00dfensohle: <\/b>Die Vibram\u00ae Megagrip\u2122-Sohle kombiniert mit dem Impact Brake System\u2122 bietet au\u00dfergew\u00f6hnliche Traktion an H\u00e4ngen<\/p>\n<p><b>Obermaterial: <\/b>Nubukleder erh\u00f6ht Haltbarkeit und Komfort<\/p>\n<\/div>\n<\/div>\n","protected":false},"excerpt":{"rendered":"<p>Strapazierf\u00e4hig, wasserdicht und komfortabel \u2013 die TX5 EVO GTX Schuhe sind f\u00fcr Ihre Abenteuer in gro\u00dfer H\u00f6he konzipiert. Klettersteige, Trekking,<\/p>\n","protected":false},"featured_media":806890,"template":"","meta":{"_seopress_robots_primary_cat":"none","_seopress_titles_title":"","_seopress_titles_desc":"","_seopress_robots_index":""},"product_brand":[3649],"product_cat":[175,1419,1431],"product_tag":[],"class_list":{"0":"post-806997","1":"product","2":"type-product","3":"status-publish","4":"has-post-thumbnail","6":"product_brand-la-sportiva-de","7":"product_cat-schuhe","8":"product_cat-freizeitschuhe","9":"product_cat-herrenschuhe","10":"sws-gruppo-abb-libero-de","11":"sws-conto-ricavi-merci-rivendita-abbigliamento-de","12":"sws-gruppo-iva-iva81-de","14":"first","15":"instock","16":"shipping-taxable","17":"purchasable","18":"product-type-variable","19":"has-default-attributes"},"_links":{"self":[{"href":"https:\/\/lucacastelli.com\/de\/wp-json\/wp\/v2\/product\/806997","targetHints":{"allow":["GET"]}}],"collection":[{"href":"https:\/\/lucacastelli.com\/de\/wp-json\/wp\/v2\/product"}],"about":[{"href":"https:\/\/lucacastelli.com\/de\/wp-json\/wp\/v2\/types\/product"}],"wp:featuredmedia":[{"embeddable":true,"href":"https:\/\/lucacastelli.com\/de\/wp-json\/wp\/v2\/media\/806890"}],"wp:attachment":[{"href":"https:\/\/lucacastelli.com\/de\/wp-json\/wp\/v2\/media?parent=806997"}],"wp:term":[{"taxonomy":"product_brand","embeddable":true,"href":"https:\/\/lucacastelli.com\/de\/wp-json\/wp\/v2\/product_brand?post=806997"},{"taxonomy":"product_cat","embeddable":true,"href":"https:\/\/lucacastelli.com\/de\/wp-json\/wp\/v2\/product_cat?post=806997"},{"taxonomy":"product_tag","embeddable":true,"href":"https:\/\/lucacastelli.com\/de\/wp-json\/wp\/v2\/product_tag?post=806997"}],"curies":[{"name":"wp","href":"https:\/\/api.w.org\/{rel}","templated":true}]}}