{"id":806765,"date":"2026-03-16T20:38:11","date_gmt":"2026-03-16T19:38:11","guid":{"rendered":"https:\/\/lucacastelli.com\/prodotto\/haix-airpower-xr-810-ltr-gtx-black\/"},"modified":"2026-03-16T20:38:11","modified_gmt":"2026-03-16T19:38:11","slug":"haix-airpower-xr-810-ltr-gtx-black","status":"publish","type":"product","link":"https:\/\/lucacastelli.com\/de\/produkt\/haix-airpower-xr-810-ltr-gtx-black\/","title":{"rendered":"HAIX AIRPOWER XR 810 LTR GTX black"},"content":{"rendered":"<p>Obermaterial: Vollnarbiges Leder, hydrophobiert, atmungsaktiv, Lederst\u00e4rke 2,0\u20132,2 mm. Sun Reflect: reduziert den Aufheizeffekt des Oberleders durch Sonneneinstrahlung, Sonnenlicht wird vom Leder reflektiert. Innenfutter: GORE-TEX, wasserdicht, hoch atmungsaktiv, abriebfester Futterstoff, hoher Klimakomfort, insbesondere f\u00fcr flexiblen Wechseleinsatz im Innen- und Aussenbereich und bei w\u00e4rmeren Temperaturen. Einlegesohle: Komfortabel, d\u00e4mpfend, feuchtigkeitsableitend, separate Fersenschale sorgt f\u00fcr gute D\u00e4mpfung und Fussf\u00fchrung, \u201eAIRFLOW\u201c-Kan\u00e4le, \u201ePerfect-Fit\u201c-Markierung f\u00fcr eine optimale \u00dcberpr\u00fcfung der korrekten Schuhgr\u00f6sse. XLR8: Technologien zur Steigerung von Leistung, Kontrolle und Ausdauer. Reforce erzeugt eine gezielte Rotationsbewegung des Fersenbeins und richtet so das Fussgew\u00f6lbe wieder auf. Die adaptive Fersenhinterkappe passt sich mit der Zeit der individuellen Form des Fersenbeins an und verbindet dieses ideal mit dem Schuh. Beim Auftreten wird der Schuh so durch das Fersenbein kontrolliert. Die ausbalancierte Federung absorbiert den Aufprall, speichert Energie und gibt sie beim Abdruck gezielt zur\u00fcck. Der ergonomische Leisten erm\u00f6glicht es, dass sich der Fuss nat\u00fcrlich frei entfalten kann und zugleich der Schuh durch den Fuss optimal gef\u00fchrt wird. Brandsohle: Ultraleicht, weich, d\u00e4mpfend, mit abriebfester und feuchtigkeitsabsorbierender Mikrofaserkaschierung. Durchtrittschutz: Flexible, leichte, metallische und durchtritthemmende Sohleneinlage. Laufsohle: Moderne und leichte Gummilaufsohle mit Strassen-\/Gel\u00e4ndeprofil mit einer PU-Zwischensohle mit guten D\u00e4mpfungseigenschaften, hervorragende Laufeigenschaften und sehr guter Isolation gegen W\u00e4rme und K\u00e4lte. Die Gummilaufsohle mit ausgepr\u00e4gter Absatzfront ist rutschfest, abriebbest\u00e4ndig, nicht kreidend, antistatisch und kraftstoffbest\u00e4ndig. ESD: Elektrostatisch ableitf\u00e4hige Schuhe gepr\u00fcft nach EN IEC 61340-4-3:2018, EN IEC 61340-5-1:2016. Zehenschutzkappe: Anatomisch geformte, ultraleichte Schutzkappe aus glasfaserverst\u00e4rktem Kunststoff f\u00fcr h\u00f6chste Sicherheitsanforderungen. HAIX CO-System: Druckentlastung, D\u00e4mpfung, Korrektur der Fussstellung, K\u00f6rperaufrichtung, Muskelbalance. HAIX Vario Wide Fit System: Durch 3 verschiedene Einlegesohlen kann der Schuh in der Weite individuell angepasst werden. Die Einlage in Rot (medium) wird mit dem Schuh geliefert, eine Einlegesohle in Gelb (wide) und Blau (narrow) muss separat bestellt werden.                 HAIX Climate System: Das HAIX Climate System nutzt die Pumpbewegung, die beim Gehen entsteht und transportiert Feuchtigkeit \u00fcber das Micro-Dry-Futter am Schaftabschluss nach aussen. HAIX AS System: Das HAIX Arch Support System unterst\u00fctzt die nat\u00fcrliche W\u00f6lbung des Mittelfusses. Zehen und Ballen haben dadurch ausreichend Platz, Fussfehlstellungen wird wirksam vorgebeugt. Sonstiges: Abriebfeste Gummi\u00fcberkappe, Anziehschlaufe, f\u00fcr orthop\u00e4dische Einlagen zertifiziert.  <\/p>\n<p>Harte Beanspruchung? F\u00fcr Ihre F\u00fcsse kein Problem mit dem Airpower XR 810 aus Glattleder. <\/p>\n<p>Klassische Schn\u00fcrung<br \/>\nLeder<br \/>\nwasserdicht dank GORE-TEX\u00ae<\/p>\n","protected":false},"excerpt":{"rendered":"<p>Obermaterial: Vollnarbiges Leder, hydrophobiert, atmungsaktiv, Lederst\u00e4rke 2,0\u20132,2 mm. Sun Reflect: reduziert den Aufheizeffekt des Oberleders durch Sonneneinstrahlung, Sonnenlicht wird vom<\/p>\n","protected":false},"featured_media":792512,"template":"","meta":{"_seopress_robots_primary_cat":"","_seopress_titles_title":"","_seopress_titles_desc":"","_seopress_robots_index":""},"product_brand":[3640],"product_cat":[1424,175],"product_tag":[],"class_list":{"0":"post-806765","1":"product","2":"type-product","3":"status-publish","4":"has-post-thumbnail","6":"product_brand-haix-de","7":"product_cat-arbeitsschuhe","8":"product_cat-schuhe","9":"sws-gruppo-abb-libero-de","10":"sws-conto-ricavi-merci-rivendita-abbigliamento-de","11":"sws-gruppo-iva-iva81-de","13":"first","14":"instock","15":"shipping-taxable","16":"purchasable","17":"product-type-variable","18":"has-default-attributes"},"_links":{"self":[{"href":"https:\/\/lucacastelli.com\/de\/wp-json\/wp\/v2\/product\/806765","targetHints":{"allow":["GET"]}}],"collection":[{"href":"https:\/\/lucacastelli.com\/de\/wp-json\/wp\/v2\/product"}],"about":[{"href":"https:\/\/lucacastelli.com\/de\/wp-json\/wp\/v2\/types\/product"}],"wp:featuredmedia":[{"embeddable":true,"href":"https:\/\/lucacastelli.com\/de\/wp-json\/wp\/v2\/media\/792512"}],"wp:attachment":[{"href":"https:\/\/lucacastelli.com\/de\/wp-json\/wp\/v2\/media?parent=806765"}],"wp:term":[{"taxonomy":"product_brand","embeddable":true,"href":"https:\/\/lucacastelli.com\/de\/wp-json\/wp\/v2\/product_brand?post=806765"},{"taxonomy":"product_cat","embeddable":true,"href":"https:\/\/lucacastelli.com\/de\/wp-json\/wp\/v2\/product_cat?post=806765"},{"taxonomy":"product_tag","embeddable":true,"href":"https:\/\/lucacastelli.com\/de\/wp-json\/wp\/v2\/product_tag?post=806765"}],"curies":[{"name":"wp","href":"https:\/\/api.w.org\/{rel}","templated":true}]}}