{"id":805078,"date":"2026-03-16T19:54:33","date_gmt":"2026-03-16T18:54:33","guid":{"rendered":"https:\/\/lucacastelli.com\/?post_type=product&#038;p=805078"},"modified":"2026-03-16T20:06:39","modified_gmt":"2026-03-16T19:06:39","slug":"pfanner-ventilation-jacke-en-20471-leuchtend-orange-copia-2","status":"publish","type":"product","link":"https:\/\/lucacastelli.com\/de\/produkt\/pfanner-ventilation-jacke-en-20471-leuchtend-orange-copia-2\/","title":{"rendered":"PFANNER Ventilation Jacke EN 20471 &#8211; leuchtend orange"},"content":{"rendered":"<p>Bei Nebel, Dunkelheit und anderen schlechten Sichtverh\u00e4ltnissen ist eine fr\u00fchzeitige und zuverl\u00e4ssige Erkennbarkeit ein entscheidender Sicherheitsfaktor. Unsere Warnschutzjacke Ventilation erf\u00fcllt die Anforderungen der Norm EN ISO 20471 Klasse 2 und garantiert optimale Sichtbarkeit.<br \/>\n-Warnschutz-Sichtbarkeit nach EN ISO 20471 Klasse 2<br \/>\n-Zipp2Zipp\u00ae-Taschensystem f\u00fcr schnellen Zugriff<br \/>\n-StretchAIR\u00ae-Technologie: elastische Stoffe f\u00fcr optimale Bewegungsfreiheit<br \/>\n-KlimaAIR\u00ae-Technologie: aktives Klimamanagement<br \/>\n-Regulierbare Achselbel\u00fcftung<br \/>\n-Hochgesetzte Fronttaschen <\/p>\n<p>Material:<br \/>\n83 % Lycra T400, 17 % Polyester<br \/>\nGr\u00f6ssen:<br \/>\nXXS \u2013 XL, \u00dcbergr\u00f6ssen: XXL \u2013 3XL<br \/>\nNormen:<br \/>\nEN 20471 \/ Klasse 2<\/p>\n","protected":false},"excerpt":{"rendered":"<p>Bei Nebel, Dunkelheit und anderen schlechten Sichtverh\u00e4ltnissen ist eine fr\u00fchzeitige und zuverl\u00e4ssige Erkennbarkeit ein entscheidender Sicherheitsfaktor. Unsere Warnschutzjacke Ventilation erf\u00fcllt<\/p>\n","protected":false},"featured_media":805120,"template":"","meta":{"_seopress_robots_primary_cat":"none","_seopress_titles_title":"","_seopress_titles_desc":"","_seopress_robots_index":""},"product_brand":[3670],"product_cat":[1382,82],"product_tag":[],"class_list":{"0":"post-805078","1":"product","2":"type-product","3":"status-publish","4":"has-post-thumbnail","6":"product_brand-pfanner-de","7":"product_cat-arbeitskleidung","8":"product_cat-kleidung","9":"sws-gruppo-no-gruppo-de","10":"sws-conto-ricavi-merci-rivendita-abbigliamento-de","11":"sws-gruppo-iva-iva81-de","13":"first","14":"instock","15":"shipping-taxable","16":"purchasable","17":"product-type-variable","18":"has-default-attributes"},"_links":{"self":[{"href":"https:\/\/lucacastelli.com\/de\/wp-json\/wp\/v2\/product\/805078","targetHints":{"allow":["GET"]}}],"collection":[{"href":"https:\/\/lucacastelli.com\/de\/wp-json\/wp\/v2\/product"}],"about":[{"href":"https:\/\/lucacastelli.com\/de\/wp-json\/wp\/v2\/types\/product"}],"wp:featuredmedia":[{"embeddable":true,"href":"https:\/\/lucacastelli.com\/de\/wp-json\/wp\/v2\/media\/805120"}],"wp:attachment":[{"href":"https:\/\/lucacastelli.com\/de\/wp-json\/wp\/v2\/media?parent=805078"}],"wp:term":[{"taxonomy":"product_brand","embeddable":true,"href":"https:\/\/lucacastelli.com\/de\/wp-json\/wp\/v2\/product_brand?post=805078"},{"taxonomy":"product_cat","embeddable":true,"href":"https:\/\/lucacastelli.com\/de\/wp-json\/wp\/v2\/product_cat?post=805078"},{"taxonomy":"product_tag","embeddable":true,"href":"https:\/\/lucacastelli.com\/de\/wp-json\/wp\/v2\/product_tag?post=805078"}],"curies":[{"name":"wp","href":"https:\/\/api.w.org\/{rel}","templated":true}]}}