{"id":804643,"date":"2026-03-16T10:27:59","date_gmt":"2026-03-16T09:27:59","guid":{"rendered":"https:\/\/lucacastelli.com\/prodotto\/crazy-jkt-fly-woman\/"},"modified":"2026-03-16T10:27:59","modified_gmt":"2026-03-16T09:27:59","slug":"crazy-jkt-fly-woman","status":"publish","type":"product","link":"https:\/\/lucacastelli.com\/de\/produkt\/crazy-jkt-fly-woman\/","title":{"rendered":"CRAZY JKT FLY WOMAN"},"content":{"rendered":"<div class=\"flex flex-col text-sm pb-25\">\n<article class=\"text-token-text-primary w-full focus:outline-none [--shadow-height:45px] has-data-writing-block:pointer-events-none has-data-writing-block:-mt-(--shadow-height) has-data-writing-block:pt-(--shadow-height) [&amp;:has([data-writing-block])&gt;*]:pointer-events-auto scroll-mt-[calc(var(--header-height)+min(200px,max(70px,20svh)))]\" dir=\"auto\" tabindex=\"-1\" data-turn-id=\"request-WEB:dca93298-70f8-4659-a80a-ea8e5cc65860-17\" data-testid=\"conversation-turn-36\" data-scroll-anchor=\"true\" data-turn=\"assistant\">\n<div class=\"text-base my-auto mx-auto pb-10 [--thread-content-margin:var(--thread-content-margin-xs,calc(var(--spacing)*4))] @w-sm\/main:[--thread-content-margin:var(--thread-content-margin-sm,calc(var(--spacing)*6))] @w-lg\/main:[--thread-content-margin:var(--thread-content-margin-lg,calc(var(--spacing)*16))] px-(--thread-content-margin)\">\n<div class=\"[--thread-content-max-width:40rem] @w-lg\/main:[--thread-content-max-width:48rem] mx-auto max-w-(--thread-content-max-width) flex-1 group\/turn-messages focus-visible:outline-hidden relative flex w-full min-w-0 flex-col agent-turn\" tabindex=\"-1\">\n<div class=\"flex max-w-full flex-col gap-4 grow\">\n<div class=\"min-h-8 text-message relative flex w-full flex-col items-end gap-2 text-start break-words whitespace-normal [.text-message+&amp;]:mt-1\" dir=\"auto\" data-message-author-role=\"assistant\" data-message-id=\"ed0d4022-cf12-4c88-b976-f4d035ee0323\" data-message-model-slug=\"gpt-5-3\">\n<div class=\"flex w-full flex-col gap-1 empty:hidden\">\n<div class=\"markdown prose dark:prose-invert w-full wrap-break-word light markdown-new-styling\">\n<p data-start=\"0\" data-end=\"19\"><strong data-start=\"0\" data-end=\"19\">Eigenschaften<\/strong><\/p>\n<ul data-start=\"21\" data-end=\"375\">\n<li data-section-id=\"7yv74n\" data-start=\"21\" data-end=\"52\">\n<p data-start=\"23\" data-end=\"52\">Extrem leichte Jacke<\/p>\n<\/li>\n<li data-section-id=\"1bhb7kd\" data-start=\"53\" data-end=\"120\">\n<p data-start=\"55\" data-end=\"120\">Innenbeschichtung f\u00fcr besseren Tragekomfort auf der Haut<\/p>\n<\/li>\n<li data-section-id=\"1kgk6tr\" data-start=\"121\" data-end=\"170\">\n<p data-start=\"123\" data-end=\"170\">\u00c4u\u00dfere <strong data-start=\"143\" data-end=\"168\">wasserabweisende Behandlung (DWR)<\/strong><\/p>\n<\/li>\n<li data-section-id=\"1j87rnp\" data-start=\"171\" data-end=\"232\">\n<p data-start=\"173\" data-end=\"232\">Kapuze mit integrierter Tasche zum Verstauen der Jacke<\/p>\n<\/li>\n<li data-section-id=\"icp5o7\" data-start=\"233\" data-end=\"282\">\n<p data-start=\"235\" data-end=\"282\">Kontrastfarbene Flachn\u00e4hte<\/p>\n<\/li>\n<li data-section-id=\"j0d6n0\" data-start=\"283\" data-end=\"304\">\n<p data-start=\"285\" data-end=\"304\">Reflektierende Logos<\/p>\n<\/li>\n<li data-section-id=\"10yifua\" data-start=\"305\" data-end=\"346\">\n<p data-start=\"307\" data-end=\"346\">Durchgehender Frontrei\u00dfverschluss<\/p>\n<\/li>\n<li data-section-id=\"11wr0k8\" data-start=\"347\" data-end=\"375\">\n<p data-start=\"349\" data-end=\"375\">Saum mit elastischem Bund<\/p>\n<\/li>\n<\/ul>\n<p data-start=\"377\" data-end=\"392\"><strong data-start=\"377\" data-end=\"392\">Beschreibung<\/strong><\/p>\n<p data-start=\"394\" data-end=\"545\">Diese Windjacke ist eine der <strong data-start=\"440\" data-end=\"479\">leichtesten auf dem Markt<\/strong> und stellt mit <strong data-start=\"516\" data-end=\"544\">nur 44 g in Gr\u00f6\u00dfe S<\/strong> einen echten Gewichtsrekord auf.<\/p>\n<p data-start=\"547\" data-end=\"759\">M\u00f6glich wird dies durch das <strong data-start=\"595\" data-end=\"630\">7-Denier-Airstatic-Gewebe (18 g\/m\u00b2)<\/strong>, das extrem leicht und zugleich <strong data-start=\"674\" data-end=\"696\">elastisch und rei\u00dffest (Ripstop)<\/strong> ist, um Strapazierf\u00e4higkeit und Bewegungsfreiheit zu garantieren.<\/p>\n<p data-start=\"761\" data-end=\"947\">Das geringe Gewicht wird durch eine <strong data-start=\"812\" data-end=\"839\">minimalistische Konstruktion<\/strong> weiter optimiert, die darauf ausgelegt ist, unn\u00f6tige N\u00e4hte und Materialien zu vermeiden, ohne die Funktionalit\u00e4t zu beeintr\u00e4chtigen.<\/p>\n<p data-start=\"949\" data-end=\"1240\">Das Gewebe verf\u00fcgt \u00fcber eine <strong data-start=\"972\" data-end=\"1017\">DWR-Behandlung (Durable Water Repellent)<\/strong>, die vor Feuchtigkeit und leichtem Regen sch\u00fctzt. Innen reduziert eine spezielle Beschichtung das typische \u201eKleben\u201c von Nylon und erh\u00f6ht den Komfort, selbst wenn die Jacke direkt auf der Haut getragen wird. <\/p>\n<p data-start=\"1242\" data-end=\"1446\" data-is-last-node=\"\" data-is-only-node=\"\">F\u00fcr noch mehr Praktikabilit\u00e4t l\u00e4sst sich die Jacke <strong data-start=\"1298\" data-end=\"1351\">direkt in der Kapuze verstauen<\/strong> und so bei Trekkingtouren, Wanderungen oder Outdoor-Aktivit\u00e4ten leicht im Rucksack transportieren.<\/p>\n<\/div>\n<\/div>\n<\/div>\n<\/div>\n<div class=\"mt-3 w-full empty:hidden\">\n<div class=\"text-center\">\n<div class=\"flex flex-col text-sm pb-25\">\n<article class=\"text-token-text-primary w-full focus:outline-none [--shadow-height:45px] has-data-writing-block:pointer-events-none has-data-writing-block:-mt-(--shadow-height) has-data-writing-block:pt-(--shadow-height) [&amp;:has([data-writing-block])&gt;*]:pointer-events-auto scroll-mt-[calc(var(--header-height)+min(200px,max(70px,20svh)))]\" dir=\"auto\" tabindex=\"-1\" data-turn-id=\"request-WEB:1bed4a84-83c6-41f3-9b56-1bead705c779-2\" data-testid=\"conversation-turn-6\" data-scroll-anchor=\"true\" data-turn=\"assistant\">\n<div class=\"text-base my-auto mx-auto pb-10 [--thread-content-margin:var(--thread-content-margin-xs,calc(var(--spacing)*4))] @w-sm\/main:[--thread-content-margin:var(--thread-content-margin-sm,calc(var(--spacing)*6))] @w-lg\/main:[--thread-content-margin:var(--thread-content-margin-lg,calc(var(--spacing)*16))] px-(--thread-content-margin)\">\n<div class=\"[--thread-content-max-width:40rem] @w-lg\/main:[--thread-content-max-width:48rem] mx-auto max-w-(--thread-content-max-width) flex-1 group\/turn-messages focus-visible:outline-hidden relative flex w-full min-w-0 flex-col agent-turn\" tabindex=\"-1\">\n<div class=\"z-0 flex min-h-[46px] justify-start\"><\/div>\n<div class=\"mt-3 w-full empty:hidden\">\n<div class=\"text-center\"><\/div>\n<\/div>\n<\/div>\n<\/div>\n<\/article>\n<\/div>\n<div class=\"pointer-events-none h-px w-px absolute bottom-0\" aria-hidden=\"true\" data-edge=\"true\"><\/div>\n<\/div>\n<\/div>\n<\/div>\n<\/div>\n<\/article>\n<\/div>\n<div class=\"pointer-events-none h-px w-px absolute bottom-0\" aria-hidden=\"true\" data-edge=\"true\"><\/div>\n","protected":false},"excerpt":{"rendered":"<p>Eigenschaften Extrem leichte Jacke Innenbeschichtung f\u00fcr besseren Tragekomfort auf der Haut \u00c4u\u00dfere wasserabweisende Behandlung (DWR) Kapuze mit integrierter Tasche zum<\/p>\n","protected":false},"featured_media":804645,"template":"","meta":{"_seopress_robots_primary_cat":"none","_seopress_titles_title":"","_seopress_titles_desc":"","_seopress_robots_index":""},"product_brand":[3614],"product_cat":[1388,974,82],"product_tag":[],"class_list":{"0":"post-804643","1":"product","2":"type-product","3":"status-publish","4":"has-post-thumbnail","6":"product_brand-crazy-de","7":"product_cat-damenbekleidung","8":"product_cat-freizeitkleidung","9":"product_cat-kleidung","10":"sws-gruppo-abb-libero-de","11":"sws-conto-ricavi-merci-rivendita-abbigliamento-de","12":"sws-gruppo-iva-iva81-de","14":"first","15":"instock","16":"sale","17":"shipping-taxable","18":"purchasable","19":"product-type-variable","20":"has-default-attributes"},"_links":{"self":[{"href":"https:\/\/lucacastelli.com\/de\/wp-json\/wp\/v2\/product\/804643","targetHints":{"allow":["GET"]}}],"collection":[{"href":"https:\/\/lucacastelli.com\/de\/wp-json\/wp\/v2\/product"}],"about":[{"href":"https:\/\/lucacastelli.com\/de\/wp-json\/wp\/v2\/types\/product"}],"wp:featuredmedia":[{"embeddable":true,"href":"https:\/\/lucacastelli.com\/de\/wp-json\/wp\/v2\/media\/804645"}],"wp:attachment":[{"href":"https:\/\/lucacastelli.com\/de\/wp-json\/wp\/v2\/media?parent=804643"}],"wp:term":[{"taxonomy":"product_brand","embeddable":true,"href":"https:\/\/lucacastelli.com\/de\/wp-json\/wp\/v2\/product_brand?post=804643"},{"taxonomy":"product_cat","embeddable":true,"href":"https:\/\/lucacastelli.com\/de\/wp-json\/wp\/v2\/product_cat?post=804643"},{"taxonomy":"product_tag","embeddable":true,"href":"https:\/\/lucacastelli.com\/de\/wp-json\/wp\/v2\/product_tag?post=804643"}],"curies":[{"name":"wp","href":"https:\/\/api.w.org\/{rel}","templated":true}]}}