{"id":804617,"date":"2026-03-16T10:32:58","date_gmt":"2026-03-16T09:32:58","guid":{"rendered":"https:\/\/lucacastelli.com\/prodotto\/crazy-jkt-oxygen\/"},"modified":"2026-03-16T10:32:58","modified_gmt":"2026-03-16T09:32:58","slug":"crazy-jkt-oxygen","status":"publish","type":"product","link":"https:\/\/lucacastelli.com\/de\/produkt\/crazy-jkt-oxygen\/","title":{"rendered":"CRAZY JKT OXYGEN"},"content":{"rendered":"<div class=\"flex flex-col text-sm pb-25\">\n<article class=\"text-token-text-primary w-full focus:outline-none [--shadow-height:45px] has-data-writing-block:pointer-events-none has-data-writing-block:-mt-(--shadow-height) has-data-writing-block:pt-(--shadow-height) [&amp;:has([data-writing-block])&gt;*]:pointer-events-auto scroll-mt-[calc(var(--header-height)+min(200px,max(70px,20svh)))]\" dir=\"auto\" tabindex=\"-1\" data-turn-id=\"request-WEB:dca93298-70f8-4659-a80a-ea8e5cc65860-17\" data-testid=\"conversation-turn-36\" data-scroll-anchor=\"true\" data-turn=\"assistant\">\n<div class=\"text-base my-auto mx-auto pb-10 [--thread-content-margin:var(--thread-content-margin-xs,calc(var(--spacing)*4))] @w-sm\/main:[--thread-content-margin:var(--thread-content-margin-sm,calc(var(--spacing)*6))] @w-lg\/main:[--thread-content-margin:var(--thread-content-margin-lg,calc(var(--spacing)*16))] px-(--thread-content-margin)\">\n<div class=\"[--thread-content-max-width:40rem] @w-lg\/main:[--thread-content-max-width:48rem] mx-auto max-w-(--thread-content-max-width) flex-1 group\/turn-messages focus-visible:outline-hidden relative flex w-full min-w-0 flex-col agent-turn\" tabindex=\"-1\">\n<div class=\"flex max-w-full flex-col gap-4 grow\">\n<div class=\"min-h-8 text-message relative flex w-full flex-col items-end gap-2 text-start break-words whitespace-normal [.text-message+&amp;]:mt-1\" dir=\"auto\" data-message-author-role=\"assistant\" data-message-id=\"ed0d4022-cf12-4c88-b976-f4d035ee0323\" data-message-model-slug=\"gpt-5-3\">\n<div class=\"flex w-full flex-col gap-1 empty:hidden\">\n<div class=\"markdown prose dark:prose-invert w-full wrap-break-word light markdown-new-styling\">\n<p data-start=\"0\" data-end=\"19\"><strong data-start=\"0\" data-end=\"19\">Eigenschaften<\/strong><\/p>\n<ul data-start=\"21\" data-end=\"266\">\n<li data-section-id=\"1nihh14\" data-start=\"21\" data-end=\"57\">\n<p data-start=\"23\" data-end=\"57\">Kapuze mit verstellbarem Schirm<\/p>\n<\/li>\n<li data-section-id=\"j0d6n0\" data-start=\"58\" data-end=\"79\">\n<p data-start=\"60\" data-end=\"79\">Reflektierende Logos<\/p>\n<\/li>\n<li data-section-id=\"eaoyi0\" data-start=\"80\" data-end=\"121\">\n<p data-start=\"82\" data-end=\"121\">Eingrifftaschen mit unsichtbaren Reissverschl\u00fcssen<\/p>\n<\/li>\n<li data-section-id=\"1p3zejq\" data-start=\"122\" data-end=\"187\">\n<p data-start=\"124\" data-end=\"187\">Durchgehender Front-Reissverschluss mit Schutzlasche<\/p>\n<\/li>\n<li data-section-id=\"1udjq6e\" data-start=\"188\" data-end=\"229\">\n<p data-start=\"190\" data-end=\"229\">Flachn\u00e4hte in Kontrastfarbe<\/p>\n<\/li>\n<li data-section-id=\"nme9hw\" data-start=\"230\" data-end=\"266\">\n<p data-start=\"232\" data-end=\"266\">Saum und \u00c4rmelb\u00fcndchen mit elastischer Einfassung<\/p>\n<\/li>\n<\/ul>\n<p data-start=\"268\" data-end=\"283\"><strong data-start=\"268\" data-end=\"283\">Beschreibung<\/strong><\/p>\n<p data-start=\"285\" data-end=\"542\">Diese Jacke verk\u00f6rpert perfekt das <strong data-start=\"337\" data-end=\"353\">Fast &amp; Light<\/strong>-Konzept: ein <strong data-start=\"363\" data-end=\"406\">hybrides, hochtechnisches und leistungsstarkes<\/strong> Kleidungsst\u00fcck, ideal f\u00fcr intensives Hiking. Das technische Design wird durch einen modernen, dynamischen und sportlichen Look erg\u00e4nzt. <\/p>\n<p data-start=\"544\" data-end=\"896\">Die <strong data-start=\"561\" data-end=\"571\">hybride<\/strong> Konstruktion optimiert Schutz und Atmungsaktivit\u00e4t. Das Aussengewebe aus extrem leichtem, wasserabweisendem <strong data-start=\"662\" data-end=\"686\">Pertex Quantum Nylon<\/strong> wird an Bel\u00fcftungszonen durch <strong data-start=\"816\" data-end=\"843\">High Performance Fleece<\/strong> erg\u00e4nzt, was die Atmungsaktivit\u00e4t verbessert. <\/p>\n<p data-start=\"898\" data-end=\"1201\">Im Inneren sorgt die innovative <strong data-start=\"934\" data-end=\"964\">Polartec Alpha-Wattierung<\/strong> f\u00fcr Komfort direkt auf der Haut. Die spezielle Struktur beg\u00fcnstigt den <strong data-start=\"1106\" data-end=\"1141\">schnellen Feuchtigkeitstransport<\/strong> und h\u00e4lt den K\u00f6rper auch bei intensiver Anstrengung trocken. <\/p>\n<p data-start=\"1203\" data-end=\"1387\" data-is-last-node=\"\" data-is-only-node=\"\">Die Materialkombination garantiert <strong data-start=\"1250\" data-end=\"1293\">Schutz, Leichtigkeit und Atmungsaktivit\u00e4t<\/strong> \u2013 ideal f\u00fcr einen sportlichen Einsatz am Berg unter verschiedenen Bedingungen.<\/p>\n<\/div>\n<\/div>\n<\/div>\n<\/div>\n<div class=\"mt-3 w-full empty:hidden\">\n<div class=\"text-center\">\n<div class=\"flex flex-col text-sm pb-25\">\n<article class=\"text-token-text-primary w-full focus:outline-none [--shadow-height:45px] has-data-writing-block:pointer-events-none has-data-writing-block:-mt-(--shadow-height) has-data-writing-block:pt-(--shadow-height) [&amp;:has([data-writing-block])&gt;*]:pointer-events-auto scroll-mt-[calc(var(--header-height)+min(200px,max(70px,20svh)))]\" dir=\"auto\" tabindex=\"-1\" data-turn-id=\"request-WEB:1bed4a84-83c6-41f3-9b56-1bead705c779-2\" data-testid=\"conversation-turn-6\" data-scroll-anchor=\"true\" data-turn=\"assistant\">\n<div class=\"text-base my-auto mx-auto pb-10 [--thread-content-margin:var(--thread-content-margin-xs,calc(var(--spacing)*4))] @w-sm\/main:[--thread-content-margin:var(--thread-content-margin-sm,calc(var(--spacing)*6))] @w-lg\/main:[--thread-content-margin:var(--thread-content-margin-lg,calc(var(--spacing)*16))] px-(--thread-content-margin)\">\n<div class=\"[--thread-content-max-width:40rem] @w-lg\/main:[--thread-content-max-width:48rem] mx-auto max-w-(--thread-content-max-width) flex-1 group\/turn-messages focus-visible:outline-hidden relative flex w-full min-w-0 flex-col agent-turn\" tabindex=\"-1\">\n<div class=\"mt-3 w-full empty:hidden\">\n<div class=\"text-center\"><\/div>\n<\/div>\n<\/div>\n<\/div>\n<\/article>\n<\/div>\n<div class=\"pointer-events-none h-px w-px absolute bottom-0\" aria-hidden=\"true\" data-edge=\"true\"><\/div>\n<\/div>\n<\/div>\n<\/div>\n<\/div>\n<\/article>\n<\/div>\n<div class=\"pointer-events-none h-px w-px absolute bottom-0\" aria-hidden=\"true\" data-edge=\"true\"><\/div>\n","protected":false},"excerpt":{"rendered":"<p>Eigenschaften Kapuze mit verstellbarem Schirm Reflektierende Logos Eingrifftaschen mit unsichtbaren Reissverschl\u00fcssen Durchgehender Front-Reissverschluss mit Schutzlasche Flachn\u00e4hte in Kontrastfarbe Saum und<\/p>\n","protected":false},"featured_media":804619,"template":"","meta":{"_seopress_robots_primary_cat":"none","_seopress_titles_title":"","_seopress_titles_desc":"","_seopress_robots_index":""},"product_brand":[3614],"product_cat":[82,974,1388],"product_tag":[],"class_list":{"0":"post-804617","1":"product","2":"type-product","3":"status-publish","4":"has-post-thumbnail","6":"product_brand-crazy-de","7":"product_cat-kleidung","8":"product_cat-freizeitkleidung","9":"product_cat-damenbekleidung","10":"sws-gruppo-abb-libero-de","11":"sws-conto-ricavi-merci-rivendita-abbigliamento-de","12":"sws-gruppo-iva-iva81-de","14":"first","15":"instock","16":"sale","17":"shipping-taxable","18":"product-type-variable","19":"has-default-attributes"},"_links":{"self":[{"href":"https:\/\/lucacastelli.com\/de\/wp-json\/wp\/v2\/product\/804617","targetHints":{"allow":["GET"]}}],"collection":[{"href":"https:\/\/lucacastelli.com\/de\/wp-json\/wp\/v2\/product"}],"about":[{"href":"https:\/\/lucacastelli.com\/de\/wp-json\/wp\/v2\/types\/product"}],"wp:featuredmedia":[{"embeddable":true,"href":"https:\/\/lucacastelli.com\/de\/wp-json\/wp\/v2\/media\/804619"}],"wp:attachment":[{"href":"https:\/\/lucacastelli.com\/de\/wp-json\/wp\/v2\/media?parent=804617"}],"wp:term":[{"taxonomy":"product_brand","embeddable":true,"href":"https:\/\/lucacastelli.com\/de\/wp-json\/wp\/v2\/product_brand?post=804617"},{"taxonomy":"product_cat","embeddable":true,"href":"https:\/\/lucacastelli.com\/de\/wp-json\/wp\/v2\/product_cat?post=804617"},{"taxonomy":"product_tag","embeddable":true,"href":"https:\/\/lucacastelli.com\/de\/wp-json\/wp\/v2\/product_tag?post=804617"}],"curies":[{"name":"wp","href":"https:\/\/api.w.org\/{rel}","templated":true}]}}