{"id":804614,"date":"2026-03-16T09:54:51","date_gmt":"2026-03-16T08:54:51","guid":{"rendered":"https:\/\/lucacastelli.com\/prodotto\/crazy-pull-oxygen-light\/"},"modified":"2026-03-16T09:54:51","modified_gmt":"2026-03-16T08:54:51","slug":"crazy-pull-oxygen-light","status":"publish","type":"product","link":"https:\/\/lucacastelli.com\/de\/produkt\/crazy-pull-oxygen-light\/","title":{"rendered":"CRAZY PULL OXYGEN LIGHT"},"content":{"rendered":"<div class=\"flex flex-col text-sm pb-25\">\n<article class=\"text-token-text-primary w-full focus:outline-none [--shadow-height:45px] has-data-writing-block:pointer-events-none has-data-writing-block:-mt-(--shadow-height) has-data-writing-block:pt-(--shadow-height) [&amp;:has([data-writing-block])&gt;*]:pointer-events-auto scroll-mt-[calc(var(--header-height)+min(200px,max(70px,20svh)))]\" dir=\"auto\" tabindex=\"-1\" data-turn-id=\"request-WEB:dca93298-70f8-4659-a80a-ea8e5cc65860-17\" data-testid=\"conversation-turn-36\" data-scroll-anchor=\"true\" data-turn=\"assistant\">\n<div class=\"text-base my-auto mx-auto pb-10 [--thread-content-margin:var(--thread-content-margin-xs,calc(var(--spacing)*4))] @w-sm\/main:[--thread-content-margin:var(--thread-content-margin-sm,calc(var(--spacing)*6))] @w-lg\/main:[--thread-content-margin:var(--thread-content-margin-lg,calc(var(--spacing)*16))] px-(--thread-content-margin)\">\n<div class=\"[--thread-content-max-width:40rem] @w-lg\/main:[--thread-content-max-width:48rem] mx-auto max-w-(--thread-content-max-width) flex-1 group\/turn-messages focus-visible:outline-hidden relative flex w-full min-w-0 flex-col agent-turn\" tabindex=\"-1\">\n<div class=\"flex max-w-full flex-col gap-4 grow\">\n<div class=\"min-h-8 text-message relative flex w-full flex-col items-end gap-2 text-start break-words whitespace-normal [.text-message+&amp;]:mt-1\" dir=\"auto\" data-message-author-role=\"assistant\" data-message-id=\"ed0d4022-cf12-4c88-b976-f4d035ee0323\" data-message-model-slug=\"gpt-5-3\">\n<div class=\"flex w-full flex-col gap-1 empty:hidden\">\n<div class=\"markdown prose dark:prose-invert w-full wrap-break-word light markdown-new-styling\"><\/div>\n<\/div>\n<\/div>\n<\/div>\n<div class=\"mt-3 w-full empty:hidden\">\n<div class=\"text-center\">\n<p data-start=\"0\" data-end=\"19\"><strong data-start=\"0\" data-end=\"19\">Eigenschaften<\/strong><\/p>\n<ul data-start=\"21\" data-end=\"279\">\n<li data-section-id=\"z739i\" data-start=\"21\" data-end=\"70\">\n<p data-start=\"23\" data-end=\"70\">Lasergeschnittene Seitentaschen mit geklebten Rei\u00dfverschl\u00fcssen<\/p>\n<\/li>\n<li data-section-id=\"nwn16f\" data-start=\"71\" data-end=\"94\">\n<p data-start=\"73\" data-end=\"94\">Interne LVS-Tasche<\/p>\n<\/li>\n<li data-section-id=\"17zx3pw\" data-start=\"95\" data-end=\"114\">\n<p data-start=\"97\" data-end=\"114\">All-over-Prints<\/p>\n<\/li>\n<li data-section-id=\"mn930q\" data-start=\"115\" data-end=\"139\">\n<p data-start=\"117\" data-end=\"139\">Daumenschlaufe<\/p>\n<\/li>\n<li data-section-id=\"114ihg5\" data-start=\"140\" data-end=\"170\">\n<p data-start=\"142\" data-end=\"170\">Reflektierender Au\u00dfendruck<\/p>\n<\/li>\n<li data-section-id=\"j0d6n0\" data-start=\"171\" data-end=\"192\">\n<p data-start=\"173\" data-end=\"192\">Reflektierende Logos<\/p>\n<\/li>\n<li data-section-id=\"1udjq6e\" data-start=\"193\" data-end=\"234\">\n<p data-start=\"195\" data-end=\"234\">Flachn\u00e4hte in Kontrastfarbe<\/p>\n<\/li>\n<li data-section-id=\"149ixh6\" data-start=\"235\" data-end=\"279\">\n<p data-start=\"237\" data-end=\"279\">Ergonomische Kapuze mit \u00d6ffnung f\u00fcr Pferdeschwanz<\/p>\n<\/li>\n<\/ul>\n<p data-start=\"281\" data-end=\"296\"><strong data-start=\"281\" data-end=\"296\">Beschreibung<\/strong><\/p>\n<p data-start=\"298\" data-end=\"515\">Technischer Pull, entwickelt f\u00fcr hochintensive Aktivit\u00e4ten. Er geh\u00f6rt zur <strong data-start=\"378\" data-end=\"388\">Oxygen<\/strong>-Familie, der <strong data-start=\"403\" data-end=\"419\">Fast &amp; Light<\/strong>-Linie der Damen-Sommerkollektion, die fortschrittliche Technik mit einem farbenfrohen und modernen Stil kombiniert. <\/p>\n<p data-start=\"517\" data-end=\"696\">Das Kleidungsst\u00fcck besteht aus <strong data-start=\"542\" data-end=\"568\">Stretch Series-Gewebe<\/strong>, ist elastisch und hochgradig atmungsaktiv, um eine hervorragende <strong data-start=\"641\" data-end=\"661\">Thermoregulation<\/strong> bei intensiver k\u00f6rperlicher Aktivit\u00e4t zu gew\u00e4hrleisten.<\/p>\n<p data-start=\"698\" data-end=\"915\" data-is-last-node=\"\" data-is-only-node=\"\">Obwohl f\u00fcr den Sommer konzipiert, beh\u00e4lt dieser Pull typische Merkmale der Alpinbekleidung bei, wie die <strong data-start=\"821\" data-end=\"844\">interne LVS-Tasche<\/strong> zur Unterbringung des Lawinenversch\u00fcttetensuchger\u00e4ts.<\/p>\n<\/div>\n<\/div>\n<\/div>\n<\/div>\n<\/article>\n<\/div>\n<div class=\"pointer-events-none h-px w-px absolute bottom-0\" aria-hidden=\"true\" data-edge=\"true\"><\/div>\n","protected":false},"excerpt":{"rendered":"<p>Eigenschaften Lasergeschnittene Seitentaschen mit geklebten Rei\u00dfverschl\u00fcssen Interne LVS-Tasche All-over-Prints Daumenschlaufe Reflektierender Au\u00dfendruck Reflektierende Logos Flachn\u00e4hte in Kontrastfarbe Ergonomische Kapuze mit<\/p>\n","protected":false},"featured_media":802820,"template":"","meta":{"_seopress_robots_primary_cat":"none","_seopress_titles_title":"","_seopress_titles_desc":"","_seopress_robots_index":""},"product_brand":[3614],"product_cat":[1388,974,82],"product_tag":[],"class_list":{"0":"post-804614","1":"product","2":"type-product","3":"status-publish","4":"has-post-thumbnail","6":"product_brand-crazy-de","7":"product_cat-damenbekleidung","8":"product_cat-freizeitkleidung","9":"product_cat-kleidung","10":"sws-gruppo-abb-libero-de","11":"sws-conto-ricavi-merci-rivendita-abbigliamento-de","12":"sws-gruppo-iva-iva81-de","14":"first","15":"instock","16":"shipping-taxable","17":"purchasable","18":"product-type-variable","19":"has-default-attributes"},"_links":{"self":[{"href":"https:\/\/lucacastelli.com\/de\/wp-json\/wp\/v2\/product\/804614","targetHints":{"allow":["GET"]}}],"collection":[{"href":"https:\/\/lucacastelli.com\/de\/wp-json\/wp\/v2\/product"}],"about":[{"href":"https:\/\/lucacastelli.com\/de\/wp-json\/wp\/v2\/types\/product"}],"wp:featuredmedia":[{"embeddable":true,"href":"https:\/\/lucacastelli.com\/de\/wp-json\/wp\/v2\/media\/802820"}],"wp:attachment":[{"href":"https:\/\/lucacastelli.com\/de\/wp-json\/wp\/v2\/media?parent=804614"}],"wp:term":[{"taxonomy":"product_brand","embeddable":true,"href":"https:\/\/lucacastelli.com\/de\/wp-json\/wp\/v2\/product_brand?post=804614"},{"taxonomy":"product_cat","embeddable":true,"href":"https:\/\/lucacastelli.com\/de\/wp-json\/wp\/v2\/product_cat?post=804614"},{"taxonomy":"product_tag","embeddable":true,"href":"https:\/\/lucacastelli.com\/de\/wp-json\/wp\/v2\/product_tag?post=804614"}],"curies":[{"name":"wp","href":"https:\/\/api.w.org\/{rel}","templated":true}]}}