{"id":804604,"date":"2026-03-16T10:01:19","date_gmt":"2026-03-16T09:01:19","guid":{"rendered":"https:\/\/lucacastelli.com\/prodotto\/crazy-pull-ionic-light\/"},"modified":"2026-03-16T10:01:19","modified_gmt":"2026-03-16T09:01:19","slug":"crazy-pull-ionic-light","status":"publish","type":"product","link":"https:\/\/lucacastelli.com\/de\/produkt\/crazy-pull-ionic-light\/","title":{"rendered":"CRAZY PULL IONIC LIGHT"},"content":{"rendered":"<div class=\"flex flex-col text-sm pb-25\">\n<article class=\"text-token-text-primary w-full focus:outline-none [--shadow-height:45px] has-data-writing-block:pointer-events-none has-data-writing-block:-mt-(--shadow-height) has-data-writing-block:pt-(--shadow-height) [&amp;:has([data-writing-block])&gt;*]:pointer-events-auto scroll-mt-[calc(var(--header-height)+min(200px,max(70px,20svh)))]\" dir=\"auto\" tabindex=\"-1\" data-turn-id=\"request-WEB:dca93298-70f8-4659-a80a-ea8e5cc65860-17\" data-testid=\"conversation-turn-36\" data-scroll-anchor=\"true\" data-turn=\"assistant\">\n<div class=\"text-base my-auto mx-auto pb-10 [--thread-content-margin:var(--thread-content-margin-xs,calc(var(--spacing)*4))] @w-sm\/main:[--thread-content-margin:var(--thread-content-margin-sm,calc(var(--spacing)*6))] @w-lg\/main:[--thread-content-margin:var(--thread-content-margin-lg,calc(var(--spacing)*16))] px-(--thread-content-margin)\">\n<div class=\"[--thread-content-max-width:40rem] @w-lg\/main:[--thread-content-max-width:48rem] mx-auto max-w-(--thread-content-max-width) flex-1 group\/turn-messages focus-visible:outline-hidden relative flex w-full min-w-0 flex-col agent-turn\" tabindex=\"-1\">\n<div class=\"flex max-w-full flex-col gap-4 grow\">\n<div class=\"min-h-8 text-message relative flex w-full flex-col items-end gap-2 text-start break-words whitespace-normal [.text-message+&amp;]:mt-1\" dir=\"auto\" data-message-author-role=\"assistant\" data-message-id=\"ed0d4022-cf12-4c88-b976-f4d035ee0323\" data-message-model-slug=\"gpt-5-3\">\n<div class=\"flex w-full flex-col gap-1 empty:hidden\">\n<div class=\"markdown prose dark:prose-invert w-full wrap-break-word light markdown-new-styling\"><\/div>\n<\/div>\n<\/div>\n<\/div>\n<div class=\"mt-3 w-full empty:hidden\">\n<div class=\"text-center\">\n<p data-start=\"0\" data-end=\"19\"><strong data-start=\"0\" data-end=\"19\">Eigenschaften<\/strong><\/p>\n<ul data-start=\"21\" data-end=\"267\">\n<li data-section-id=\"14s42v\" data-start=\"21\" data-end=\"62\">\n<p data-start=\"23\" data-end=\"62\">Handtaschen mit Rei\u00dfverschluss<\/p>\n<\/li>\n<li data-section-id=\"11wr0k8\" data-start=\"63\" data-end=\"91\">\n<p data-start=\"65\" data-end=\"91\">Saum mit elastischem Rand<\/p>\n<\/li>\n<li data-section-id=\"j0d6n0\" data-start=\"92\" data-end=\"113\">\n<p data-start=\"94\" data-end=\"113\">Reflektierende Logos<\/p>\n<\/li>\n<li data-section-id=\"1udjq6e\" data-start=\"114\" data-end=\"155\">\n<p data-start=\"116\" data-end=\"155\">Flachn\u00e4hte in Kontrastfarbe<\/p>\n<\/li>\n<li data-section-id=\"149ixh6\" data-start=\"156\" data-end=\"200\">\n<p data-start=\"158\" data-end=\"200\">Ergonomische Kapuze mit \u00d6ffnung f\u00fcr Pferdeschwanz<\/p>\n<\/li>\n<li data-section-id=\"10yifua\" data-start=\"201\" data-end=\"242\">\n<p data-start=\"203\" data-end=\"242\">Durchgehend teilbarer Frontrei\u00dfverschluss<\/p>\n<\/li>\n<li data-section-id=\"mn930q\" data-start=\"243\" data-end=\"267\">\n<p data-start=\"245\" data-end=\"267\">Daumenschlaufe<\/p>\n<\/li>\n<\/ul>\n<p data-start=\"269\" data-end=\"284\"><strong data-start=\"269\" data-end=\"284\">Beschreibung<\/strong><\/p>\n<p data-start=\"286\" data-end=\"472\">Der <strong data-start=\"289\" data-end=\"303\">Pull Ionic<\/strong> ist eines der beliebtesten Teile der Sommerkollektion. Es handelt sich um eine <strong data-start=\"375\" data-end=\"398\">vielseitige Zwischenschicht<\/strong>, entwickelt f\u00fcr Trekking und Outdoor-Aktivit\u00e4ten mittlerer Intensit\u00e4t. <\/p>\n<p data-start=\"474\" data-end=\"684\">Sein <strong data-start=\"481\" data-end=\"510\">modernes und dynamisches Design<\/strong> macht ihn auch aus \u00e4sthetischer Sicht besonders attraktiv: Die geschwungenen Linien betonen die Passform und verleihen dem Kleidungsst\u00fcck einen sportlichen und zeitgem\u00e4\u00dfen Stil.<\/p>\n<p data-start=\"686\" data-end=\"1049\" data-is-last-node=\"\" data-is-only-node=\"\">Er ist vollst\u00e4ndig aus <strong data-start=\"714\" data-end=\"737\">High Performance 3D<\/strong> gefertigt, einem bew\u00e4hrten technischen Fleece, das dank der speziellen dreidimensionalen <strong data-start=\"854\" data-end=\"868\">Wabenstruktur<\/strong> die <strong data-start=\"785\" data-end=\"802\">Atmungsaktivit\u00e4t<\/strong> f\u00f6rdert. Diese Struktur erm\u00f6glicht ein optimales Feuchtigkeitsmanagement und macht das Kleidungsst\u00fcck ideal als <strong data-start=\"959\" data-end=\"980\">Zwischenschicht<\/strong> f\u00fcr Temperaturschwankungen bei Outdoor-Aktivit\u00e4ten. <\/p>\n<\/div>\n<\/div>\n<\/div>\n<\/div>\n<\/article>\n<\/div>\n<div class=\"pointer-events-none h-px w-px absolute bottom-0\" aria-hidden=\"true\" data-edge=\"true\"><\/div>\n","protected":false},"excerpt":{"rendered":"<p>Eigenschaften Handtaschen mit Rei\u00dfverschluss Saum mit elastischem Rand Reflektierende Logos Flachn\u00e4hte in Kontrastfarbe Ergonomische Kapuze mit \u00d6ffnung f\u00fcr Pferdeschwanz Durchgehend<\/p>\n","protected":false},"featured_media":802830,"template":"","meta":{"_seopress_robots_primary_cat":"none","_seopress_titles_title":"","_seopress_titles_desc":"","_seopress_robots_index":""},"product_brand":[3413],"product_cat":[21,189,200],"product_tag":[],"class_list":{"0":"post-804604","1":"product","2":"type-product","3":"status-publish","4":"has-post-thumbnail","6":"product_brand-crazy","7":"product_cat-abbigliamento","8":"product_cat-abbigliamento-per-il-tempo-libero","9":"product_cat-abbigliamento-da-donna","10":"sws-gruppo-abb-libero-de","11":"sws-conto-ricavi-merci-rivendita-abbigliamento-de","12":"sws-gruppo-iva-iva81-de","14":"first","15":"instock","16":"shipping-taxable","17":"purchasable","18":"product-type-variable","19":"has-default-attributes"},"_links":{"self":[{"href":"https:\/\/lucacastelli.com\/de\/wp-json\/wp\/v2\/product\/804604","targetHints":{"allow":["GET"]}}],"collection":[{"href":"https:\/\/lucacastelli.com\/de\/wp-json\/wp\/v2\/product"}],"about":[{"href":"https:\/\/lucacastelli.com\/de\/wp-json\/wp\/v2\/types\/product"}],"wp:featuredmedia":[{"embeddable":true,"href":"https:\/\/lucacastelli.com\/de\/wp-json\/wp\/v2\/media\/802830"}],"wp:attachment":[{"href":"https:\/\/lucacastelli.com\/de\/wp-json\/wp\/v2\/media?parent=804604"}],"wp:term":[{"taxonomy":"product_brand","embeddable":true,"href":"https:\/\/lucacastelli.com\/de\/wp-json\/wp\/v2\/product_brand?post=804604"},{"taxonomy":"product_cat","embeddable":true,"href":"https:\/\/lucacastelli.com\/de\/wp-json\/wp\/v2\/product_cat?post=804604"},{"taxonomy":"product_tag","embeddable":true,"href":"https:\/\/lucacastelli.com\/de\/wp-json\/wp\/v2\/product_tag?post=804604"}],"curies":[{"name":"wp","href":"https:\/\/api.w.org\/{rel}","templated":true}]}}