{"id":804389,"date":"2026-03-16T15:11:13","date_gmt":"2026-03-16T14:11:13","guid":{"rendered":"https:\/\/lucacastelli.com\/?post_type=product&#038;p=804389"},"modified":"2026-03-16T16:32:56","modified_gmt":"2026-03-16T15:32:56","slug":"pfanner-ventilation-schutzhose-rot-copia-copia-copia-copia-copia","status":"publish","type":"product","link":"https:\/\/lucacastelli.com\/de\/produkt\/pfanner-ventilation-schutzhose-rot-copia-copia-copia-copia-copia\/","title":{"rendered":"PFANNER Ventilation Schutzhose schwarz-rosa"},"content":{"rendered":"<p>Die leichte Schnittschutzhose mit Ventilation Typ A bietet optimale Leistung bei allen Witterungsbedingungen, von feucht-kalt bis trocken-warm, dank des KlimaAIR\u00ae-Regulators. Der Schnittschutz Avertic Engtex Pro Klasse 1 (20 m\/s) garantiert h\u00f6chste Sicherheit und optimalen Tragekomfort. Das rei\u00dffeste Gladiator\u00ae-Au\u00dfenmaterial an Vorder- und Unterseite gew\u00e4hrleistet die Langlebigkeit der ventilierten Schnittschutzhose. Die orangefarbene Version erf\u00fcllt zudem die Warnschutzklasse EN 20471 Klasse 2.<br \/>\n-Die leichte Version f\u00fcr jeden Einsatz<br \/>\n-KlimaAIR\u00ae-Thermoregulator im Bundbereich<br \/>\n-StretchAIR\u00ae-Technologie<br \/>\n-Abnehmbare Gamaschen<br \/>\n-Rei\u00dffestes Gladiator\u00ae-Au\u00dfenmaterial<br \/>\n-Vorgeformte Knieverst\u00e4rkung<br \/>\n-Innenfutter aus technischer Faser<br \/>\n-Dyneema-Schnittschutz Klasse 1<br \/>\n-Reflektierende Streifen<br \/>\n-Orangefarbene Version: EN 20471 Klasse 2   <\/p>\n<p>&nbsp;<\/p>\n<p>Material:<br \/>\nVorderseite: 100 % Polyamid Gladiator\u00ae<br \/>\nStretchgewebe: 92 % Polyamid, 8 % Elastan<br \/>\nStretchgewebe orange: 83 % EME-Lycra, 17 % Polyester T-400<br \/>\nFutter: 100 % Polyester Cocona<br \/>\nSchnittschutz: Avertic Engtex Pro+ (Klasse 1, 20 m\/s)<br \/>\nNormen:<br \/>\nEN 11393-2 Klasse 1 \/ Typ A<br \/>\nEN 20471 Klasse 2 (nur orangefarbene Version)<\/p>\n<p>&nbsp;<\/p>\n<p>&nbsp;<\/p>\n","protected":false},"excerpt":{"rendered":"<p>Die leichte Schnittschutzhose mit Ventilation Typ A bietet optimale Leistung bei allen Witterungsbedingungen, von feucht-kalt bis trocken-warm, dank des KlimaAIR\u00ae-Regulators.<\/p>\n","protected":false},"featured_media":804545,"template":"","meta":{"_seopress_robots_primary_cat":"none","_seopress_titles_title":"","_seopress_titles_desc":"","_seopress_robots_index":""},"product_brand":[3670],"product_cat":[1382,82],"product_tag":[],"class_list":{"0":"post-804389","1":"product","2":"type-product","3":"status-publish","4":"has-post-thumbnail","6":"product_brand-pfanner-de","7":"product_cat-arbeitskleidung","8":"product_cat-kleidung","9":"sws-gruppo-abb-libero-de","10":"sws-conto-ricavi-merci-rivendita-abbigliamento-de","11":"sws-gruppo-iva-iva81-de","13":"first","14":"instock","15":"shipping-taxable","16":"purchasable","17":"product-type-variable","18":"has-default-attributes"},"_links":{"self":[{"href":"https:\/\/lucacastelli.com\/de\/wp-json\/wp\/v2\/product\/804389","targetHints":{"allow":["GET"]}}],"collection":[{"href":"https:\/\/lucacastelli.com\/de\/wp-json\/wp\/v2\/product"}],"about":[{"href":"https:\/\/lucacastelli.com\/de\/wp-json\/wp\/v2\/types\/product"}],"wp:featuredmedia":[{"embeddable":true,"href":"https:\/\/lucacastelli.com\/de\/wp-json\/wp\/v2\/media\/804545"}],"wp:attachment":[{"href":"https:\/\/lucacastelli.com\/de\/wp-json\/wp\/v2\/media?parent=804389"}],"wp:term":[{"taxonomy":"product_brand","embeddable":true,"href":"https:\/\/lucacastelli.com\/de\/wp-json\/wp\/v2\/product_brand?post=804389"},{"taxonomy":"product_cat","embeddable":true,"href":"https:\/\/lucacastelli.com\/de\/wp-json\/wp\/v2\/product_cat?post=804389"},{"taxonomy":"product_tag","embeddable":true,"href":"https:\/\/lucacastelli.com\/de\/wp-json\/wp\/v2\/product_tag?post=804389"}],"curies":[{"name":"wp","href":"https:\/\/api.w.org\/{rel}","templated":true}]}}