{"id":803645,"date":"2026-03-16T13:54:31","date_gmt":"2026-03-16T12:54:31","guid":{"rendered":"https:\/\/lucacastelli.com\/?post_type=product&#038;p=803645"},"modified":"2026-03-16T16:37:43","modified_gmt":"2026-03-16T15:37:43","slug":"pfanner-ventilation-schutzhose-rot-copia-copia","status":"publish","type":"product","link":"https:\/\/lucacastelli.com\/de\/produkt\/pfanner-ventilation-schutzhose-rot-copia-copia\/","title":{"rendered":"PFANNER Ventilation Schnittschutzhose grau"},"content":{"rendered":"<p>Die leichte Schnittschutzhose Ventilation Typ A bietet dank KlimaAIR\u00ae Regulator optimale Performance bei jeder Witterung, von feuchtkalt bis trockenheiss. Der Avertic Engtex Pro Schnittschutz der Klasse 1 (20 m\/s) garantiert h\u00f6chste Sicherheit und optimalen Tragekomfort. Der reissfeste Gladiator\u00ae Oberstoff an der Vorder- und Unterseite sorgt f\u00fcr die Langlebigkeit der bel\u00fcfteten Schnittschutzhose. Die orangefarbene Ausf\u00fchrung entspricht zudem der Warnschutzklasse EN 20471 Klasse 2.<br \/>\n-Die leichte Ausf\u00fchrung f\u00fcr jeden Einsatz<br \/>\n-KlimaAIR\u00ae Thermoregulator im Bundbereich<br \/>\n-StretchAIR\u00ae Technologie<br \/>\n-Herausnehmbare Gamaschen<br \/>\n-Reissfester Gladiator\u00ae Oberstoff<br \/>\n-Vorgeformte Knieverst\u00e4rkung<br \/>\n-Innenfutter aus Funktionsfaser<br \/>\n-Dyneema Schnittschutz Klasse 1<br \/>\n-Reflexstreifen<br \/>\n-Orangefarbene Ausf\u00fchrung: EN 20471 Klasse 2   <\/p>\n<p>&nbsp;<\/p>\n<p>Material:<br \/>\nVorderseite: 100% Polyamid Gladiator\u00ae<br \/>\nStretchgewebe: 92% Polyamid, 8% Elasthan<br \/>\nStretchgewebe orange: 83% EME-Lycra, 17% Polyester T-400<br \/>\nFutter: 100% Polyester Cocona<br \/>\nSchnittschutz: Avertic Engtex Pro+ (Klasse 1, 20 m\/s)<br \/>\nNormen:<br \/>\nEN 11393-2 Klasse 1 \/ Typ A<br \/>\nEN 20471 Klasse 2 (nur orangefarbene Ausf\u00fchrung)<\/p>\n<p>&nbsp;<\/p>\n<p>&nbsp;<\/p>\n","protected":false},"excerpt":{"rendered":"<p>Die leichte Schnittschutzhose Ventilation Typ A bietet dank KlimaAIR\u00ae Regulator optimale Performance bei jeder Witterung, von feuchtkalt bis trockenheiss. Der<\/p>\n","protected":false},"featured_media":803770,"template":"","meta":{"_seopress_robots_primary_cat":"none","_seopress_titles_title":"","_seopress_titles_desc":"","_seopress_robots_index":""},"product_brand":[3670],"product_cat":[1382,82],"product_tag":[],"class_list":{"0":"post-803645","1":"product","2":"type-product","3":"status-publish","4":"has-post-thumbnail","6":"product_brand-pfanner-de","7":"product_cat-arbeitskleidung","8":"product_cat-kleidung","9":"sws-gruppo-abb-libero-de","10":"sws-conto-ricavi-merci-rivendita-abbigliamento-de","11":"sws-gruppo-iva-iva81-de","13":"first","14":"instock","15":"shipping-taxable","16":"purchasable","17":"product-type-variable","18":"has-default-attributes"},"_links":{"self":[{"href":"https:\/\/lucacastelli.com\/de\/wp-json\/wp\/v2\/product\/803645","targetHints":{"allow":["GET"]}}],"collection":[{"href":"https:\/\/lucacastelli.com\/de\/wp-json\/wp\/v2\/product"}],"about":[{"href":"https:\/\/lucacastelli.com\/de\/wp-json\/wp\/v2\/types\/product"}],"wp:featuredmedia":[{"embeddable":true,"href":"https:\/\/lucacastelli.com\/de\/wp-json\/wp\/v2\/media\/803770"}],"wp:attachment":[{"href":"https:\/\/lucacastelli.com\/de\/wp-json\/wp\/v2\/media?parent=803645"}],"wp:term":[{"taxonomy":"product_brand","embeddable":true,"href":"https:\/\/lucacastelli.com\/de\/wp-json\/wp\/v2\/product_brand?post=803645"},{"taxonomy":"product_cat","embeddable":true,"href":"https:\/\/lucacastelli.com\/de\/wp-json\/wp\/v2\/product_cat?post=803645"},{"taxonomy":"product_tag","embeddable":true,"href":"https:\/\/lucacastelli.com\/de\/wp-json\/wp\/v2\/product_tag?post=803645"}],"curies":[{"name":"wp","href":"https:\/\/api.w.org\/{rel}","templated":true}]}}