{"id":801793,"date":"2026-03-15T15:57:31","date_gmt":"2026-03-15T14:57:31","guid":{"rendered":"https:\/\/lucacastelli.com\/prodotto\/haix-fire-hero-3-1\/"},"modified":"2026-03-15T15:57:31","modified_gmt":"2026-03-15T14:57:31","slug":"haix-fire-hero-3-1","status":"publish","type":"product","link":"https:\/\/lucacastelli.com\/de\/produkt\/haix-fire-hero-3-1\/","title":{"rendered":"HAIX FIRE HERO 3.1"},"content":{"rendered":"<p>Obermaterial: Waterproofleder, hydrophobiert, atmungsaktiv Schnittschutz: Schnittschutz nach Klasse 2 (24m\/sec., Kettens\u00e4gegeschwindigkeit) Innenfutter: CROSSTECH\u00ae Laminat Technology; wasserdicht und atmungsaktiv. Abriebfester Futterstoff mit optimalem Klimakomfort f\u00fcr alle Jahreszeiten, insbesondere f\u00fcr flexiblen Wechseleinsatz im Innen- und Aussenbereich. Hervorragender Penetrationsschutz gegen Blut und andere K\u00f6rperfl\u00fcssigkeiten (Schutz gegen daraus resultierende Viren und Bakterien). Erh\u00f6hter Chemikalienschutz. HAIX\u00ae HD Cap System: TPU-Kappe mit Spezialprofil f\u00fcr l\u00e4ngere Lebensdauer. Vliesbrandsohle: Feuchtigkeit absorbierende Vliesbrandsohle. HAIX\u00ae Composite Schutzkappe: Anatomisch geformte, ultraleichte Schutzkappe aus faserverst\u00e4rktem Kunststoff f\u00fcr h\u00f6chste Sicherheitsanforderungen. Einlage: Komfortabel, d\u00e4mpfend, feuchtigkeitsableitend. Separate Fersenschale sorgt f\u00fcr gute D\u00e4mpfung und Fussf\u00fchrung. \u201eAIRFLOW\u201c Kan\u00e4le, \u201ePerfect-Fit\u201c Markierung f\u00fcr eine optimale \u00dcberpr\u00fcfung der korrekten Schuhgr\u00f6sse. Durchtritthemmende Sohle: Flexible, leichte, durchtritthemmende, metallische Sohleneinlage. Sohle: Extrem rutschfeste Gummiprofilsohle. Optimiert f\u00fcr Eins\u00e4tze im Wasser. Erf\u00fcllt die h\u00f6chsten Anforderungen EN 15090:2012 + SRC. HAIX\u00ae Climate System: Das HAIX Climate System nutzt die Pumpbewegung, die beim Gehen entsteht und transportiert Feuchtigkeit zu den Ventilations\u00f6ffnungen an Schaft und Zunge. HAIX\u00ae MSL System: MicroSoftLight: Sehr gute D\u00e4mpfung, durch den PU-Schaum im gesamten Sohlenbereich extreme Gewichtseinsparung, sowie gute K\u00e4lte- bzw. Hitzeisolation. HAIX\u00ae Vario Wide Fit System: Durch 3 verschiedene Einlegesohlen kann der Schuh in der Weite individuell angepasst werden. Die rote Einlage (medium) wird mit dem Schuh geliefert. Eine Einlegesohle in Gelb (wide) und Blau (narrow) muss separat bestellt werden. HAIX\u00ae Fast Lacing Fit System: Patentiertes Zwei-Zonen-Schn\u00fcrsystem f\u00fcr schnelle, optimale Anpassung und Passform des Stiefels. Der integrierte Ristprotector bietet zus\u00e4tzlichen Schutz. HAIX\u00ae 3Z Protector System: Sicherheitsprotektoren sch\u00fctzen vor Verletzungen im Schienbein-, Rist- und Kn\u00f6chelbereich. Sun Reflect: Reduziert den Aufheizeffekt des Oberleders durch Sonneneinstrahlung. Sonnenlicht wird vom Leder reflektiert, damit wird weniger W\u00e4rme zum Fuss geleitet. HAIX\u00ae Identification System: Namensfeld, zur Stiefelkennzeichnung. Sonstiges: Seitliche Reflexstreifen, Anziehschlaufen, Boot Jack, RFID Ready                          <\/p>\n<p>Der sicherste Feuerwehrschuh der Welt: Ihr zuverl\u00e4ssiger Fire Hero 3.0<\/p>\n<p>RAPIDFIT System<br \/>\nLeder<br \/>\nWasserdicht dank CROSSTECH\u00ae<\/p>\n","protected":false},"excerpt":{"rendered":"<p>Obermaterial: Waterproofleder, hydrophobiert, atmungsaktiv Schnittschutz: Schnittschutz nach Klasse 2 (24m\/sec., Kettens\u00e4gegeschwindigkeit) Innenfutter: CROSSTECH\u00ae Laminat Technology; wasserdicht und atmungsaktiv. Abriebfester Futterstoff<\/p>\n","protected":false},"featured_media":792545,"template":"","meta":{"_seopress_robots_primary_cat":"","_seopress_titles_title":"","_seopress_titles_desc":"","_seopress_robots_index":""},"product_brand":[3640],"product_cat":[1424,175],"product_tag":[],"class_list":{"0":"post-801793","1":"product","2":"type-product","3":"status-publish","4":"has-post-thumbnail","6":"product_brand-haix-de","7":"product_cat-arbeitsschuhe","8":"product_cat-schuhe","9":"sws-gruppo-abb-libero-de","10":"sws-conto-ricavi-merci-rivendita-abbigliamento-de","11":"sws-gruppo-iva-iva81-de","13":"first","14":"instock","15":"shipping-taxable","16":"purchasable","17":"product-type-variable","18":"has-default-attributes"},"_links":{"self":[{"href":"https:\/\/lucacastelli.com\/de\/wp-json\/wp\/v2\/product\/801793","targetHints":{"allow":["GET"]}}],"collection":[{"href":"https:\/\/lucacastelli.com\/de\/wp-json\/wp\/v2\/product"}],"about":[{"href":"https:\/\/lucacastelli.com\/de\/wp-json\/wp\/v2\/types\/product"}],"wp:featuredmedia":[{"embeddable":true,"href":"https:\/\/lucacastelli.com\/de\/wp-json\/wp\/v2\/media\/792545"}],"wp:attachment":[{"href":"https:\/\/lucacastelli.com\/de\/wp-json\/wp\/v2\/media?parent=801793"}],"wp:term":[{"taxonomy":"product_brand","embeddable":true,"href":"https:\/\/lucacastelli.com\/de\/wp-json\/wp\/v2\/product_brand?post=801793"},{"taxonomy":"product_cat","embeddable":true,"href":"https:\/\/lucacastelli.com\/de\/wp-json\/wp\/v2\/product_cat?post=801793"},{"taxonomy":"product_tag","embeddable":true,"href":"https:\/\/lucacastelli.com\/de\/wp-json\/wp\/v2\/product_tag?post=801793"}],"curies":[{"name":"wp","href":"https:\/\/api.w.org\/{rel}","templated":true}]}}