{"id":801668,"date":"2026-03-15T16:33:14","date_gmt":"2026-03-15T15:33:14","guid":{"rendered":"https:\/\/lucacastelli.com\/prodotto\/haix-fire-flash-gamma-2-0\/"},"modified":"2026-03-15T16:33:14","modified_gmt":"2026-03-15T15:33:14","slug":"haix-fire-flash-gamma-2-0","status":"publish","type":"product","link":"https:\/\/lucacastelli.com\/de\/produkt\/haix-fire-flash-gamma-2-0\/","title":{"rendered":"HAIX FIRE FLASH Gamma 2.0"},"content":{"rendered":"<p>Obermaterial: Waterproofleder, hydrophobiert, atmungsaktiv (5,0 mg\/cm\u00b2\/h), 2,5 \u2013 2,7 mm dick. Schnittschutz: Schnittschutz nach Klasse 2 (24 m\/sec., Kettens\u00e4gegeschwindigkeit). Innenfutter: GORE-TEX Performance; wasserdicht und atmungsaktiv. Hoch abriebfester Futterstoff mit Vlieszwischenlage. Optimaler Klimakomfort f\u00fcr alle Jahreszeiten bei h\u00f6chsten Beanspruchungen. Erh\u00f6hter Chemikalienschutz. Vliesbrandsohle: Feuchtigkeit absorbierende Vliesbrandsohle. Fussbett: Anatomisch geformte Einlegesohle mit sehr guter Feuchtigkeitsaufnahme und schneller R\u00fccktrocknung, auswechselbar, waschbar. HAIX\u00ae Protective steel toe cap: Anatomisch geformte und gepolsterte Schutzkappe in breiter Ausf\u00fchrung. HAIX\u00ae Protective sole: Flexible, leichte, durchtritthemmende metallische Sohleneinlage. Sohle: Ausgesch\u00e4umte und hoch abriebfeste Gummischalensohle mit Strassen-\/Gel\u00e4ndeprofil, hoher Temperaturbest\u00e4ndigkeit und gutem Abrollkomfort. Leiterstegprofilierung mit ausgepr\u00e4gter Absatzfront. Kraftstoffbest\u00e4ndig, nicht kreidend. Gem\u00e4ss EN ISO 20345:2011 \/ EN 15090:2012. HAIX\u00ae Climate System: Das HAIX\u00ae Climate System nutzt die Pumpbewegung, die beim Gehen entsteht und transportiert Feuchtigkeit zu den Ventilations\u00f6ffnungen an Schaft und Zunge. HAIX\u00ae Schn\u00fcrsystem: Patentiertes Schn\u00fcr-\/Reissverschlusssystem mit innenliegendem \u00fcberkreuzenden Schuhband zur Verringerung der Einh\u00e4ngegefahr. HAIX\u00ae MSL System: MicroSoftLight: Verbesserte D\u00e4mpfung. Durch den PU-Schaum im gesamten Sohlenbereich extreme Gewichtseinsparung sowie gute K\u00e4lte- bzw. Hitzeisolation. Sun Reflect: Reduziert den Aufheizeffekt des Oberleders durch Sonneneinstrahlung. Sonnenlicht wird vom Leder reflektiert, damit wird weniger W\u00e4rme zum Fuss geleitet. Sonstiges: Lederschlaufe am Reissverschluss, verbesserte Ausreissverst\u00e4rkung am Reissverschluss, Reissverschluss-Abdeckung, Reissverschlussfixierung: HAIX\u00ae EasyZip (auswechselbar), r\u00fcckseitige Anziehschlaufe, NOMEX\u00ae Schn\u00fcrsenkel, Schn\u00fcrsenkelfixierung und Anziehschlaufe, Reflexstreifen, Gummi\u00fcberkappe, Fersenbeuge und Beugeeinsatz im Ristbereich.                     <\/p>\n<p>Langlebiger Begleiter f\u00fcr jeden Einsatz: Der Fire Flash Gamma 2.0 mit Reissverschluss und Schnittschutz<\/p>\n<p>Reissverschluss\/Schn\u00fcrung<br \/>\nLeder<br \/>\nwasserdicht dank GORE-TEX\u00ae<\/p>\n","protected":false},"excerpt":{"rendered":"<p>Obermaterial: Waterproofleder, hydrophobiert, atmungsaktiv (5,0 mg\/cm\u00b2\/h), 2,5 \u2013 2,7 mm dick. Schnittschutz: Schnittschutz nach Klasse 2 (24 m\/sec., Kettens\u00e4gegeschwindigkeit). Innenfutter:<\/p>\n","protected":false},"featured_media":792529,"template":"","meta":{"_seopress_robots_primary_cat":"","_seopress_titles_title":"","_seopress_titles_desc":"","_seopress_robots_index":""},"product_brand":[3640],"product_cat":[1424,175],"product_tag":[],"class_list":{"0":"post-801668","1":"product","2":"type-product","3":"status-publish","4":"has-post-thumbnail","6":"product_brand-haix-de","7":"product_cat-arbeitsschuhe","8":"product_cat-schuhe","9":"sws-gruppo-abb-libero-de","10":"sws-conto-ricavi-merci-rivendita-abbigliamento-de","11":"sws-gruppo-iva-iva81-de","13":"first","14":"instock","15":"shipping-taxable","16":"purchasable","17":"product-type-variable","18":"has-default-attributes"},"_links":{"self":[{"href":"https:\/\/lucacastelli.com\/de\/wp-json\/wp\/v2\/product\/801668","targetHints":{"allow":["GET"]}}],"collection":[{"href":"https:\/\/lucacastelli.com\/de\/wp-json\/wp\/v2\/product"}],"about":[{"href":"https:\/\/lucacastelli.com\/de\/wp-json\/wp\/v2\/types\/product"}],"wp:featuredmedia":[{"embeddable":true,"href":"https:\/\/lucacastelli.com\/de\/wp-json\/wp\/v2\/media\/792529"}],"wp:attachment":[{"href":"https:\/\/lucacastelli.com\/de\/wp-json\/wp\/v2\/media?parent=801668"}],"wp:term":[{"taxonomy":"product_brand","embeddable":true,"href":"https:\/\/lucacastelli.com\/de\/wp-json\/wp\/v2\/product_brand?post=801668"},{"taxonomy":"product_cat","embeddable":true,"href":"https:\/\/lucacastelli.com\/de\/wp-json\/wp\/v2\/product_cat?post=801668"},{"taxonomy":"product_tag","embeddable":true,"href":"https:\/\/lucacastelli.com\/de\/wp-json\/wp\/v2\/product_tag?post=801668"}],"curies":[{"name":"wp","href":"https:\/\/api.w.org\/{rel}","templated":true}]}}