{"id":801659,"date":"2026-03-15T12:30:10","date_gmt":"2026-03-15T11:30:10","guid":{"rendered":"https:\/\/lucacastelli.com\/prodotto\/pull-wonder-magic-light-6\/"},"modified":"2026-03-15T12:30:10","modified_gmt":"2026-03-15T11:30:10","slug":"pull-wonder-magic-light-6","status":"publish","type":"product","link":"https:\/\/lucacastelli.com\/de\/produkt\/pull-wonder-magic-light-6\/","title":{"rendered":"PULL WONDER MAGIC LIGHT"},"content":{"rendered":"<p data-start=\"153\" data-end=\"322\"><strong data-start=\"153\" data-end=\"164\">KONZEPT<\/strong><br data-start=\"164\" data-end=\"167\">\u2022 Durchgehender Front-Reissverschluss<br data-start=\"206\" data-end=\"209\">\u2022 Seitentaschen mit Reissverschluss<br data-start=\"248\" data-end=\"251\">\u2022 All-over-Prints<br data-start=\"268\" data-end=\"271\">\u2022 \u00dcberlappende Seiteneins\u00e4tze mit geklebtem Saum<\/p>\n<p data-start=\"324\" data-end=\"496\"><strong data-start=\"324\" data-end=\"348\">PRODUKTBESCHREIBUNG<\/strong><br data-start=\"348\" data-end=\"351\">Der <strong data-start=\"354\" data-end=\"375\">Pull Wonder Magic<\/strong> ist ein ikonisches Kleidungsst\u00fcck in der Outdoor-Welt, erkennbar an seinem einzigartigen Stil aus <strong data-start=\"459\" data-end=\"493\">Farbe, Mustern und Pers\u00f6nlichkeit<\/strong>.<\/p>\n<p data-start=\"498\" data-end=\"646\">Sein dynamischer und moderner Look wird jede Saison mit <strong data-start=\"558\" data-end=\"590\">lebendigen und ansprechenden Prints<\/strong> erneuert, die dieses Kleidungsst\u00fcck stets aktuell und unverwechselbar machen.<\/p>\n<p data-start=\"648\" data-end=\"801\">Hergestellt aus <strong data-start=\"662\" data-end=\"705\">unglaublich weichem Funktionsgewebe<\/strong>, garantiert es Komfort und Bewegungsfreiheit bei t\u00e4glichen Aktivit\u00e4ten und in der Freizeit.<\/p>\n<p data-start=\"803\" data-end=\"1024\">Um Passform und Atmungsaktivit\u00e4t weiter zu verbessern, wurde ein <strong data-start=\"888\" data-end=\"940\">Seiteneinsatz aus leichterem Funktionsgewebe<\/strong> eingearbeitet, der zudem zu einer <strong data-start=\"977\" data-end=\"1023\">feminineren und optisch taillierten Passform<\/strong> beitr\u00e4gt.<\/p>\n","protected":false},"excerpt":{"rendered":"<p>KONZEPT\u2022 Durchgehender Front-Reissverschluss\u2022 Seitentaschen mit Reissverschluss\u2022 All-over-Prints\u2022 \u00dcberlappende Seiteneins\u00e4tze mit geklebtem Saum PRODUKTBESCHREIBUNGDer Pull Wonder Magic ist ein ikonisches Kleidungsst\u00fcck<\/p>\n","protected":false},"featured_media":801660,"template":"","meta":{"_seopress_robots_primary_cat":"none","_seopress_titles_title":"","_seopress_titles_desc":"","_seopress_robots_index":""},"product_brand":[3614],"product_cat":[1388,974,82],"product_tag":[],"class_list":{"0":"post-801659","1":"product","2":"type-product","3":"status-publish","4":"has-post-thumbnail","6":"product_brand-crazy-de","7":"product_cat-damenbekleidung","8":"product_cat-freizeitkleidung","9":"product_cat-kleidung","10":"sws-gruppo-abb-libero-de","11":"sws-conto-ricavi-merci-rivendita-abbigliamento-de","12":"sws-gruppo-iva-iva81-de","14":"first","15":"instock","16":"sale","17":"shipping-taxable","18":"purchasable","19":"product-type-variable"},"_links":{"self":[{"href":"https:\/\/lucacastelli.com\/de\/wp-json\/wp\/v2\/product\/801659","targetHints":{"allow":["GET"]}}],"collection":[{"href":"https:\/\/lucacastelli.com\/de\/wp-json\/wp\/v2\/product"}],"about":[{"href":"https:\/\/lucacastelli.com\/de\/wp-json\/wp\/v2\/types\/product"}],"wp:featuredmedia":[{"embeddable":true,"href":"https:\/\/lucacastelli.com\/de\/wp-json\/wp\/v2\/media\/801660"}],"wp:attachment":[{"href":"https:\/\/lucacastelli.com\/de\/wp-json\/wp\/v2\/media?parent=801659"}],"wp:term":[{"taxonomy":"product_brand","embeddable":true,"href":"https:\/\/lucacastelli.com\/de\/wp-json\/wp\/v2\/product_brand?post=801659"},{"taxonomy":"product_cat","embeddable":true,"href":"https:\/\/lucacastelli.com\/de\/wp-json\/wp\/v2\/product_cat?post=801659"},{"taxonomy":"product_tag","embeddable":true,"href":"https:\/\/lucacastelli.com\/de\/wp-json\/wp\/v2\/product_tag?post=801659"}],"curies":[{"name":"wp","href":"https:\/\/api.w.org\/{rel}","templated":true}]}}