{"id":801567,"date":"2026-03-15T13:09:13","date_gmt":"2026-03-15T12:09:13","guid":{"rendered":"https:\/\/lucacastelli.com\/prodotto\/crazy-hemden-schleudern-3\/"},"modified":"2026-03-15T13:09:13","modified_gmt":"2026-03-15T12:09:13","slug":"crazy-hemden-schleudern-3","status":"publish","type":"product","link":"https:\/\/lucacastelli.com\/de\/produkt\/crazy-hemden-schleudern-3\/","title":{"rendered":"CRAZY HEMDEN-SCHLEUDERN"},"content":{"rendered":"<p data-start=\"99\" data-end=\"246\"><strong data-start=\"99\" data-end=\"110\">KONZEPT<\/strong><br data-start=\"110\" data-end=\"113\">\u2022 Herausnehmbarer Innen-BH mit Mikro-Druckknopf<br data-start=\"167\" data-end=\"170\">\u2022 Seitliche Netzeins\u00e4tze f\u00fcr h\u00f6here Atmungsaktivit\u00e4t<br data-start=\"224\" data-end=\"227\">\u2022 All-over-Print<\/p>\n<p data-start=\"248\" data-end=\"408\"><strong data-start=\"248\" data-end=\"272\">PRODUKTBESCHREIBUNG<\/strong><br data-start=\"272\" data-end=\"275\">Modernes Funktions-T-Shirt mit <strong data-start=\"303\" data-end=\"329\">herausnehmbarem Innen-BH<\/strong>, entwickelt f\u00fcr Komfort und Frische auch an heissesten Tagen.<\/p>\n<p data-start=\"410\" data-end=\"658\">Das <strong data-start=\"421\" data-end=\"435\">Hydro Cool<\/strong>-Gewebe ist extrem leicht und hochgradig atmungsaktiv. Die spezielle <strong data-start=\"496\" data-end=\"518\">Lamellenstruktur<\/strong> f\u00f6rdert die Luftzirkulation, w\u00e4hrend die <strong data-start=\"567\" data-end=\"595\">seitlichen Netzeins\u00e4tze<\/strong> die Bel\u00fcftung w\u00e4hrend der Aktivit\u00e4t zus\u00e4tzlich verbessern. <\/p>\n<p data-start=\"660\" data-end=\"888\">Der <strong data-start=\"663\" data-end=\"713\">schnelltrocknende Innen-BH aus Mikrofaser<\/strong> garantiert Halt und Komfort und ist dank eines praktischen <strong data-start=\"791\" data-end=\"820\">Mikro-Druckknopfs<\/strong> leicht herausnehmbar, was die Anpassung des Kleidungsst\u00fccks an verschiedene Bed\u00fcrfnisse erm\u00f6glicht.<\/p>\n","protected":false},"excerpt":{"rendered":"<p>KONZEPT\u2022 Herausnehmbarer Innen-BH mit Mikro-Druckknopf\u2022 Seitliche Netzeins\u00e4tze f\u00fcr h\u00f6here Atmungsaktivit\u00e4t\u2022 All-over-Print PRODUKTBESCHREIBUNGModernes Funktions-T-Shirt mit herausnehmbarem Innen-BH, entwickelt f\u00fcr Komfort und<\/p>\n","protected":false},"featured_media":801569,"template":"","meta":{"_seopress_robots_primary_cat":"none","_seopress_titles_title":"","_seopress_titles_desc":"","_seopress_robots_index":""},"product_brand":[3413],"product_cat":[21,189,200],"product_tag":[],"class_list":{"0":"post-801567","1":"product","2":"type-product","3":"status-publish","4":"has-post-thumbnail","6":"product_brand-crazy","7":"product_cat-abbigliamento","8":"product_cat-abbigliamento-per-il-tempo-libero","9":"product_cat-abbigliamento-da-donna","10":"sws-gruppo-abb-libero-de","11":"sws-conto-ricavi-merci-rivendita-abbigliamento-de","12":"sws-gruppo-iva-iva81-de","14":"first","15":"instock","16":"sale","17":"shipping-taxable","18":"product-type-variable","19":"has-default-attributes"},"_links":{"self":[{"href":"https:\/\/lucacastelli.com\/de\/wp-json\/wp\/v2\/product\/801567","targetHints":{"allow":["GET"]}}],"collection":[{"href":"https:\/\/lucacastelli.com\/de\/wp-json\/wp\/v2\/product"}],"about":[{"href":"https:\/\/lucacastelli.com\/de\/wp-json\/wp\/v2\/types\/product"}],"wp:featuredmedia":[{"embeddable":true,"href":"https:\/\/lucacastelli.com\/de\/wp-json\/wp\/v2\/media\/801569"}],"wp:attachment":[{"href":"https:\/\/lucacastelli.com\/de\/wp-json\/wp\/v2\/media?parent=801567"}],"wp:term":[{"taxonomy":"product_brand","embeddable":true,"href":"https:\/\/lucacastelli.com\/de\/wp-json\/wp\/v2\/product_brand?post=801567"},{"taxonomy":"product_cat","embeddable":true,"href":"https:\/\/lucacastelli.com\/de\/wp-json\/wp\/v2\/product_cat?post=801567"},{"taxonomy":"product_tag","embeddable":true,"href":"https:\/\/lucacastelli.com\/de\/wp-json\/wp\/v2\/product_tag?post=801567"}],"curies":[{"name":"wp","href":"https:\/\/api.w.org\/{rel}","templated":true}]}}