{"id":801479,"date":"2026-03-15T13:30:14","date_gmt":"2026-03-15T12:30:14","guid":{"rendered":"https:\/\/lucacastelli.com\/prodotto\/crazy-jkt-boosted-proof-woman\/"},"modified":"2026-03-15T13:30:14","modified_gmt":"2026-03-15T12:30:14","slug":"crazy-jkt-boosted-proof-woman","status":"publish","type":"product","link":"https:\/\/lucacastelli.com\/de\/produkt\/crazy-jkt-boosted-proof-woman\/","title":{"rendered":"CRAZY JKT BOOSTED PROOF WOMAN"},"content":{"rendered":"<p data-start=\"111\" data-end=\"479\"><strong data-start=\"111\" data-end=\"122\">KONZEPT<\/strong><br data-start=\"122\" data-end=\"125\">\u2022 Wasserdichtigkeit bis zu <strong data-start=\"149\" data-end=\"181\">20.000 mm Wassers\u00e4ule<\/strong> mit verschwei\u00dften N\u00e4hten<br data-start=\"208\" data-end=\"211\">\u2022 Jacke <strong data-start=\"220\" data-end=\"261\">in den Handtaschen verstaubar<\/strong><br data-start=\"261\" data-end=\"264\">\u2022 Zwei Handtaschen mit <strong data-start=\"293\" data-end=\"311\">unsichtbaren Rei\u00dfverschl\u00fcssen<\/strong><br data-start=\"311\" data-end=\"314\">\u2022 Kapuze mit <strong data-start=\"330\" data-end=\"352\">halbsteifem Schirm<\/strong><br data-start=\"352\" data-end=\"355\">\u2022 Reflektierende Logos f\u00fcr bessere Sichtbarkeit<br data-start=\"398\" data-end=\"401\">\u2022 Frontal <strong data-start=\"416\" data-end=\"444\">durchgehend teilbarer Rei\u00dfverschluss<\/strong><br data-start=\"444\" data-end=\"447\">\u2022 Saum mit <strong data-start=\"459\" data-end=\"477\">elastischem Bund<\/strong><\/p>\n<p data-start=\"481\" data-end=\"709\"><strong data-start=\"481\" data-end=\"505\">PRODUKTBESCHREIBUNG<\/strong><br data-start=\"505\" data-end=\"508\">Die komplett neu gestaltete <strong data-start=\"511\" data-end=\"532\">Jkt Boosted Proof<\/strong> kombiniert <strong data-start=\"569\" data-end=\"601\">hohe technische Leistung<\/strong> mit einem <strong data-start=\"609\" data-end=\"634\">klaren, modernen Look<\/strong>, perfekt sowohl f\u00fcr Bergaktivit\u00e4ten als auch f\u00fcr den t\u00e4glichen Gebrauch.<\/p>\n<p data-start=\"711\" data-end=\"980\">Sie garantiert <strong data-start=\"722\" data-end=\"762\">vollst\u00e4ndigen Schutz vor Wind und Regen<\/strong> dank einer Wasserdichtigkeit von <strong data-start=\"793\" data-end=\"825\">20.000 mm Wassers\u00e4ule<\/strong> und bleibt dabei <strong data-start=\"856\" data-end=\"894\">sehr leicht und atmungsaktiv<\/strong>. Sie ist somit die ideale wasserdichte Schicht f\u00fcr Outdoor-Aktivit\u00e4ten in den w\u00e4rmeren Monaten. <\/p>\n<p data-start=\"982\" data-end=\"1268\">Sie unterscheidet sich von klassischen schweren Hardshells durch das <strong data-start=\"1049\" data-end=\"1061\">Dermizax<\/strong>-Gewebe, das extrem <strong data-start=\"1076\" data-end=\"1099\">leicht und elastisch<\/strong> ist. Das Kleidungsst\u00fcck verwendet eine <strong data-start=\"1134\" data-end=\"1149\">2,75-Lagen<\/strong>-Konstruktion mit einer <strong data-start=\"1178\" data-end=\"1192\">Soft-Touch<\/strong>-Innenbeschichtung, die den Komfort erh\u00f6ht, auch wenn sie \u00fcber einem einfachen T-Shirt getragen wird. <\/p>\n<p data-start=\"1270\" data-end=\"1517\">Die Bel\u00fcftung wird durch die exklusive <strong data-start=\"1340\" data-end=\"1355\">Shark Vents<\/strong>-Technologie von Crazy weiter verbessert: ein <strong data-start=\"1392\" data-end=\"1437\">direktes Bel\u00fcftungssystem mit umgekehrten \u00d6ffnungen<\/strong>, das den Luftaustausch f\u00f6rdert und gleichzeitig die Wasserdichtigkeit des Kleidungsst\u00fccks aufrechterh\u00e4lt.<\/p>\n","protected":false},"excerpt":{"rendered":"<p>KONZEPT\u2022 Wasserdichtigkeit bis zu 20.000 mm Wassers\u00e4ule mit verschwei\u00dften N\u00e4hten\u2022 Jacke in den Handtaschen verstaubar\u2022 Zwei Handtaschen mit unsichtbaren Rei\u00dfverschl\u00fcssen\u2022<\/p>\n","protected":false},"featured_media":801481,"template":"","meta":{"_seopress_robots_primary_cat":"none","_seopress_titles_title":"","_seopress_titles_desc":"","_seopress_robots_index":""},"product_brand":[3614],"product_cat":[1388,974,82],"product_tag":[],"class_list":{"0":"post-801479","1":"product","2":"type-product","3":"status-publish","4":"has-post-thumbnail","6":"product_brand-crazy-de","7":"product_cat-damenbekleidung","8":"product_cat-freizeitkleidung","9":"product_cat-kleidung","10":"sws-gruppo-abb-libero-de","11":"sws-conto-ricavi-merci-rivendita-abbigliamento-de","12":"sws-gruppo-iva-iva81-de","14":"first","15":"instock","16":"sale","17":"shipping-taxable","18":"product-type-variable","19":"has-default-attributes"},"_links":{"self":[{"href":"https:\/\/lucacastelli.com\/de\/wp-json\/wp\/v2\/product\/801479","targetHints":{"allow":["GET"]}}],"collection":[{"href":"https:\/\/lucacastelli.com\/de\/wp-json\/wp\/v2\/product"}],"about":[{"href":"https:\/\/lucacastelli.com\/de\/wp-json\/wp\/v2\/types\/product"}],"wp:featuredmedia":[{"embeddable":true,"href":"https:\/\/lucacastelli.com\/de\/wp-json\/wp\/v2\/media\/801481"}],"wp:attachment":[{"href":"https:\/\/lucacastelli.com\/de\/wp-json\/wp\/v2\/media?parent=801479"}],"wp:term":[{"taxonomy":"product_brand","embeddable":true,"href":"https:\/\/lucacastelli.com\/de\/wp-json\/wp\/v2\/product_brand?post=801479"},{"taxonomy":"product_cat","embeddable":true,"href":"https:\/\/lucacastelli.com\/de\/wp-json\/wp\/v2\/product_cat?post=801479"},{"taxonomy":"product_tag","embeddable":true,"href":"https:\/\/lucacastelli.com\/de\/wp-json\/wp\/v2\/product_tag?post=801479"}],"curies":[{"name":"wp","href":"https:\/\/api.w.org\/{rel}","templated":true}]}}