{"id":801438,"date":"2026-03-15T13:25:04","date_gmt":"2026-03-15T12:25:04","guid":{"rendered":"https:\/\/lucacastelli.com\/prodotto\/crazy-pull-exit-light\/"},"modified":"2026-03-15T13:25:04","modified_gmt":"2026-03-15T12:25:04","slug":"crazy-pull-exit-light","status":"publish","type":"product","link":"https:\/\/lucacastelli.com\/de\/produkt\/crazy-pull-exit-light\/","title":{"rendered":"CRAZY PULL EXIT LIGHT"},"content":{"rendered":"<p data-start=\"142\" data-end=\"403\"><strong data-start=\"142\" data-end=\"153\">KONZEPT<\/strong><br data-start=\"153\" data-end=\"156\">\u2022 Flachn\u00e4hte in Kontrastfarbe<br data-start=\"195\" data-end=\"198\">\u2022 Seitentaschen<br data-start=\"218\" data-end=\"221\">\u2022 Reflektierende Logos f\u00fcr bessere Sichtbarkeit<br data-start=\"264\" data-end=\"267\">\u2022 Ergonomische Kapuze mit \u00d6ffnung f\u00fcr Pferdeschwanz<br data-start=\"322\" data-end=\"325\">\u2022 Daumenschlaufen an den \u00c4rmelb\u00fcndchen<br data-start=\"359\" data-end=\"362\">\u2022 Durchgehender Frontrei\u00dfverschluss<\/p>\n<p data-start=\"405\" data-end=\"574\"><strong data-start=\"405\" data-end=\"429\">PRODUKTBESCHREIBUNG<\/strong><br data-start=\"429\" data-end=\"432\">Der <strong data-start=\"435\" data-end=\"448\">Pull Exit<\/strong> ist ein essenzieller Midlayer im <strong data-start=\"487\" data-end=\"501\">Activewear<\/strong>-Stil, ideal sowohl f\u00fcr Bergaktivit\u00e4ten als auch f\u00fcr den t\u00e4glichen Gebrauch.<\/p>\n<p data-start=\"576\" data-end=\"815\">Das moderne, schlichte Design kombiniert sich mit der Leistung des <strong data-start=\"645\" data-end=\"665\">High Performance<\/strong>-Gewebes aus <strong data-start=\"681\" data-end=\"723\">leichter Mikrofaser mit bi-elastischer Struktur<\/strong>, das <strong data-start=\"740\" data-end=\"790\">Komfort, Atmungsaktivit\u00e4t und Bewegungsfreiheit<\/strong> bei jeder Aktivit\u00e4t garantiert.<\/p>\n<p data-start=\"817\" data-end=\"1083\">Technische Details wie die <strong data-start=\"845\" data-end=\"905\">ergonomische Kapuze mit Pferdeschwanz-\u00d6ffnung<\/strong>, die <strong data-start=\"910\" data-end=\"933\">Daumenschlaufen<\/strong> und die <strong data-start=\"938\" data-end=\"959\">reflektierenden Logos<\/strong> verbessern Funktionalit\u00e4t und Praktikabilit\u00e4t und machen dieses Kleidungsst\u00fcck perfekt f\u00fcr den dynamischen Einsatz im Freien oder in der Freizeit.<\/p>\n","protected":false},"excerpt":{"rendered":"<p>KONZEPT\u2022 Flachn\u00e4hte in Kontrastfarbe\u2022 Seitentaschen\u2022 Reflektierende Logos f\u00fcr bessere Sichtbarkeit\u2022 Ergonomische Kapuze mit \u00d6ffnung f\u00fcr Pferdeschwanz\u2022 Daumenschlaufen an den \u00c4rmelb\u00fcndchen\u2022<\/p>\n","protected":false},"featured_media":801439,"template":"","meta":{"_seopress_robots_primary_cat":"none","_seopress_titles_title":"","_seopress_titles_desc":"","_seopress_robots_index":""},"product_brand":[3413],"product_cat":[21,189,200],"product_tag":[],"class_list":{"0":"post-801438","1":"product","2":"type-product","3":"status-publish","4":"has-post-thumbnail","6":"product_brand-crazy","7":"product_cat-abbigliamento","8":"product_cat-abbigliamento-per-il-tempo-libero","9":"product_cat-abbigliamento-da-donna","10":"sws-gruppo-abb-libero-de","11":"sws-conto-ricavi-merci-rivendita-abbigliamento-de","12":"sws-gruppo-iva-iva81-de","14":"first","15":"instock","16":"sale","17":"shipping-taxable","18":"purchasable","19":"product-type-variable","20":"has-default-attributes"},"_links":{"self":[{"href":"https:\/\/lucacastelli.com\/de\/wp-json\/wp\/v2\/product\/801438","targetHints":{"allow":["GET"]}}],"collection":[{"href":"https:\/\/lucacastelli.com\/de\/wp-json\/wp\/v2\/product"}],"about":[{"href":"https:\/\/lucacastelli.com\/de\/wp-json\/wp\/v2\/types\/product"}],"wp:featuredmedia":[{"embeddable":true,"href":"https:\/\/lucacastelli.com\/de\/wp-json\/wp\/v2\/media\/801439"}],"wp:attachment":[{"href":"https:\/\/lucacastelli.com\/de\/wp-json\/wp\/v2\/media?parent=801438"}],"wp:term":[{"taxonomy":"product_brand","embeddable":true,"href":"https:\/\/lucacastelli.com\/de\/wp-json\/wp\/v2\/product_brand?post=801438"},{"taxonomy":"product_cat","embeddable":true,"href":"https:\/\/lucacastelli.com\/de\/wp-json\/wp\/v2\/product_cat?post=801438"},{"taxonomy":"product_tag","embeddable":true,"href":"https:\/\/lucacastelli.com\/de\/wp-json\/wp\/v2\/product_tag?post=801438"}],"curies":[{"name":"wp","href":"https:\/\/api.w.org\/{rel}","templated":true}]}}