{"id":801425,"date":"2026-03-15T13:19:08","date_gmt":"2026-03-15T12:19:08","guid":{"rendered":"https:\/\/lucacastelli.com\/prodotto\/crazy-sun-hoodie-woman\/"},"modified":"2026-03-15T13:19:08","modified_gmt":"2026-03-15T12:19:08","slug":"crazy-sun-hoodie-woman","status":"publish","type":"product","link":"https:\/\/lucacastelli.com\/de\/produkt\/crazy-sun-hoodie-woman\/","title":{"rendered":"CRAZY SUN HOODIE WOMAN"},"content":{"rendered":"<p data-start=\"144\" data-end=\"261\"><strong data-start=\"144\" data-end=\"155\">KONZEPT<\/strong><br data-start=\"155\" data-end=\"158\">\u2022 All-over-Druck<br data-start=\"175\" data-end=\"178\">\u2022 K\u00fchles und atmungsaktives Gewebe mit <strong data-start=\"224\" data-end=\"235\">UPF 50+<\/strong> Schutz<br data-start=\"235\" data-end=\"238\">\u2022 Integrierte Kapuze<\/p>\n<p data-start=\"263\" data-end=\"558\"><strong data-start=\"263\" data-end=\"287\">PRODUKTBESCHREIBUNG<\/strong><br data-start=\"287\" data-end=\"290\">Das <strong data-start=\"293\" data-end=\"313\">Sun Hoodie Woman<\/strong> ist ein Langarmshirt, das f\u00fcr die sonnigsten Tage konzipiert wurde. Es garantiert <strong data-start=\"409\" data-end=\"460\">vollst\u00e4ndige Abdeckung, Frische und Atmungsaktivit\u00e4t<\/strong> und bietet gleichzeitig hohen Schutz vor Sonnenstrahlen dank des <strong data-start=\"536\" data-end=\"555\">UPF 50+ Faktors<\/strong>. <\/p>\n<p data-start=\"560\" data-end=\"832\">Das klare Design und der moderne Druck machen es ideal sowohl f\u00fcr <strong data-start=\"623\" data-end=\"652\">technische Outdoor-Aktivit\u00e4ten<\/strong> als auch f\u00fcr den t\u00e4glichen Gebrauch. Das Kleidungsst\u00fcck ist aus <strong data-start=\"703\" data-end=\"735\">ultraleichtem technischem Gewebe<\/strong> gefertigt, das Komfort und Bewegungsfreiheit auch bei intensivsten Aktivit\u00e4ten gew\u00e4hrleistet. <\/p>\n<p data-start=\"834\" data-end=\"1142\">Es integriert zudem die <strong data-start=\"864\" data-end=\"893\">F.I.R. (Far Infrared Ray)<\/strong> Technologie direkt im Gewebe. Diese Technologie reflektiert die K\u00f6rperw\u00e4rme in Form von Ferninfrarotstrahlen und tr\u00e4gt dazu bei, <strong data-start=\"1022\" data-end=\"1139\">die Durchblutung zu stimulieren, die Sauerstoffversorgung der Muskeln zu verbessern und die Ausscheidung von Giftstoffen zu f\u00f6rdern<\/strong>. <\/p>\n<p data-start=\"1144\" data-end=\"1285\">Das Ergebnis ist ein nat\u00fcrliches System, das <strong data-start=\"1192\" data-end=\"1238\">die k\u00f6rperliche Erholung und das allgemeine Wohlbefinden<\/strong> unterst\u00fctzt, sehr gesch\u00e4tzt auch im Fitnessbereich.<\/p>\n<p data-start=\"1287\" data-end=\"1415\">Ein Shirt mit <strong data-start=\"1302\" data-end=\"1356\">modernem Look und fortschrittlichen technischen Leistungen<\/strong>, perfekt um jede Outdoor-Aktivit\u00e4t komfortabel zu erleben.<\/p>\n","protected":false},"excerpt":{"rendered":"<p>KONZEPT\u2022 All-over-Druck\u2022 K\u00fchles und atmungsaktives Gewebe mit UPF 50+ Schutz\u2022 Integrierte Kapuze PRODUKTBESCHREIBUNGDas Sun Hoodie Woman ist ein Langarmshirt, das<\/p>\n","protected":false},"featured_media":801426,"template":"","meta":{"_seopress_robots_primary_cat":"none","_seopress_titles_title":"","_seopress_titles_desc":"","_seopress_robots_index":""},"product_brand":[3413],"product_cat":[21,189,200],"product_tag":[],"class_list":{"0":"post-801425","1":"product","2":"type-product","3":"status-publish","4":"has-post-thumbnail","6":"product_brand-crazy","7":"product_cat-abbigliamento","8":"product_cat-abbigliamento-per-il-tempo-libero","9":"product_cat-abbigliamento-da-donna","10":"sws-gruppo-abb-libero-de","11":"sws-conto-ricavi-merci-rivendita-abbigliamento-de","12":"sws-gruppo-iva-iva81-de","14":"first","15":"instock","16":"sale","17":"shipping-taxable","18":"product-type-variable"},"_links":{"self":[{"href":"https:\/\/lucacastelli.com\/de\/wp-json\/wp\/v2\/product\/801425","targetHints":{"allow":["GET"]}}],"collection":[{"href":"https:\/\/lucacastelli.com\/de\/wp-json\/wp\/v2\/product"}],"about":[{"href":"https:\/\/lucacastelli.com\/de\/wp-json\/wp\/v2\/types\/product"}],"wp:featuredmedia":[{"embeddable":true,"href":"https:\/\/lucacastelli.com\/de\/wp-json\/wp\/v2\/media\/801426"}],"wp:attachment":[{"href":"https:\/\/lucacastelli.com\/de\/wp-json\/wp\/v2\/media?parent=801425"}],"wp:term":[{"taxonomy":"product_brand","embeddable":true,"href":"https:\/\/lucacastelli.com\/de\/wp-json\/wp\/v2\/product_brand?post=801425"},{"taxonomy":"product_cat","embeddable":true,"href":"https:\/\/lucacastelli.com\/de\/wp-json\/wp\/v2\/product_cat?post=801425"},{"taxonomy":"product_tag","embeddable":true,"href":"https:\/\/lucacastelli.com\/de\/wp-json\/wp\/v2\/product_tag?post=801425"}],"curies":[{"name":"wp","href":"https:\/\/api.w.org\/{rel}","templated":true}]}}