{"id":801385,"date":"2026-03-15T15:24:44","date_gmt":"2026-03-15T14:24:44","guid":{"rendered":"https:\/\/lucacastelli.com\/prodotto\/crazy-shirt-exit-2\/"},"modified":"2026-03-15T15:24:44","modified_gmt":"2026-03-15T14:24:44","slug":"crazy-shirt-exit-2","status":"publish","type":"product","link":"https:\/\/lucacastelli.com\/de\/produkt\/crazy-shirt-exit-2\/","title":{"rendered":"CRAZY SHIRT EXIT"},"content":{"rendered":"<div class=\"flex flex-col text-sm pb-25\">\n<article class=\"text-token-text-primary w-full focus:outline-none [--shadow-height:45px] has-data-writing-block:pointer-events-none has-data-writing-block:-mt-(--shadow-height) has-data-writing-block:pt-(--shadow-height) [&amp;:has([data-writing-block])&gt;*]:pointer-events-auto scroll-mt-[calc(var(--header-height)+min(200px,max(70px,20svh)))]\" dir=\"auto\" tabindex=\"-1\" data-turn-id=\"request-WEB:dca93298-70f8-4659-a80a-ea8e5cc65860-17\" data-testid=\"conversation-turn-36\" data-scroll-anchor=\"true\" data-turn=\"assistant\">\n<div class=\"text-base my-auto mx-auto pb-10 [--thread-content-margin:var(--thread-content-margin-xs,calc(var(--spacing)*4))] @w-sm\/main:[--thread-content-margin:var(--thread-content-margin-sm,calc(var(--spacing)*6))] @w-lg\/main:[--thread-content-margin:var(--thread-content-margin-lg,calc(var(--spacing)*16))] px-(--thread-content-margin)\">\n<div class=\"[--thread-content-max-width:40rem] @w-lg\/main:[--thread-content-max-width:48rem] mx-auto max-w-(--thread-content-max-width) flex-1 group\/turn-messages focus-visible:outline-hidden relative flex w-full min-w-0 flex-col agent-turn\" tabindex=\"-1\">\n<div class=\"flex max-w-full flex-col gap-4 grow\">\n<div class=\"min-h-8 text-message relative flex w-full flex-col items-end gap-2 text-start break-words whitespace-normal [.text-message+&amp;]:mt-1\" dir=\"auto\" data-message-author-role=\"assistant\" data-message-id=\"ed0d4022-cf12-4c88-b976-f4d035ee0323\" data-message-model-slug=\"gpt-5-3\">\n<div class=\"flex w-full flex-col gap-1 empty:hidden\">\n<div class=\"markdown prose dark:prose-invert w-full wrap-break-word light markdown-new-styling\">\n<p data-start=\"130\" data-end=\"267\"><strong data-start=\"130\" data-end=\"141\">KONZEPT<\/strong><br data-start=\"141\" data-end=\"144\">\u2022 Siebdrucke<br data-start=\"165\" data-end=\"168\">\u2022 Konstruktion ohne \u00c4rmelausschnitt<br data-start=\"199\" data-end=\"202\">\u2022 Reflektierende Logos f\u00fcr bessere Sichtbarkeit<br data-start=\"245\" data-end=\"248\">\u2022 Seitenschlitz<\/p>\n<p data-start=\"269\" data-end=\"417\"><strong data-start=\"269\" data-end=\"293\">PRODUKTBESCHREIBUNG<\/strong><br data-start=\"293\" data-end=\"296\">Das <strong data-start=\"299\" data-end=\"315\">T-Shirt Exit<\/strong> pr\u00e4sentiert sich in einem <strong data-start=\"334\" data-end=\"369\">v\u00f6llig neuen Design<\/strong>, erg\u00e4nzt durch neue Farben und moderne Drucke.<\/p>\n<p data-start=\"419\" data-end=\"653\">Entwickelt f\u00fcr <strong data-start=\"434\" data-end=\"454\">Outdoor-Aktivit\u00e4ten<\/strong>, ist es ein T-Shirt mit <strong data-start=\"476\" data-end=\"502\">schlichtem Aufbau<\/strong> und einer <strong data-start=\"510\" data-end=\"537\">technischen und raffinierten Passform<\/strong>, das sich durch einen <strong data-start=\"557\" data-end=\"600\">abgerundeten Saum und Seitenschlitze<\/strong> auszeichnet, die Passform und Bewegungsfreiheit verbessern.<\/p>\n<p data-start=\"655\" data-end=\"938\">Die <strong data-start=\"658\" data-end=\"691\">Konstruktion ohne \u00c4rmelausschnitt<\/strong> erh\u00f6ht den Komfort w\u00e4hrend der Aktivit\u00e4t, w\u00e4hrend das <strong data-start=\"741\" data-end=\"789\">frische und leichte mikroperforierte Netzgewebe<\/strong>, das mit der <strong data-start=\"815\" data-end=\"825\">S-Caf\u00e9<\/strong>-Technologie behandelt wurde, <strong data-start=\"838\" data-end=\"901\">hohe Atmungsaktivit\u00e4t und ein optimales Feuchtigkeitsmanagement<\/strong> garantiert, selbst bei intensivsten Aktivit\u00e4ten.<\/p>\n<p data-start=\"940\" data-end=\"1060\" data-is-last-node=\"\" data-is-only-node=\"\">Ein technisches und vielseitiges T-Shirt, perfekt f\u00fcr jede Outdoor-Aktivit\u00e4t mit <strong data-start=\"1028\" data-end=\"1059\">Komfort, Leichtigkeit und Stil<\/strong>.<\/p>\n<\/div>\n<\/div>\n<\/div>\n<\/div>\n<div class=\"z-0 flex min-h-[46px] justify-start\"><\/div>\n<div class=\"mt-3 w-full empty:hidden\">\n<div class=\"text-center\"><\/div>\n<\/div>\n<\/div>\n<\/div>\n<\/article>\n<\/div>\n<div class=\"pointer-events-none h-px w-px absolute bottom-0\" aria-hidden=\"true\" data-edge=\"true\"><\/div>\n","protected":false},"excerpt":{"rendered":"<p>KONZEPT\u2022 Siebdrucke\u2022 Konstruktion ohne \u00c4rmelausschnitt\u2022 Reflektierende Logos f\u00fcr bessere Sichtbarkeit\u2022 Seitenschlitz PRODUKTBESCHREIBUNGDas T-Shirt Exit pr\u00e4sentiert sich in einem v\u00f6llig neuen<\/p>\n","protected":false},"featured_media":801373,"template":"","meta":{"_seopress_robots_primary_cat":"none","_seopress_titles_title":"","_seopress_titles_desc":"","_seopress_robots_index":""},"product_brand":[3413],"product_cat":[21,189,200],"product_tag":[],"class_list":{"0":"post-801385","1":"product","2":"type-product","3":"status-publish","4":"has-post-thumbnail","6":"product_brand-crazy","7":"product_cat-abbigliamento","8":"product_cat-abbigliamento-per-il-tempo-libero","9":"product_cat-abbigliamento-da-donna","10":"sws-gruppo-abb-libero-de","11":"sws-conto-ricavi-merci-rivendita-abbigliamento-de","12":"sws-gruppo-iva-iva81-de","14":"first","15":"instock","16":"sale","17":"shipping-taxable","18":"purchasable","19":"product-type-variable","20":"has-default-attributes"},"_links":{"self":[{"href":"https:\/\/lucacastelli.com\/de\/wp-json\/wp\/v2\/product\/801385","targetHints":{"allow":["GET"]}}],"collection":[{"href":"https:\/\/lucacastelli.com\/de\/wp-json\/wp\/v2\/product"}],"about":[{"href":"https:\/\/lucacastelli.com\/de\/wp-json\/wp\/v2\/types\/product"}],"wp:featuredmedia":[{"embeddable":true,"href":"https:\/\/lucacastelli.com\/de\/wp-json\/wp\/v2\/media\/801373"}],"wp:attachment":[{"href":"https:\/\/lucacastelli.com\/de\/wp-json\/wp\/v2\/media?parent=801385"}],"wp:term":[{"taxonomy":"product_brand","embeddable":true,"href":"https:\/\/lucacastelli.com\/de\/wp-json\/wp\/v2\/product_brand?post=801385"},{"taxonomy":"product_cat","embeddable":true,"href":"https:\/\/lucacastelli.com\/de\/wp-json\/wp\/v2\/product_cat?post=801385"},{"taxonomy":"product_tag","embeddable":true,"href":"https:\/\/lucacastelli.com\/de\/wp-json\/wp\/v2\/product_tag?post=801385"}],"curies":[{"name":"wp","href":"https:\/\/api.w.org\/{rel}","templated":true}]}}