{"id":801377,"date":"2026-03-15T15:05:06","date_gmt":"2026-03-15T14:05:06","guid":{"rendered":"https:\/\/lucacastelli.com\/prodotto\/crazy-shirt-laser\/"},"modified":"2026-03-15T15:05:06","modified_gmt":"2026-03-15T14:05:06","slug":"crazy-shirt-laser","status":"publish","type":"product","link":"https:\/\/lucacastelli.com\/de\/produkt\/crazy-shirt-laser\/","title":{"rendered":"CRAZY SHIRT LASER"},"content":{"rendered":"<p data-start=\"109\" data-end=\"254\"><strong data-start=\"109\" data-end=\"120\">KONZEPT<\/strong><br data-start=\"120\" data-end=\"123\">\u2022 Design mit <strong data-start=\"136\" data-end=\"176\">am K\u00f6rper gemappten Laser-Mikroperforationen<\/strong> f\u00fcr bessere Bel\u00fcftung<br data-start=\"202\" data-end=\"205\">\u2022 Reflektierende Logos f\u00fcr bessere Sichtbarkeit<\/p>\n<p data-start=\"256\" data-end=\"557\"><strong data-start=\"256\" data-end=\"280\">PRODUKTBESCHREIBUNG<\/strong><br data-start=\"280\" data-end=\"283\">Ein <strong data-start=\"287\" data-end=\"319\">essentielles und technisches T-Shirt<\/strong>, ideal f\u00fcr den Alltag und einen dynamischen Stil. Das Design zeichnet sich durch <strong data-start=\"410\" data-end=\"470\">strategisch am K\u00f6rper platzierte Laser-Mikroperforationen<\/strong> aus, die die Bel\u00fcftung verbessern und dem Kleidungsst\u00fcck einen modernen, markanten Look verleihen. <\/p>\n<p data-start=\"559\" data-end=\"766\">Gefertigt aus <strong data-start=\"573\" data-end=\"615\">extrem leichtem Sensitive-Gewebe<\/strong>, garantiert es <strong data-start=\"628\" data-end=\"678\">Komfort, Atmungsaktivit\u00e4t und Bewegungsfreiheit<\/strong> und eignet sich perfekt sowohl f\u00fcr sportliche Aktivit\u00e4ten als auch f\u00fcr die Freizeit.<\/p>\n<p data-start=\"768\" data-end=\"902\" data-is-last-node=\"\" data-is-only-node=\"\">Ein Kleidungsst\u00fcck, das den <strong data-start=\"811\" data-end=\"820\">CRAZY<\/strong>-Stil bestens repr\u00e4sentiert und <strong data-start=\"829\" data-end=\"862\">innovatives Design mit Funktionalit\u00e4t<\/strong> in einem vielseitigen, leistungsstarken T-Shirt vereint.<\/p>\n","protected":false},"excerpt":{"rendered":"<p>KONZEPT\u2022 Design mit am K\u00f6rper gemappten Laser-Mikroperforationen f\u00fcr bessere Bel\u00fcftung\u2022 Reflektierende Logos f\u00fcr bessere Sichtbarkeit PRODUKTBESCHREIBUNGEin essentielles und technisches T-Shirt,<\/p>\n","protected":false},"featured_media":801379,"template":"","meta":{"_seopress_robots_primary_cat":"none","_seopress_titles_title":"","_seopress_titles_desc":"","_seopress_robots_index":""},"product_brand":[3614],"product_cat":[82,974,1388],"product_tag":[],"class_list":{"0":"post-801377","1":"product","2":"type-product","3":"status-publish","4":"has-post-thumbnail","6":"product_brand-crazy-de","7":"product_cat-kleidung","8":"product_cat-freizeitkleidung","9":"product_cat-damenbekleidung","10":"sws-gruppo-abb-libero-de","11":"sws-conto-ricavi-merci-rivendita-abbigliamento-de","12":"sws-gruppo-iva-iva81-de","14":"first","15":"instock","16":"sale","17":"shipping-taxable","18":"product-type-variable","19":"has-default-attributes"},"_links":{"self":[{"href":"https:\/\/lucacastelli.com\/de\/wp-json\/wp\/v2\/product\/801377","targetHints":{"allow":["GET"]}}],"collection":[{"href":"https:\/\/lucacastelli.com\/de\/wp-json\/wp\/v2\/product"}],"about":[{"href":"https:\/\/lucacastelli.com\/de\/wp-json\/wp\/v2\/types\/product"}],"wp:featuredmedia":[{"embeddable":true,"href":"https:\/\/lucacastelli.com\/de\/wp-json\/wp\/v2\/media\/801379"}],"wp:attachment":[{"href":"https:\/\/lucacastelli.com\/de\/wp-json\/wp\/v2\/media?parent=801377"}],"wp:term":[{"taxonomy":"product_brand","embeddable":true,"href":"https:\/\/lucacastelli.com\/de\/wp-json\/wp\/v2\/product_brand?post=801377"},{"taxonomy":"product_cat","embeddable":true,"href":"https:\/\/lucacastelli.com\/de\/wp-json\/wp\/v2\/product_cat?post=801377"},{"taxonomy":"product_tag","embeddable":true,"href":"https:\/\/lucacastelli.com\/de\/wp-json\/wp\/v2\/product_tag?post=801377"}],"curies":[{"name":"wp","href":"https:\/\/api.w.org\/{rel}","templated":true}]}}