{"id":799425,"date":"2026-03-14T21:19:29","date_gmt":"2026-03-14T20:19:29","guid":{"rendered":"https:\/\/lucacastelli.com\/prodotto\/ortovox-traverse-38-s\/"},"modified":"2026-03-14T21:19:29","modified_gmt":"2026-03-14T20:19:29","slug":"ortovox-traverse-38-s","status":"publish","type":"product","link":"https:\/\/lucacastelli.com\/de\/produkt\/ortovox-traverse-38-s\/","title":{"rendered":"ORTOVOX TRAVERSE 38 S"},"content":{"rendered":"<p>EIN VIELSEITIGER RUCKSACK F\u00dcR GROSSE ALPINE ABENTEUER<br \/>\nVielseitiger, bequemer und funktionaler Rucksack f\u00fcr alpine Touren<\/p>\n<p>Highlights<br \/>\nMit massgef\u00e4rbten Stoffen<br \/>\nKomfort und gute Lastverteilung<br \/>\nSpeziell f\u00fcr Bergsport entwickelt<br \/>\nVielseitig, bequem und funktional \u2013 die TRAVERSE-Linie ist f\u00fcr den Einsatz in alpinem Gel\u00e4nde entwickelt und erf\u00fcllt alle Anforderungen f\u00fcr anspruchsvollste Touren. Rund 60 % der in unserer TRAVERSE-Linie verwendeten Stoffe (ausgenommen PURE-Modelle) sind massgef\u00e4rbt (solution dyed). Im Vergleich zu konventionellen F\u00e4rbeverfahren kann diese Methode den Wasser- und Chemikalieneinsatz w\u00e4hrend der Produktion reduzieren.  <\/p>\n<p>Der TRAVERSE 38 S ist dank des COMFORT-CONTACT BACK SYSTEM ausgewogen und angenehm zu tragen. Die Polsterungen sorgen f\u00fcr konstante Luftzirkulation, w\u00e4hrend die breiten, ergonomischen Schultergurte und der breite H\u00fcftgurt zu einer gleichm\u00e4ssigen Lastverteilung beitragen. Der umlaufende Reissverschluss erm\u00f6glicht einen einfachen und schnellen Zugriff auf das Hauptfach des TRAVERSE PURE 38 S. Die restliche Ausr\u00fcstung kann im Deckelfach, im Innenfach, in der elastischen Fronttasche und im Bodenfach verstaut werden. Die Helmhalterung, Kompressionsgurte, Stockhalterung, H\u00fcfttasche und Schultergurttasche runden die speziell f\u00fcr den Bergsport konzipierten Eigenschaften ab.   <\/p>\n<p>Eigenschaften<br \/>\nZugang Hauptfach: frontal<br \/>\nZugang zum Hauptfach: von oben<br \/>\nUmlaufender Reissverschluss<br \/>\nKartenfach<br \/>\nSeitentasche<br \/>\nBodenfach<br \/>\nA-Skifix<br \/>\nStockhalterung<br \/>\nHelmhalterung<br \/>\nTrinksystemvorbereitung<br \/>\nFlaschenhalterung innen<br \/>\nRegenschutz<br \/>\nBrustgurt mit Notfallpfeife<br \/>\nBrillenfach am Schultergurt<br \/>\nWertsachenfach mit Schl\u00fcsselhalter<br \/>\nEmergency Card<\/p>\n<p>Material<br \/>\nPOLYAMID 210D ROBIC: 75 % Polyamid (recycelt) + 25 % Polyester<\/p>\n<p>&nbsp;<\/p>\n","protected":false},"excerpt":{"rendered":"<p>EIN VIELSEITIGER RUCKSACK F\u00dcR GROSSE ALPINE ABENTEUER Vielseitiger, bequemer und funktionaler Rucksack f\u00fcr alpine Touren Highlights Mit massgef\u00e4rbten Stoffen Komfort<\/p>\n","protected":false},"featured_media":799365,"template":"","meta":{"_seopress_robots_primary_cat":"none","_seopress_titles_title":"","_seopress_titles_desc":"","_seopress_robots_index":""},"product_brand":[3663],"product_cat":[82,1391],"product_tag":[],"class_list":{"0":"post-799425","1":"product","2":"type-product","3":"status-publish","4":"has-post-thumbnail","6":"product_brand-ortovox-de","7":"product_cat-kleidung","8":"product_cat-bekleidungs-accessoires","9":"sws-gruppo-abb-libero-de","10":"sws-conto-ricavi-merci-rivendita-abbigliamento-de","11":"sws-gruppo-iva-iva81-de","13":"first","14":"instock","15":"shipping-taxable","16":"purchasable","17":"product-type-variable","18":"has-default-attributes"},"_links":{"self":[{"href":"https:\/\/lucacastelli.com\/de\/wp-json\/wp\/v2\/product\/799425","targetHints":{"allow":["GET"]}}],"collection":[{"href":"https:\/\/lucacastelli.com\/de\/wp-json\/wp\/v2\/product"}],"about":[{"href":"https:\/\/lucacastelli.com\/de\/wp-json\/wp\/v2\/types\/product"}],"wp:featuredmedia":[{"embeddable":true,"href":"https:\/\/lucacastelli.com\/de\/wp-json\/wp\/v2\/media\/799365"}],"wp:attachment":[{"href":"https:\/\/lucacastelli.com\/de\/wp-json\/wp\/v2\/media?parent=799425"}],"wp:term":[{"taxonomy":"product_brand","embeddable":true,"href":"https:\/\/lucacastelli.com\/de\/wp-json\/wp\/v2\/product_brand?post=799425"},{"taxonomy":"product_cat","embeddable":true,"href":"https:\/\/lucacastelli.com\/de\/wp-json\/wp\/v2\/product_cat?post=799425"},{"taxonomy":"product_tag","embeddable":true,"href":"https:\/\/lucacastelli.com\/de\/wp-json\/wp\/v2\/product_tag?post=799425"}],"curies":[{"name":"wp","href":"https:\/\/api.w.org\/{rel}","templated":true}]}}