{"id":799396,"date":"2026-03-14T21:17:02","date_gmt":"2026-03-14T20:17:02","guid":{"rendered":"https:\/\/lucacastelli.com\/prodotto\/ortovox-120-cool-tec-logo-headband\/"},"modified":"2026-03-14T21:17:02","modified_gmt":"2026-03-14T20:17:02","slug":"ortovox-120-cool-tec-logo-headband","status":"publish","type":"product","link":"https:\/\/lucacastelli.com\/de\/produkt\/ortovox-120-cool-tec-logo-headband\/","title":{"rendered":"ORTOVOX 120 COOL TEC LOGO HEADBAND"},"content":{"rendered":"<p>LEICHT UND KOMPAKT<br \/>\nLeichtes, schnelltrocknendes Stirnband mit technischem Wollmix und k\u00f6rpernaher Passform<\/p>\n<p>Highlights<br \/>\nLeicht und schnelltrocknend<br \/>\nOptimale Temperaturregulierung dank Merinowolle<br \/>\nTENCEL\u2122 Lyocell-Faser: nat\u00fcrliches trockenes Gef\u00fchl durch Feuchtigkeitsregulierung<br \/>\nWindgepeitschte Grate, Nordw\u00e4nde und Gletscher\u00fcberquerungen. Das 120 COOL TEC LOGO HEADBAND wurde f\u00fcr Wind und kalte Temperaturen entwickelt und ist ein ultraleichtes Stirnband, das allein oder unter dem Helm getragen werden kann. Die weiche Merinowolle wirkt nat\u00fcrlich temperaturregulierend, w\u00e4hrend TENCEL\u2122 Lyocell-Fasern \u00fcbersch\u00fcssige Feuchtigkeit ableiten und Ger\u00fcche reduzieren. Dank der Corespun-Technologie mit einem robusten Polyamidkern sitzt dieses d\u00fcnne Stirnband perfekt, ist abriebfest und langlebig.   <\/p>\n<p>&nbsp;<\/p>\n<p>52 % Schurwolle (MERINO) + 33 % Lyocell (TENCEL\u2122) + 15 % Polyamid<br \/>\nLeicht und schnelltrocknend, Corespun-Technologie by S\u00fcdwolle Group: f\u00fcr mehr Stabilit\u00e4t, TENCEL\u2122 Lyocell-Faser: nat\u00fcrliches trockenes Gef\u00fchl durch Feuchtigkeitsregulierung, Merinowolle: Temperatur- und Feuchtigkeitsregulierung<\/p>\n","protected":false},"excerpt":{"rendered":"<p>LEICHT UND KOMPAKT Leichtes, schnelltrocknendes Stirnband mit technischem Wollmix und k\u00f6rpernaher Passform Highlights Leicht und schnelltrocknend Optimale Temperaturregulierung dank Merinowolle<\/p>\n","protected":false},"featured_media":799352,"template":"","meta":{"_seopress_robots_primary_cat":"","_seopress_titles_title":"","_seopress_titles_desc":"","_seopress_robots_index":""},"product_brand":[3663],"product_cat":[82,1391],"product_tag":[],"class_list":{"0":"post-799396","1":"product","2":"type-product","3":"status-publish","4":"has-post-thumbnail","6":"product_brand-ortovox-de","7":"product_cat-kleidung","8":"product_cat-bekleidungs-accessoires","9":"sws-gruppo-abb-libero-de","10":"sws-conto-ricavi-merci-rivendita-abbigliamento-de","11":"sws-gruppo-iva-iva81-de","13":"first","14":"instock","15":"shipping-taxable","16":"purchasable","17":"product-type-variable","18":"has-default-attributes"},"_links":{"self":[{"href":"https:\/\/lucacastelli.com\/de\/wp-json\/wp\/v2\/product\/799396","targetHints":{"allow":["GET"]}}],"collection":[{"href":"https:\/\/lucacastelli.com\/de\/wp-json\/wp\/v2\/product"}],"about":[{"href":"https:\/\/lucacastelli.com\/de\/wp-json\/wp\/v2\/types\/product"}],"wp:featuredmedia":[{"embeddable":true,"href":"https:\/\/lucacastelli.com\/de\/wp-json\/wp\/v2\/media\/799352"}],"wp:attachment":[{"href":"https:\/\/lucacastelli.com\/de\/wp-json\/wp\/v2\/media?parent=799396"}],"wp:term":[{"taxonomy":"product_brand","embeddable":true,"href":"https:\/\/lucacastelli.com\/de\/wp-json\/wp\/v2\/product_brand?post=799396"},{"taxonomy":"product_cat","embeddable":true,"href":"https:\/\/lucacastelli.com\/de\/wp-json\/wp\/v2\/product_cat?post=799396"},{"taxonomy":"product_tag","embeddable":true,"href":"https:\/\/lucacastelli.com\/de\/wp-json\/wp\/v2\/product_tag?post=799396"}],"curies":[{"name":"wp","href":"https:\/\/api.w.org\/{rel}","templated":true}]}}