{"id":799331,"date":"2026-03-14T21:07:50","date_gmt":"2026-03-14T20:07:50","guid":{"rendered":"https:\/\/lucacastelli.com\/?post_type=product&#038;p=799331"},"modified":"2026-03-14T21:29:16","modified_gmt":"2026-03-14T20:29:16","slug":"ortovox-150-cool-mtn-mission-ts-copia-copia-copia-copia","status":"publish","type":"product","link":"https:\/\/lucacastelli.com\/de\/produkt\/ortovox-150-cool-mtn-mission-ts-copia-copia-copia-copia\/","title":{"rendered":"ORTOVOX 150 ESSENTIAL BIKINI"},"content":{"rendered":"<p>F\u00dcR AUSSERGEW\u00d6HNLICHE SPORTLICHE LEISTUNGEN<br \/>\nLeichte und bequeme Sport-Slips mit Merinowolle f\u00fcr intensive Bergsportarten<\/p>\n<p>Highlights<br \/>\nNat\u00fcrliche Passform und komfortabler Schnitt<br \/>\nIdeale Klimaregulierung<br \/>\nReguliert die Feuchtigkeit<br \/>\nImmer dabei, unverzichtbar in den Bergen! Die Revolution der Unterw\u00e4sche: nat\u00fcrlich, funktional und \u00e4usserst komfortabel f\u00fcr Bergsporttage. <\/p>\n<p>Der 150 ESSENTIAL BIKINI Damen-Slip ist f\u00fcr Bergsportlerinnen konzipiert: f\u00fcr Mehrseill\u00e4ngen-Klettern in hohen W\u00e4nden, anstrengende Trekking-Touren in grossen H\u00f6hen im Sommer oder Skitouren im Winter. Der 150 ESSENTIAL BIKINI folgt jeder Ihrer Bewegungen und garantiert Ihnen die ideale Temperatur und maximalen Komfort. Der hohe Anteil an hochwertiger Merinowolle erm\u00f6glicht eine optimale Feuchtigkeitsregulierung. Der Elastan-Anteil garantiert eine perfekte Passform. Mit einer Materialst\u00e4rke von 150 g\/m\u00b2 sind Bergsport-Liebhaberinnen f\u00fcr ein breites Temperaturspektrum bestens ausger\u00fcstet. Ein trendiges Design und frische Farben runden diese Unterw\u00e4sche perfekt ab und sorgen gleichzeitig f\u00fcr gute Laune. F\u00fcr modebewusste Sportlerinnen, die die Berge zu jeder Jahreszeit lieben und sich zu 100% auf ihre Unterw\u00e4sche verlassen wollen.      <\/p>\n<div id=\"acc_product_features_collapse\" class=\"accordion-collapse cms-element-acris-accordion-content collapse show\" aria-labelledby=\"acc_product_features_heading\" data-bs-parent=\"#acc_properties\">\n<div class=\"accordion-body\">\n<p>Eigenschaften<br \/>\nAtmungsaktiv<\/p>\n<\/div>\n<p>Unsere nachhaltige MERINOWOLLE stammt aus kontrollierten Betrieben, in denen die Tiere ein gl\u00fcckliches Leben f\u00fchren. Es ist eine angenehm weiche und pflegeleichte Wolle, die dank optimaler Temperatur- und Feuchtigkeitsregulierung hohen Komfort bietet. <\/p>\n<\/div>\n<div class=\"material-property-head\"><strong>100% Schurwolle (Merino)<\/strong><\/div>\n<ul class=\"material-properties\">\n<li>MERINOWOLLE: Temperatur- und Feuchtigkeitsregulierung, Geruchsneutralisierung und nachwachsender Rohstoff<\/li>\n<li>TENCEL\u2122: reguliert die Temperatur, reguliert die Feuchtigkeit, neutralisiert Ger\u00fcche, wird aus nachwachsenden Rohstoffen hergestellt<\/li>\n<li>LYCRA perfekte Passform und hohe Elastizit\u00e4t<\/li>\n<li>Hoher Komfort<\/li>\n<\/ul>\n","protected":false},"excerpt":{"rendered":"<p>F\u00dcR AUSSERGEW\u00d6HNLICHE SPORTLICHE LEISTUNGEN Leichte und bequeme Sport-Slips mit Merinowolle f\u00fcr intensive Bergsportarten Highlights Nat\u00fcrliche Passform und komfortabler Schnitt Ideale<\/p>\n","protected":false},"featured_media":799348,"template":"","meta":{"_seopress_robots_primary_cat":"none","_seopress_titles_title":"","_seopress_titles_desc":"","_seopress_robots_index":""},"product_brand":[3663],"product_cat":[1388,974,82],"product_tag":[],"class_list":{"0":"post-799331","1":"product","2":"type-product","3":"status-publish","4":"has-post-thumbnail","6":"product_brand-ortovox-de","7":"product_cat-damenbekleidung","8":"product_cat-freizeitkleidung","9":"product_cat-kleidung","10":"sws-gruppo-abb-libero-de","11":"sws-conto-ricavi-merci-rivendita-abbigliamento-de","12":"sws-gruppo-iva-iva81-de","14":"first","15":"instock","16":"shipping-taxable","17":"purchasable","18":"product-type-variable","19":"has-default-attributes"},"_links":{"self":[{"href":"https:\/\/lucacastelli.com\/de\/wp-json\/wp\/v2\/product\/799331","targetHints":{"allow":["GET"]}}],"collection":[{"href":"https:\/\/lucacastelli.com\/de\/wp-json\/wp\/v2\/product"}],"about":[{"href":"https:\/\/lucacastelli.com\/de\/wp-json\/wp\/v2\/types\/product"}],"wp:featuredmedia":[{"embeddable":true,"href":"https:\/\/lucacastelli.com\/de\/wp-json\/wp\/v2\/media\/799348"}],"wp:attachment":[{"href":"https:\/\/lucacastelli.com\/de\/wp-json\/wp\/v2\/media?parent=799331"}],"wp:term":[{"taxonomy":"product_brand","embeddable":true,"href":"https:\/\/lucacastelli.com\/de\/wp-json\/wp\/v2\/product_brand?post=799331"},{"taxonomy":"product_cat","embeddable":true,"href":"https:\/\/lucacastelli.com\/de\/wp-json\/wp\/v2\/product_cat?post=799331"},{"taxonomy":"product_tag","embeddable":true,"href":"https:\/\/lucacastelli.com\/de\/wp-json\/wp\/v2\/product_tag?post=799331"}],"curies":[{"name":"wp","href":"https:\/\/api.w.org\/{rel}","templated":true}]}}