{"id":799288,"date":"2026-03-14T20:56:10","date_gmt":"2026-03-14T19:56:10","guid":{"rendered":"https:\/\/lucacastelli.com\/?post_type=product&#038;p=799288"},"modified":"2026-03-14T21:27:20","modified_gmt":"2026-03-14T20:27:20","slug":"ortovox-150-cool-mtn-mission-ts-copia-copia-copia","status":"publish","type":"product","link":"https:\/\/lucacastelli.com\/de\/produkt\/ortovox-150-cool-mtn-mission-ts-copia-copia-copia\/","title":{"rendered":"ORTOVOX 150 ESSENTIAL TOP"},"content":{"rendered":"<p>F\u00dcR AUSSERGEW\u00d6HNLICHE SPORTLICHE LEISTUNGEN<br \/>\nLeichtes und komfortables Top mit Merinowolle f\u00fcr intensive Bergaktivit\u00e4ten<\/p>\n<p>Highlights<br \/>\nNat\u00fcrliche Passform und komfortabler Schnitt<br \/>\nIdeale Klimaregulierung<br \/>\nFeuchtigkeitsregulierend<br \/>\nImmer dabei, unverzichtbar am Berg! Die Unterw\u00e4sche-Revolution: nat\u00fcrlich, funktional und extrem komfortabel f\u00fcr sportliche Tage in den Bergen. <\/p>\n<p>Das 150 ESSENTIAL TOP f\u00fcr Damen wurde f\u00fcr Bergsportlerinnen entwickelt: f\u00fcr Mehrseill\u00e4ngen-Klettern in hohen W\u00e4nden, anstrengende Hochtouren im Sommer oder Skitouren im Winter. Das 150 ESSENTIAL TOP folgt jeder Ihrer Bewegungen dank der Tr\u00e4ger, die zwischen den Schultern zusammenlaufen, und sorgt f\u00fcr ein ideales Klima sowie maximalen Komfort. Der hohe Anteil an feiner Merinowolle erm\u00f6glicht eine optimale Feuchtigkeitsregulierung und neutralisiert Ger\u00fcche auf nat\u00fcrliche Weise. Der Elastan-Anteil garantiert eine perfekte Passform. Mit einer Materialst\u00e4rke von 150 g\/m\u00b2 sind Bergsportbegeisterte f\u00fcr einen breiten Temperaturbereich bestens ger\u00fcstet.    <\/p>\n<p>Ein trendiges Design und frische Farben runden diese Unterw\u00e4sche perfekt ab und sorgen gleichzeitig f\u00fcr gute Laune. F\u00fcr modebewusste Sportlerinnen, die den Berg zu jeder Jahreszeit erleben und sich zu 100 % auf ihre Unterw\u00e4sche verlassen wollen. <\/p>\n<p>Eigenschaften<br \/>\nAtmungsaktiv<\/p>\n<p>&nbsp;<\/p>\n<p>Unsere nachhaltige MERINOWOLLE stammt aus kontrollierter Tierhaltung, in der die Tiere ein gl\u00fcckliches Leben f\u00fchren. Es ist eine angenehm weiche und pflegeleichte Wolle, die dank optimaler Temperatur- und Feuchtigkeitsregulierung hohen Tragekomfort bietet. <\/p>\n<p>100 % Schurwolle (Merino)<br \/>\nMERINOWOLLE: Temperatur- und Feuchtigkeitsregulierung, Geruchsneutralisierung und nachwachsender Rohstoff<br \/>\nTENCEL\u2122: temperaturregulierend, feuchtigkeitsregulierend, geruchsneutralisierend, aus nachwachsenden Rohstoffen hergestellt<br \/>\nLYCRA: perfekte Passform und hohe Elastizit\u00e4t<br \/>\nHoher Tragekomfort<\/p>\n","protected":false},"excerpt":{"rendered":"<p>F\u00dcR AUSSERGEW\u00d6HNLICHE SPORTLICHE LEISTUNGEN Leichtes und komfortables Top mit Merinowolle f\u00fcr intensive Bergaktivit\u00e4ten Highlights Nat\u00fcrliche Passform und komfortabler Schnitt Ideale<\/p>\n","protected":false},"featured_media":799313,"template":"","meta":{"_seopress_robots_primary_cat":"none","_seopress_titles_title":"","_seopress_titles_desc":"","_seopress_robots_index":""},"product_brand":[3663],"product_cat":[82,974,1388],"product_tag":[],"class_list":{"0":"post-799288","1":"product","2":"type-product","3":"status-publish","4":"has-post-thumbnail","6":"product_brand-ortovox-de","7":"product_cat-kleidung","8":"product_cat-freizeitkleidung","9":"product_cat-damenbekleidung","10":"sws-gruppo-abb-libero-de","11":"sws-conto-ricavi-merci-rivendita-abbigliamento-de","12":"sws-gruppo-iva-iva81-de","14":"first","15":"instock","16":"shipping-taxable","17":"purchasable","18":"product-type-variable","19":"has-default-attributes"},"_links":{"self":[{"href":"https:\/\/lucacastelli.com\/de\/wp-json\/wp\/v2\/product\/799288","targetHints":{"allow":["GET"]}}],"collection":[{"href":"https:\/\/lucacastelli.com\/de\/wp-json\/wp\/v2\/product"}],"about":[{"href":"https:\/\/lucacastelli.com\/de\/wp-json\/wp\/v2\/types\/product"}],"wp:featuredmedia":[{"embeddable":true,"href":"https:\/\/lucacastelli.com\/de\/wp-json\/wp\/v2\/media\/799313"}],"wp:attachment":[{"href":"https:\/\/lucacastelli.com\/de\/wp-json\/wp\/v2\/media?parent=799288"}],"wp:term":[{"taxonomy":"product_brand","embeddable":true,"href":"https:\/\/lucacastelli.com\/de\/wp-json\/wp\/v2\/product_brand?post=799288"},{"taxonomy":"product_cat","embeddable":true,"href":"https:\/\/lucacastelli.com\/de\/wp-json\/wp\/v2\/product_cat?post=799288"},{"taxonomy":"product_tag","embeddable":true,"href":"https:\/\/lucacastelli.com\/de\/wp-json\/wp\/v2\/product_tag?post=799288"}],"curies":[{"name":"wp","href":"https:\/\/api.w.org\/{rel}","templated":true}]}}