{"id":799246,"date":"2026-03-14T20:45:47","date_gmt":"2026-03-14T19:45:47","guid":{"rendered":"https:\/\/lucacastelli.com\/?post_type=product&#038;p=799246"},"modified":"2026-03-14T21:28:34","modified_gmt":"2026-03-14T20:28:34","slug":"ortovox-150-cool-mtn-mission-ts-copia-copia-2","status":"publish","type":"product","link":"https:\/\/lucacastelli.com\/de\/produkt\/ortovox-150-cool-mtn-mission-ts-copia-copia-2\/","title":{"rendered":"ORTOVOX FLEECE LIGHT GRID JACKET"},"content":{"rendered":"<p>W\u00c4RME UND LEICHTIGKEIT<br \/>\nExtrem leichte Faserpelzjacke mit Merinowolle f\u00fcr anspruchsvolle Bergtouren<\/p>\n<p>Highlights<br \/>\nMerinowolle auf der Haut<br \/>\nSehr leicht mit optimalem Gewichts-Isolations-Verh\u00e4ltnis<br \/>\nKompaktes Packmass<br \/>\nWarm und doch leicht: Die MERINO FLEECE LIGHT GRID JACKET bietet hervorragende Isolation und Bel\u00fcftung bei geringem Gewicht und kleinem Packmass. Ideal f\u00fcr den Rucksack, wenn jedes Gramm z\u00e4hlt. Dank der Waffelstruktur auf der Innenseite ist das MERINO FLEECE LIGHT GRID Material besonders atmungsaktiv, trocknet schnell und w\u00e4rmt bei sinkenden Temperaturen. Zudem wirkt Merinowolle temperaturregulierend, geruchshemmend und ist sehr weich auf der Haut. Die zwei Fronttaschen bieten Platz f\u00fcr Kleinigkeiten, w\u00e4hrend der hohe Kragen vor Wind und Wetter sch\u00fctzt.    <\/p>\n<p>Eigenschaften<br \/>\nSchutzkragen<br \/>\n2 Fronttaschen<br \/>\nMade in Europe<\/p>\n<p>Material<br \/>\nHAUPTMATERIAL: 72 % Polyester + 22 % Wolle (MERINO) + 6 % Polyamid<br \/>\nMERINO FLEECE LIGHT GRID: Merinowolle auf der Haut, Waffelstruktur innen (f\u00f6rdert die Bel\u00fcftung und bietet hohe Isolationseigenschaften), extrem leicht, schnelltrocknend, feuchtigkeitsregulierend<\/p>\n<p>&nbsp;<\/p>\n","protected":false},"excerpt":{"rendered":"<p>W\u00c4RME UND LEICHTIGKEIT Extrem leichte Faserpelzjacke mit Merinowolle f\u00fcr anspruchsvolle Bergtouren Highlights Merinowolle auf der Haut Sehr leicht mit optimalem<\/p>\n","protected":false},"featured_media":799275,"template":"","meta":{"_seopress_robots_primary_cat":"none","_seopress_titles_title":"","_seopress_titles_desc":"","_seopress_robots_index":""},"product_brand":[3663],"product_cat":[974,975,82],"product_tag":[],"class_list":{"0":"post-799246","1":"product","2":"type-product","3":"status-publish","4":"has-post-thumbnail","6":"product_brand-ortovox-de","7":"product_cat-freizeitkleidung","8":"product_cat-herrenbekleidung","9":"product_cat-kleidung","10":"sws-gruppo-abb-libero-de","11":"sws-conto-ricavi-merci-rivendita-abbigliamento-de","12":"sws-gruppo-iva-iva81-de","14":"first","15":"instock","16":"shipping-taxable","17":"purchasable","18":"product-type-variable","19":"has-default-attributes"},"_links":{"self":[{"href":"https:\/\/lucacastelli.com\/de\/wp-json\/wp\/v2\/product\/799246","targetHints":{"allow":["GET"]}}],"collection":[{"href":"https:\/\/lucacastelli.com\/de\/wp-json\/wp\/v2\/product"}],"about":[{"href":"https:\/\/lucacastelli.com\/de\/wp-json\/wp\/v2\/types\/product"}],"wp:featuredmedia":[{"embeddable":true,"href":"https:\/\/lucacastelli.com\/de\/wp-json\/wp\/v2\/media\/799275"}],"wp:attachment":[{"href":"https:\/\/lucacastelli.com\/de\/wp-json\/wp\/v2\/media?parent=799246"}],"wp:term":[{"taxonomy":"product_brand","embeddable":true,"href":"https:\/\/lucacastelli.com\/de\/wp-json\/wp\/v2\/product_brand?post=799246"},{"taxonomy":"product_cat","embeddable":true,"href":"https:\/\/lucacastelli.com\/de\/wp-json\/wp\/v2\/product_cat?post=799246"},{"taxonomy":"product_tag","embeddable":true,"href":"https:\/\/lucacastelli.com\/de\/wp-json\/wp\/v2\/product_tag?post=799246"}],"curies":[{"name":"wp","href":"https:\/\/api.w.org\/{rel}","templated":true}]}}