{"id":799049,"date":"2026-03-14T18:57:11","date_gmt":"2026-03-14T17:57:11","guid":{"rendered":"https:\/\/lucacastelli.com\/prodotto\/helly-hansen-herren-hh-quick-dry-cargo-shorts-11-2\/"},"modified":"2026-03-14T18:57:11","modified_gmt":"2026-03-14T17:57:11","slug":"helly-hansen-herren-hh-quick-dry-cargo-shorts-11-2","status":"publish","type":"product","link":"https:\/\/lucacastelli.com\/de\/produkt\/helly-hansen-herren-hh-quick-dry-cargo-shorts-11-2\/","title":{"rendered":"HELLY HANSEN Herren HH Quick-Dry Cargo Shorts 11&#8243;"},"content":{"rendered":"<p>Entwickelt f\u00fcr das Segeln oder f\u00fcr alle, die ein technisches und sonnensch\u00fctzendes Kleidungsst\u00fcck w\u00fcnschen, kombinieren unsere Herren HH Quick-Dry Cargo Shorts 11&#8243; Funktionalit\u00e4t und Leistung. Wir haben diese Herren-Cargoshorts aus leichtem, elastischem und strapazierf\u00e4higem Ripstop-Gewebe gefertigt, um ganzt\u00e4gigen Komfort und Bewegungsfreiheit zu bieten. Die Shorts verf\u00fcgen zudem \u00fcber integrierten UPF 50+ Sonnenschutz sowie mehrere Cargotaschen zur Aufbewahrung Ihrer Alltagsgegenst\u00e4nde.  <\/p>\n<p>Faserzusammensetzung:<\/p>\n<div class=\"richtext_wrapper__3MzTU blocks_root__vE_15\">Obermaterial: 92% Polyamid (recycelt), 8% Elastan &#8211; Futter: 100% Polyester (recycelt)<\/div>\n","protected":false},"excerpt":{"rendered":"<p>Entwickelt f\u00fcr das Segeln oder f\u00fcr alle, die ein technisches und sonnensch\u00fctzendes Kleidungsst\u00fcck w\u00fcnschen, kombinieren unsere Herren HH Quick-Dry Cargo<\/p>\n","protected":false},"featured_media":798940,"template":"","meta":{"_seopress_robots_primary_cat":"","_seopress_titles_title":"","_seopress_titles_desc":"","_seopress_robots_index":""},"product_brand":[3645],"product_cat":[975,82],"product_tag":[],"class_list":{"0":"post-799049","1":"product","2":"type-product","3":"status-publish","4":"has-post-thumbnail","6":"product_brand-helly-hansen-de","7":"product_cat-herrenbekleidung","8":"product_cat-kleidung","9":"sws-gruppo-abb-libero-de","10":"sws-conto-ricavi-merci-rivendita-abbigliamento-de","11":"sws-gruppo-iva-iva81-de","13":"first","14":"instock","15":"shipping-taxable","16":"purchasable","17":"product-type-variable","18":"has-default-attributes"},"_links":{"self":[{"href":"https:\/\/lucacastelli.com\/de\/wp-json\/wp\/v2\/product\/799049","targetHints":{"allow":["GET"]}}],"collection":[{"href":"https:\/\/lucacastelli.com\/de\/wp-json\/wp\/v2\/product"}],"about":[{"href":"https:\/\/lucacastelli.com\/de\/wp-json\/wp\/v2\/types\/product"}],"wp:featuredmedia":[{"embeddable":true,"href":"https:\/\/lucacastelli.com\/de\/wp-json\/wp\/v2\/media\/798940"}],"wp:attachment":[{"href":"https:\/\/lucacastelli.com\/de\/wp-json\/wp\/v2\/media?parent=799049"}],"wp:term":[{"taxonomy":"product_brand","embeddable":true,"href":"https:\/\/lucacastelli.com\/de\/wp-json\/wp\/v2\/product_brand?post=799049"},{"taxonomy":"product_cat","embeddable":true,"href":"https:\/\/lucacastelli.com\/de\/wp-json\/wp\/v2\/product_cat?post=799049"},{"taxonomy":"product_tag","embeddable":true,"href":"https:\/\/lucacastelli.com\/de\/wp-json\/wp\/v2\/product_tag?post=799049"}],"curies":[{"name":"wp","href":"https:\/\/api.w.org\/{rel}","templated":true}]}}