{"id":798898,"date":"2026-03-14T18:35:06","date_gmt":"2026-03-14T17:35:06","guid":{"rendered":"https:\/\/lucacastelli.com\/?post_type=product&#038;p=798898"},"modified":"2026-03-14T19:14:18","modified_gmt":"2026-03-14T18:14:18","slug":"helly-hansen-hh-lifa-tech-lite-zip-hoodie-fur-herren-copia-copia","status":"publish","type":"product","link":"https:\/\/lucacastelli.com\/de\/produkt\/helly-hansen-hh-lifa-tech-lite-zip-hoodie-fur-herren-copia-copia\/","title":{"rendered":"Helly Hansen Herren Vika Tur Pants 2.0"},"content":{"rendered":"<div class=\"productDetailsSection_productDescriptionSection__FDg0y\">\n<div class=\"productDescription_productDescription__sJIE6\" data-mt-type=\"product-description\">\n<div class=\"richtext_wrapper__3MzTU productDescription_productDescriptionContent__0A3VB\">\n<div class=\"productDetailsSection_productDescriptionSection__FDg0y\">\n<div class=\"productDescription_productDescription__sJIE6\" data-mt-type=\"product-description\">\n<div class=\"richtext_wrapper__3MzTU productDescription_productDescriptionContent__0A3VB\">Unsere strapazierf\u00e4higen und elastischen Vika Tur Pants 2.0 f\u00fcr Herren wurden f\u00fcr Wanderer entwickelt, die leichte und eng anliegende Kleidung suchen. Vorgeformte Knie und ein Zwickel im Schritt sorgen f\u00fcr mehr Flexibilit\u00e4t und Bewegungsfreiheit beim Wandern. Diese Hose verf\u00fcgt zudem \u00fcber Verst\u00e4rkungen aus strapazierf\u00e4higem, elastischem Softshell-Gewebe am Ges\u00e4ss sowie vom Knie bis zum Rist. Dank des elastischen Bunds und der verstellbaren Beinabschl\u00fcsse k\u00f6nnen Sie die Passform f\u00fcr optimalen Komfort individuell anpassen. Einschubtaschen und eine Oberschenkeltasche mit Reissverschluss bieten praktischen Stauraum f\u00fcr Ihre Habseligkeiten. Diese Hose enth\u00e4lt recycelte Materialien. Weitere Details finden Sie in der Materialzusammensetzung.      <\/p>\n<p>Faserzusammensetzung:<\/p>\n<div class=\"richtext_wrapper__3MzTU blocks_root__vE_15\">Obermaterial: 96% Polyamid (recycelt), 4% Elastan &#8211; Obermaterial 2: 47% Polyamid (recycelt), 41% Polyamid, 12% Elastan<\/div>\n<\/div>\n<\/div>\n<\/div>\n<\/div>\n<\/div>\n<\/div>\n","protected":false},"excerpt":{"rendered":"<p>Unsere strapazierf\u00e4higen und elastischen Vika Tur Pants 2.0 f\u00fcr Herren wurden f\u00fcr Wanderer entwickelt, die leichte und eng anliegende Kleidung<\/p>\n","protected":false},"featured_media":798924,"template":"","meta":{"_seopress_robots_primary_cat":"none","_seopress_titles_title":"","_seopress_titles_desc":"","_seopress_robots_index":""},"product_brand":[3645],"product_cat":[974,975,82],"product_tag":[],"class_list":{"0":"post-798898","1":"product","2":"type-product","3":"status-publish","4":"has-post-thumbnail","6":"product_brand-helly-hansen-de","7":"product_cat-freizeitkleidung","8":"product_cat-herrenbekleidung","9":"product_cat-kleidung","10":"sws-gruppo-abb-libero-de","11":"sws-conto-ricavi-merci-rivendita-abbigliamento-de","12":"sws-gruppo-iva-iva81-de","14":"first","15":"instock","16":"shipping-taxable","17":"purchasable","18":"product-type-variable","19":"has-default-attributes"},"_links":{"self":[{"href":"https:\/\/lucacastelli.com\/de\/wp-json\/wp\/v2\/product\/798898","targetHints":{"allow":["GET"]}}],"collection":[{"href":"https:\/\/lucacastelli.com\/de\/wp-json\/wp\/v2\/product"}],"about":[{"href":"https:\/\/lucacastelli.com\/de\/wp-json\/wp\/v2\/types\/product"}],"wp:featuredmedia":[{"embeddable":true,"href":"https:\/\/lucacastelli.com\/de\/wp-json\/wp\/v2\/media\/798924"}],"wp:attachment":[{"href":"https:\/\/lucacastelli.com\/de\/wp-json\/wp\/v2\/media?parent=798898"}],"wp:term":[{"taxonomy":"product_brand","embeddable":true,"href":"https:\/\/lucacastelli.com\/de\/wp-json\/wp\/v2\/product_brand?post=798898"},{"taxonomy":"product_cat","embeddable":true,"href":"https:\/\/lucacastelli.com\/de\/wp-json\/wp\/v2\/product_cat?post=798898"},{"taxonomy":"product_tag","embeddable":true,"href":"https:\/\/lucacastelli.com\/de\/wp-json\/wp\/v2\/product_tag?post=798898"}],"curies":[{"name":"wp","href":"https:\/\/api.w.org\/{rel}","templated":true}]}}