{"id":798860,"date":"2026-03-14T18:31:39","date_gmt":"2026-03-14T17:31:39","guid":{"rendered":"https:\/\/lucacastelli.com\/?post_type=product&#038;p=798860"},"modified":"2026-03-14T19:12:26","modified_gmt":"2026-03-14T18:12:26","slug":"helly-hansen-hh-lifa-tech-lite-zip-hoodie-fur-herren-copia","status":"publish","type":"product","link":"https:\/\/lucacastelli.com\/de\/produkt\/helly-hansen-hh-lifa-tech-lite-zip-hoodie-fur-herren-copia\/","title":{"rendered":"Helly Hansen Thalia Damen-Hose"},"content":{"rendered":"<div class=\"productDetailsSection_productDescriptionSection__FDg0y\">\n<div class=\"productDescription_productDescription__sJIE6\" data-mt-type=\"product-description\">\n<div class=\"richtext_wrapper__3MzTU productDescription_productDescriptionContent__0A3VB\">Die Thalia Damen-Hose zeichnet sich durch ihre Vielseitigkeit und ihren Komfort aus, was sie perfekt f\u00fcr Reisen, t\u00e4gliche Abenteuer oder Abende unterwegs macht. Gefertigt aus einem leichten Stretchgewebe, ist dieses schnelltrocknende Kleidungsst\u00fcck zudem pflegeleicht. Diese Hose verf\u00fcgt \u00fcber zwei Einschubtaschen und einen breiten elastischen Bund mit Kordelzug, der eine individuelle Passform erm\u00f6glicht. Zudem betonen die schmal zulaufenden Beine die Silhouette.   <\/div>\n<\/div>\n<\/div>\n<div class=\"productDetailsSection_productUseForSection__jiMZL\">\n<div class=\"Collapsible accordion_accordionContainerOpen__CclY2 accordion_accordionContainer__onjDO\"><span id=\"collapsible-trigger-_r_2e_\" class=\"Collapsible__trigger is-open\" role=\"button\" aria-expanded=\"true\" aria-disabled=\"false\" aria-controls=\"collapsible-content-_r_2e_\"><\/span><\/p>\n<div id=\"collapsible-content-_r_2e_\" class=\"Collapsible__contentOuter\" role=\"region\" aria-labelledby=\"collapsible-trigger-_r_2e_\">\n<div class=\"Collapsible__contentInner\">\n<div class=\"productUseFor_listItem__bOFv_ productUseFor_listItemRight__oPxip\">\nFaserzusammensetzung:<\/p>\n<div class=\"richtext_wrapper__3MzTU blocks_root__vE_15\">Obermaterial: 86% Polyester (recycelt), 14% Elastan<\/div>\n<\/div>\n<\/div>\n<\/div>\n<\/div>\n<\/div>\n","protected":false},"excerpt":{"rendered":"<p>Die Thalia Damen-Hose zeichnet sich durch ihre Vielseitigkeit und ihren Komfort aus, was sie perfekt f\u00fcr Reisen, t\u00e4gliche Abenteuer oder<\/p>\n","protected":false},"featured_media":798870,"template":"","meta":{"_seopress_robots_primary_cat":"none","_seopress_titles_title":"","_seopress_titles_desc":"","_seopress_robots_index":""},"product_brand":[3645],"product_cat":[1388,974,82],"product_tag":[],"class_list":{"0":"post-798860","1":"product","2":"type-product","3":"status-publish","4":"has-post-thumbnail","6":"product_brand-helly-hansen-de","7":"product_cat-damenbekleidung","8":"product_cat-freizeitkleidung","9":"product_cat-kleidung","10":"sws-gruppo-abb-libero-de","11":"sws-conto-ricavi-merci-rivendita-abbigliamento-de","12":"sws-gruppo-iva-iva81-de","14":"first","15":"instock","16":"shipping-taxable","17":"purchasable","18":"product-type-variable","19":"has-default-attributes"},"_links":{"self":[{"href":"https:\/\/lucacastelli.com\/de\/wp-json\/wp\/v2\/product\/798860","targetHints":{"allow":["GET"]}}],"collection":[{"href":"https:\/\/lucacastelli.com\/de\/wp-json\/wp\/v2\/product"}],"about":[{"href":"https:\/\/lucacastelli.com\/de\/wp-json\/wp\/v2\/types\/product"}],"wp:featuredmedia":[{"embeddable":true,"href":"https:\/\/lucacastelli.com\/de\/wp-json\/wp\/v2\/media\/798870"}],"wp:attachment":[{"href":"https:\/\/lucacastelli.com\/de\/wp-json\/wp\/v2\/media?parent=798860"}],"wp:term":[{"taxonomy":"product_brand","embeddable":true,"href":"https:\/\/lucacastelli.com\/de\/wp-json\/wp\/v2\/product_brand?post=798860"},{"taxonomy":"product_cat","embeddable":true,"href":"https:\/\/lucacastelli.com\/de\/wp-json\/wp\/v2\/product_cat?post=798860"},{"taxonomy":"product_tag","embeddable":true,"href":"https:\/\/lucacastelli.com\/de\/wp-json\/wp\/v2\/product_tag?post=798860"}],"curies":[{"name":"wp","href":"https:\/\/api.w.org\/{rel}","templated":true}]}}