{"id":798753,"date":"2026-03-14T17:39:48","date_gmt":"2026-03-14T16:39:48","guid":{"rendered":"https:\/\/lucacastelli.com\/?post_type=product&#038;p=798753"},"modified":"2026-03-14T17:46:25","modified_gmt":"2026-03-14T16:46:25","slug":"helly-hansen-herren-massif-graphic-t-shirt-copia-copia-copia-copia-copia-copia-copia-copia","status":"publish","type":"product","link":"https:\/\/lucacastelli.com\/de\/produkt\/helly-hansen-herren-massif-graphic-t-shirt-copia-copia-copia-copia-copia-copia-copia-copia\/","title":{"rendered":"Helly Hansen Herren Trail Shorts 6&#8243;"},"content":{"rendered":"<p>Die Trail Shorts 6&#8243; f\u00fcr Herren wurden f\u00fcr schnelles Gehen auf befestigten Wegen und im Gel\u00e4nde entwickelt und werden zu Ihren unverzichtbaren Shorts f\u00fcr Trailrunning, Wandern oder Speed-Hiking bei warmen Bedingungen. Diese Shorts bestehen aus leichtem, elastischem und schnelltrocknendem Material, das Sie nicht beschwert. Der elastische Bund mit innenliegendem Kordelzug bietet eine verstellbare Passform, w\u00e4hrend der integrierte Innenslip mit atmungsaktiven Eigenschaften Komfort und Halt garantiert. Reflektierende Elemente verbessern die Sichtbarkeit bei schlechten Lichtverh\u00e4ltnissen, und Sie k\u00f6nnen Ihre Wertsachen sicher in der Rei\u00dfverschlusstasche oder der kleinen Innentasche verstauen.   <\/p>\n<p>Faserzusammensetzung:<\/p>\n<div class=\"richtext_wrapper__3MzTU blocks_root__vE_15\">Obermaterial: 100 % Polyester (recycelt) &#8211; Futter: 92 % Polyester (recycelt), 8 % Elasthan<\/div>\n<p>&nbsp;<\/p>\n","protected":false},"excerpt":{"rendered":"<p>Die Trail Shorts 6&#8243; f\u00fcr Herren wurden f\u00fcr schnelles Gehen auf befestigten Wegen und im Gel\u00e4nde entwickelt und werden zu<\/p>\n","protected":false},"featured_media":798776,"template":"","meta":{"_seopress_robots_primary_cat":"none","_seopress_titles_title":"","_seopress_titles_desc":"","_seopress_robots_index":""},"product_brand":[3645],"product_cat":[974,975,82],"product_tag":[],"class_list":{"0":"post-798753","1":"product","2":"type-product","3":"status-publish","4":"has-post-thumbnail","6":"product_brand-helly-hansen-de","7":"product_cat-freizeitkleidung","8":"product_cat-herrenbekleidung","9":"product_cat-kleidung","10":"sws-gruppo-abb-libero-de","11":"sws-conto-ricavi-merci-rivendita-abbigliamento-de","12":"sws-gruppo-iva-iva81-de","14":"first","15":"instock","16":"shipping-taxable","17":"purchasable","18":"product-type-variable","19":"has-default-attributes"},"_links":{"self":[{"href":"https:\/\/lucacastelli.com\/de\/wp-json\/wp\/v2\/product\/798753","targetHints":{"allow":["GET"]}}],"collection":[{"href":"https:\/\/lucacastelli.com\/de\/wp-json\/wp\/v2\/product"}],"about":[{"href":"https:\/\/lucacastelli.com\/de\/wp-json\/wp\/v2\/types\/product"}],"wp:featuredmedia":[{"embeddable":true,"href":"https:\/\/lucacastelli.com\/de\/wp-json\/wp\/v2\/media\/798776"}],"wp:attachment":[{"href":"https:\/\/lucacastelli.com\/de\/wp-json\/wp\/v2\/media?parent=798753"}],"wp:term":[{"taxonomy":"product_brand","embeddable":true,"href":"https:\/\/lucacastelli.com\/de\/wp-json\/wp\/v2\/product_brand?post=798753"},{"taxonomy":"product_cat","embeddable":true,"href":"https:\/\/lucacastelli.com\/de\/wp-json\/wp\/v2\/product_cat?post=798753"},{"taxonomy":"product_tag","embeddable":true,"href":"https:\/\/lucacastelli.com\/de\/wp-json\/wp\/v2\/product_tag?post=798753"}],"curies":[{"name":"wp","href":"https:\/\/api.w.org\/{rel}","templated":true}]}}