{"id":798596,"date":"2026-03-14T17:13:45","date_gmt":"2026-03-14T16:13:45","guid":{"rendered":"https:\/\/lucacastelli.com\/?post_type=product&#038;p=798596"},"modified":"2026-03-14T17:47:18","modified_gmt":"2026-03-14T16:47:18","slug":"helly-hansen-herren-massif-graphic-t-shirt-copia-copia-copia-copia-copia","status":"publish","type":"product","link":"https:\/\/lucacastelli.com\/de\/produkt\/helly-hansen-herren-massif-graphic-t-shirt-copia-copia-copia-copia-copia\/","title":{"rendered":"Helly Hansen Herren Ocean Polo 2.0"},"content":{"rendered":"<div class=\"productDetailsSection_productDescriptionSection__FDg0y\">\n<div class=\"productDescription_productDescription__sJIE6\" data-mt-type=\"product-description\">\n<div class=\"richtext_wrapper__3MzTU productDescription_productDescriptionContent__0A3VB\">\n<div class=\"productDetailsSection_productDescriptionSection__FDg0y\">\n<div class=\"productDescription_productDescription__sJIE6\" data-mt-type=\"product-description\">\n<div class=\"richtext_wrapper__3MzTU productDescription_productDescriptionContent__0A3VB\">Unser Ocean Polo 2.0 f\u00fcr Herren mit Sonnenschutzfaktor UPF 50 wurde f\u00fcr das Segeln an warmen Tagen entwickelt. Dieses leichte, technische Poloshirt h\u00e4lt Sie dank seines schnelltrocknenden und atmungsaktiven Gewebes angenehm trocken. Aus weichem Piqu\u00e9 gefertigt, ist es eine komfortable und atmungsaktive Wahl mit klassischem Look f\u00fcr warme Tage auf See oder an der K\u00fcste.  <\/div>\n<\/div>\n<\/div>\n<div class=\"productDetailsSection_productUseForSection__jiMZL\">\n<div class=\"Collapsible accordion_accordionContainerOpen__CclY2 accordion_accordionContainer__onjDO\">\n<p>&nbsp;<\/p>\n<div id=\"collapsible-content-_r_s_\" class=\"Collapsible__contentOuter\" role=\"region\" aria-labelledby=\"collapsible-trigger-_r_s_\">\n<div class=\"Collapsible__contentInner\">\n<div class=\"productUseFor_content__27d1q\">\n<div class=\"productUseFor_listItems__FWjC0 productUseFor_listItemsRight__I67vN\">\n<div class=\"productUseFor_listItem__bOFv_ productUseFor_listItemRight__oPxip\">\n<p>Faserzusammensetzung:<\/p>\n<div class=\"richtext_wrapper__3MzTU blocks_root__vE_15\">Obermaterial: 100 % Polyamid (recycelt)<\/div>\n<\/div>\n<\/div>\n<\/div>\n<\/div>\n<\/div>\n<\/div>\n<\/div>\n<\/div>\n<\/div>\n<\/div>\n","protected":false},"excerpt":{"rendered":"<p>Unser Ocean Polo 2.0 f\u00fcr Herren mit Sonnenschutzfaktor UPF 50 wurde f\u00fcr das Segeln an warmen Tagen entwickelt. Dieses leichte,<\/p>\n","protected":false},"featured_media":798621,"template":"","meta":{"_seopress_robots_primary_cat":"none","_seopress_titles_title":"","_seopress_titles_desc":"","_seopress_robots_index":""},"product_brand":[3645],"product_cat":[974,975,82],"product_tag":[],"class_list":{"0":"post-798596","1":"product","2":"type-product","3":"status-publish","4":"has-post-thumbnail","6":"product_brand-helly-hansen-de","7":"product_cat-freizeitkleidung","8":"product_cat-herrenbekleidung","9":"product_cat-kleidung","10":"sws-gruppo-abb-libero-de","11":"sws-conto-ricavi-merci-rivendita-abbigliamento-de","12":"sws-gruppo-iva-iva81-de","14":"first","15":"instock","16":"shipping-taxable","17":"purchasable","18":"product-type-variable","19":"has-default-attributes"},"_links":{"self":[{"href":"https:\/\/lucacastelli.com\/de\/wp-json\/wp\/v2\/product\/798596","targetHints":{"allow":["GET"]}}],"collection":[{"href":"https:\/\/lucacastelli.com\/de\/wp-json\/wp\/v2\/product"}],"about":[{"href":"https:\/\/lucacastelli.com\/de\/wp-json\/wp\/v2\/types\/product"}],"wp:featuredmedia":[{"embeddable":true,"href":"https:\/\/lucacastelli.com\/de\/wp-json\/wp\/v2\/media\/798621"}],"wp:attachment":[{"href":"https:\/\/lucacastelli.com\/de\/wp-json\/wp\/v2\/media?parent=798596"}],"wp:term":[{"taxonomy":"product_brand","embeddable":true,"href":"https:\/\/lucacastelli.com\/de\/wp-json\/wp\/v2\/product_brand?post=798596"},{"taxonomy":"product_cat","embeddable":true,"href":"https:\/\/lucacastelli.com\/de\/wp-json\/wp\/v2\/product_cat?post=798596"},{"taxonomy":"product_tag","embeddable":true,"href":"https:\/\/lucacastelli.com\/de\/wp-json\/wp\/v2\/product_tag?post=798596"}],"curies":[{"name":"wp","href":"https:\/\/api.w.org\/{rel}","templated":true}]}}