{"id":798556,"date":"2026-03-14T17:04:24","date_gmt":"2026-03-14T16:04:24","guid":{"rendered":"https:\/\/lucacastelli.com\/?post_type=product&#038;p=798556"},"modified":"2026-03-14T17:46:04","modified_gmt":"2026-03-14T16:46:04","slug":"helly-hansen-herren-massif-graphic-t-shirt-copia-copia-copia-copia","status":"publish","type":"product","link":"https:\/\/lucacastelli.com\/de\/produkt\/helly-hansen-herren-massif-graphic-t-shirt-copia-copia-copia-copia\/","title":{"rendered":"Helly Hansen Herren Elv Light Zip Off Tur Hose"},"content":{"rendered":"<div class=\"productDetailsSection_productDescriptionSection__FDg0y\">\n<div class=\"productDescription_productDescription__sJIE6\" data-mt-type=\"product-description\">\n<div class=\"richtext_wrapper__3MzTU productDescription_productDescriptionContent__0A3VB\">\n<div class=\"productDetailsSection_productDescriptionSection__FDg0y\">\n<div class=\"productDescription_productDescription__sJIE6\" data-mt-type=\"product-description\">\n<div class=\"richtext_wrapper__3MzTU productDescription_productDescriptionContent__0A3VB\">Unsere leichte Herren-Hose Elv Light Zip Off Tur Pants mit komfortabler Passform l\u00e4sst sich an hei\u00dferen Tagen dank ihrer Rei\u00dfverschlusskonstruktion einfach in Shorts verwandeln. Die Farbe der versteckten Rei\u00dfverschl\u00fcsse variiert leicht zwischen linkem und rechtem Bein, um das korrekte An- und Ausziehen zu erleichtern. Gefertigt aus leichtem Stretchgewebe mit atmungsaktiver Ausr\u00fcstung, bietet diese Hose Komfort, Bewegungsfreiheit und trocknet schnell. Vorgeformte Knie erm\u00f6glichen gr\u00f6\u00dfere Bewegungsfreiheit, w\u00e4hrend verstellbare Beinabschl\u00fcsse eine anpassbare Passform bieten. Eine Oberschenkeltasche mit Rei\u00dfverschluss und offene Handtaschen sind perfekt zum Verstauen kleiner Essentials auf dem Trail. Diese Hose enth\u00e4lt recycelte Materialien. Siehe Zusammensetzung f\u00fcr weitere Details.      <\/div>\n<\/div>\n<\/div>\n<div class=\"productDetailsSection_productUseForSection__jiMZL\">\n<div class=\"Collapsible accordion_accordionContainerOpen__CclY2 accordion_accordionContainer__onjDO\"><span id=\"collapsible-trigger-_r_s_\" class=\"Collapsible__trigger is-open\" role=\"button\" aria-expanded=\"true\" aria-disabled=\"false\" aria-controls=\"collapsible-content-_r_s_\"><\/span><\/p>\n<div id=\"collapsible-content-_r_s_\" class=\"Collapsible__contentOuter\" role=\"region\" aria-labelledby=\"collapsible-trigger-_r_s_\">\n<div class=\"Collapsible__contentInner\">\n<div class=\"productUseFor_content__27d1q\">\n<div class=\"productUseFor_listItems__FWjC0 productUseFor_listItemsRight__I67vN\">\n<div class=\"productUseFor_listItem__bOFv_ productUseFor_listItemRight__oPxip\">\nFaserzusammensetzung:<\/p>\n<div class=\"richtext_wrapper__3MzTU blocks_root__vE_15\">Obermaterial: 54 % Polyamid (recycelt), 41 % Polyamid, 5 % Elastan<\/div>\n<\/div>\n<\/div>\n<\/div>\n<\/div>\n<\/div>\n<\/div>\n<\/div>\n<\/div>\n<\/div>\n<\/div>\n","protected":false},"excerpt":{"rendered":"<p>Unsere leichte Herren-Hose Elv Light Zip Off Tur Pants mit komfortabler Passform l\u00e4sst sich an hei\u00dferen Tagen dank ihrer Rei\u00dfverschlusskonstruktion<\/p>\n","protected":false},"featured_media":798579,"template":"","meta":{"_seopress_robots_primary_cat":"none","_seopress_titles_title":"","_seopress_titles_desc":"","_seopress_robots_index":""},"product_brand":[3645],"product_cat":[974,975,82],"product_tag":[],"class_list":{"0":"post-798556","1":"product","2":"type-product","3":"status-publish","4":"has-post-thumbnail","6":"product_brand-helly-hansen-de","7":"product_cat-freizeitkleidung","8":"product_cat-herrenbekleidung","9":"product_cat-kleidung","10":"sws-gruppo-abb-libero-de","11":"sws-conto-ricavi-merci-rivendita-abbigliamento-de","12":"sws-gruppo-iva-iva81-de","14":"first","15":"instock","16":"shipping-taxable","17":"purchasable","18":"product-type-variable","19":"has-default-attributes"},"_links":{"self":[{"href":"https:\/\/lucacastelli.com\/de\/wp-json\/wp\/v2\/product\/798556","targetHints":{"allow":["GET"]}}],"collection":[{"href":"https:\/\/lucacastelli.com\/de\/wp-json\/wp\/v2\/product"}],"about":[{"href":"https:\/\/lucacastelli.com\/de\/wp-json\/wp\/v2\/types\/product"}],"wp:featuredmedia":[{"embeddable":true,"href":"https:\/\/lucacastelli.com\/de\/wp-json\/wp\/v2\/media\/798579"}],"wp:attachment":[{"href":"https:\/\/lucacastelli.com\/de\/wp-json\/wp\/v2\/media?parent=798556"}],"wp:term":[{"taxonomy":"product_brand","embeddable":true,"href":"https:\/\/lucacastelli.com\/de\/wp-json\/wp\/v2\/product_brand?post=798556"},{"taxonomy":"product_cat","embeddable":true,"href":"https:\/\/lucacastelli.com\/de\/wp-json\/wp\/v2\/product_cat?post=798556"},{"taxonomy":"product_tag","embeddable":true,"href":"https:\/\/lucacastelli.com\/de\/wp-json\/wp\/v2\/product_tag?post=798556"}],"curies":[{"name":"wp","href":"https:\/\/api.w.org\/{rel}","templated":true}]}}