{"id":798506,"date":"2026-03-14T16:54:15","date_gmt":"2026-03-14T15:54:15","guid":{"rendered":"https:\/\/lucacastelli.com\/?post_type=product&#038;p=798506"},"modified":"2026-03-14T17:46:50","modified_gmt":"2026-03-14T16:46:50","slug":"helly-hansen-herren-massif-graphic-t-shirt-copia-copia-copia","status":"publish","type":"product","link":"https:\/\/lucacastelli.com\/de\/produkt\/helly-hansen-herren-massif-graphic-t-shirt-copia-copia-copia\/","title":{"rendered":"Helly Hansen Herren HP Sirocco Shorts 9&#8243;"},"content":{"rendered":"<div class=\"productDetailsSection_productDescriptionSection__FDg0y\">\n<div class=\"productDescription_productDescription__sJIE6\" data-mt-type=\"product-description\">\n<div class=\"richtext_wrapper__3MzTU productDescription_productDescriptionContent__0A3VB\">Unsere HP Sirocco Shorts 9&#8243; f\u00fcr Herren sind f\u00fcr Leistung und Komfort beim Segeln oder in der Freizeit bei warmem Klima konzipiert. Diese Shorts bestehen aus einem leichten, flexiblen und schnell trocknenden 4-Wege-Stretchgewebe f\u00fcr maximalen Komfort an heissen Tagen. Sie verf\u00fcgen zudem \u00fcber einen elastischen Bund, mehrere Taschen und einen verst\u00e4rkten Schritt f\u00fcr uneingeschr\u00e4nkte Bewegungsfreiheit.  <\/div>\n<\/div>\n<div>\nFaserzusammensetzung:<\/p>\n<div class=\"richtext_wrapper__3MzTU blocks_root__vE_15\">Obermaterial: 86% Polyester (recycelt), 14% Elastan<\/div>\n<\/div>\n<\/div>\n","protected":false},"excerpt":{"rendered":"<p>Unsere HP Sirocco Shorts 9&#8243; f\u00fcr Herren sind f\u00fcr Leistung und Komfort beim Segeln oder in der Freizeit bei warmem<\/p>\n","protected":false},"featured_media":798532,"template":"","meta":{"_seopress_robots_primary_cat":"none","_seopress_titles_title":"","_seopress_titles_desc":"","_seopress_robots_index":""},"product_brand":[3645],"product_cat":[974,975,82],"product_tag":[],"class_list":{"0":"post-798506","1":"product","2":"type-product","3":"status-publish","4":"has-post-thumbnail","6":"product_brand-helly-hansen-de","7":"product_cat-freizeitkleidung","8":"product_cat-herrenbekleidung","9":"product_cat-kleidung","10":"sws-gruppo-abb-libero-de","11":"sws-conto-ricavi-merci-rivendita-abbigliamento-de","12":"sws-gruppo-iva-iva81-de","14":"first","15":"instock","16":"shipping-taxable","17":"purchasable","18":"product-type-variable","19":"has-default-attributes"},"_links":{"self":[{"href":"https:\/\/lucacastelli.com\/de\/wp-json\/wp\/v2\/product\/798506","targetHints":{"allow":["GET"]}}],"collection":[{"href":"https:\/\/lucacastelli.com\/de\/wp-json\/wp\/v2\/product"}],"about":[{"href":"https:\/\/lucacastelli.com\/de\/wp-json\/wp\/v2\/types\/product"}],"wp:featuredmedia":[{"embeddable":true,"href":"https:\/\/lucacastelli.com\/de\/wp-json\/wp\/v2\/media\/798532"}],"wp:attachment":[{"href":"https:\/\/lucacastelli.com\/de\/wp-json\/wp\/v2\/media?parent=798506"}],"wp:term":[{"taxonomy":"product_brand","embeddable":true,"href":"https:\/\/lucacastelli.com\/de\/wp-json\/wp\/v2\/product_brand?post=798506"},{"taxonomy":"product_cat","embeddable":true,"href":"https:\/\/lucacastelli.com\/de\/wp-json\/wp\/v2\/product_cat?post=798506"},{"taxonomy":"product_tag","embeddable":true,"href":"https:\/\/lucacastelli.com\/de\/wp-json\/wp\/v2\/product_tag?post=798506"}],"curies":[{"name":"wp","href":"https:\/\/api.w.org\/{rel}","templated":true}]}}