{"id":798466,"date":"2026-03-14T16:47:31","date_gmt":"2026-03-14T15:47:31","guid":{"rendered":"https:\/\/lucacastelli.com\/?post_type=product&#038;p=798466"},"modified":"2026-03-14T17:45:43","modified_gmt":"2026-03-14T16:45:43","slug":"helly-hansen-herren-massif-graphic-t-shirt-copia-copia","status":"publish","type":"product","link":"https:\/\/lucacastelli.com\/de\/produkt\/helly-hansen-herren-massif-graphic-t-shirt-copia-copia\/","title":{"rendered":"Helly Hansen Herren Crew Sailing Weste 2.0"},"content":{"rendered":"<div class=\"productDetailsSection_productDescriptionSection__FDg0y\">\n<div class=\"productDescription_productDescription__sJIE6\" data-mt-type=\"product-description\">\n<div class=\"richtext_wrapper__3MzTU productDescription_productDescriptionContent__0A3VB\">Die Crew Sailing Weste 2.0 ist eine Herrenweste aus unserer HELLY TECH\u00ae Protection-Technologie, die sie winddicht, wasserdicht und atmungsaktiv macht. Diese Weste verf\u00fcgt zudem \u00fcber vollst\u00e4ndig verschweisste N\u00e4hte, die kein Wasser eindringen lassen. Kragen und Taschen sind aus geb\u00fcrstetem Fleece f\u00fcr zus\u00e4tzliche W\u00e4rme. Die Weste ist mit Netzfutter ausgestattet, um Komfort und Atmungsaktivit\u00e4t zu erh\u00f6hen.   <\/div>\n<\/div>\n<\/div>\n<div class=\"productDetailsSection_productUseForSection__jiMZL\">\n<div class=\"Collapsible accordion_accordionContainerOpen__CclY2 accordion_accordionContainer__onjDO\"><span id=\"collapsible-trigger-_R_5ch5fiv5ubsnp9f999fivb_\" class=\"Collapsible__trigger is-open\" role=\"button\" aria-expanded=\"true\" aria-disabled=\"false\" aria-controls=\"collapsible-content-_R_5ch5fiv5ubsnp9f999fivb_\"><\/span><\/p>\n<div id=\"collapsible-content-_R_5ch5fiv5ubsnp9f999fivb_\" class=\"Collapsible__contentOuter\" role=\"region\" aria-labelledby=\"collapsible-trigger-_R_5ch5fiv5ubsnp9f999fivb_\">\n<div class=\"Collapsible__contentInner\">\n<div class=\"productUseFor_content__27d1q\">\n<div class=\"productUseFor_listItems__FWjC0 productUseFor_listItemsRight__I67vN\">\n<div class=\"productUseFor_listItem__bOFv_ productUseFor_listItemRight__oPxip\">\nFaserzusammensetzung:<\/p>\n<div class=\"richtext_wrapper__3MzTU blocks_root__vE_15\">Obermaterial: 100% Polyester &#8211; Futter: 100% Polyester<\/div>\n<\/div>\n<\/div>\n<\/div>\n<\/div>\n<\/div>\n<\/div>\n<\/div>\n","protected":false},"excerpt":{"rendered":"<p>Die Crew Sailing Weste 2.0 ist eine Herrenweste aus unserer HELLY TECH\u00ae Protection-Technologie, die sie winddicht, wasserdicht und atmungsaktiv macht.<\/p>\n","protected":false},"featured_media":798490,"template":"","meta":{"_seopress_robots_primary_cat":"none","_seopress_titles_title":"","_seopress_titles_desc":"","_seopress_robots_index":""},"product_brand":[3645],"product_cat":[974,975,82],"product_tag":[],"class_list":{"0":"post-798466","1":"product","2":"type-product","3":"status-publish","4":"has-post-thumbnail","6":"product_brand-helly-hansen-de","7":"product_cat-freizeitkleidung","8":"product_cat-herrenbekleidung","9":"product_cat-kleidung","10":"sws-gruppo-abb-libero-de","11":"sws-conto-ricavi-merci-rivendita-abbigliamento-de","12":"sws-gruppo-iva-iva81-de","14":"first","15":"instock","16":"shipping-taxable","17":"purchasable","18":"product-type-variable","19":"has-default-attributes"},"_links":{"self":[{"href":"https:\/\/lucacastelli.com\/de\/wp-json\/wp\/v2\/product\/798466","targetHints":{"allow":["GET"]}}],"collection":[{"href":"https:\/\/lucacastelli.com\/de\/wp-json\/wp\/v2\/product"}],"about":[{"href":"https:\/\/lucacastelli.com\/de\/wp-json\/wp\/v2\/types\/product"}],"wp:featuredmedia":[{"embeddable":true,"href":"https:\/\/lucacastelli.com\/de\/wp-json\/wp\/v2\/media\/798490"}],"wp:attachment":[{"href":"https:\/\/lucacastelli.com\/de\/wp-json\/wp\/v2\/media?parent=798466"}],"wp:term":[{"taxonomy":"product_brand","embeddable":true,"href":"https:\/\/lucacastelli.com\/de\/wp-json\/wp\/v2\/product_brand?post=798466"},{"taxonomy":"product_cat","embeddable":true,"href":"https:\/\/lucacastelli.com\/de\/wp-json\/wp\/v2\/product_cat?post=798466"},{"taxonomy":"product_tag","embeddable":true,"href":"https:\/\/lucacastelli.com\/de\/wp-json\/wp\/v2\/product_tag?post=798466"}],"curies":[{"name":"wp","href":"https:\/\/api.w.org\/{rel}","templated":true}]}}