{"id":798329,"date":"2026-03-14T15:46:08","date_gmt":"2026-03-14T14:46:08","guid":{"rendered":"https:\/\/lucacastelli.com\/prodotto\/helly-hansen-unisex-hp-cap\/"},"modified":"2026-03-14T15:46:08","modified_gmt":"2026-03-14T14:46:08","slug":"helly-hansen-unisex-hp-cap","status":"publish","type":"product","link":"https:\/\/lucacastelli.com\/de\/produkt\/helly-hansen-unisex-hp-cap\/","title":{"rendered":"HELLY HANSEN Unisex HP Cap"},"content":{"rendered":"<p>Die Unisex HP Cap verf\u00fcgt \u00fcber einen leicht gebogenen Schirm, atmungsaktive Mesh-Eins\u00e4tze und einen sicheren Druckknopfverschluss. Das markante Hydropower-Logo ist eine Hommage an den Geist geschwindigkeitsbegeisterter Segler. <\/p>\n<p>Faserzusammensetzung:<\/p>\n<div class=\"richtext_wrapper__3MzTU blocks_root__vE_15\">Obermaterial: 100% Polyester &#8211; Obermaterial 2: 100% Polyester<\/div>\n<div class=\"productDetails_productDetailsCols__K1qqI\">\n<div class=\"productDetails_productDetailsRow__bHp5_\">\n<div class=\"blocks_mobileInlineWrapper__N_Soc\">Gewicht: 85 g<\/div>\n<\/div>\n<\/div>\n","protected":false},"excerpt":{"rendered":"<p>Die Unisex HP Cap verf\u00fcgt \u00fcber einen leicht gebogenen Schirm, atmungsaktive Mesh-Eins\u00e4tze und einen sicheren Druckknopfverschluss. Das markante Hydropower-Logo ist<\/p>\n","protected":false},"featured_media":798185,"template":"","meta":{"_seopress_robots_primary_cat":"none","_seopress_titles_title":"","_seopress_titles_desc":"","_seopress_robots_index":""},"product_brand":[3645],"product_cat":[82,1391],"product_tag":[],"class_list":{"0":"post-798329","1":"product","2":"type-product","3":"status-publish","4":"has-post-thumbnail","6":"product_brand-helly-hansen-de","7":"product_cat-kleidung","8":"product_cat-bekleidungs-accessoires","9":"sws-gruppo-abb-libero-de","10":"sws-conto-ricavi-merci-rivendita-abbigliamento-de","11":"sws-gruppo-iva-iva81-de","13":"first","14":"instock","15":"shipping-taxable","16":"purchasable","17":"product-type-variable","18":"has-default-attributes"},"_links":{"self":[{"href":"https:\/\/lucacastelli.com\/de\/wp-json\/wp\/v2\/product\/798329","targetHints":{"allow":["GET"]}}],"collection":[{"href":"https:\/\/lucacastelli.com\/de\/wp-json\/wp\/v2\/product"}],"about":[{"href":"https:\/\/lucacastelli.com\/de\/wp-json\/wp\/v2\/types\/product"}],"wp:featuredmedia":[{"embeddable":true,"href":"https:\/\/lucacastelli.com\/de\/wp-json\/wp\/v2\/media\/798185"}],"wp:attachment":[{"href":"https:\/\/lucacastelli.com\/de\/wp-json\/wp\/v2\/media?parent=798329"}],"wp:term":[{"taxonomy":"product_brand","embeddable":true,"href":"https:\/\/lucacastelli.com\/de\/wp-json\/wp\/v2\/product_brand?post=798329"},{"taxonomy":"product_cat","embeddable":true,"href":"https:\/\/lucacastelli.com\/de\/wp-json\/wp\/v2\/product_cat?post=798329"},{"taxonomy":"product_tag","embeddable":true,"href":"https:\/\/lucacastelli.com\/de\/wp-json\/wp\/v2\/product_tag?post=798329"}],"curies":[{"name":"wp","href":"https:\/\/api.w.org\/{rel}","templated":true}]}}