{"id":797872,"date":"2026-03-14T14:47:21","date_gmt":"2026-03-14T13:47:21","guid":{"rendered":"https:\/\/lucacastelli.com\/?post_type=product&#038;p=797872"},"modified":"2026-03-14T14:57:57","modified_gmt":"2026-03-14T13:57:57","slug":"helly-hansen-juniors-thalia-2-0-shorts-copia-copia-copia","status":"publish","type":"product","link":"https:\/\/lucacastelli.com\/de\/produkt\/helly-hansen-juniors-thalia-2-0-shorts-copia-copia-copia\/","title":{"rendered":"Helly Hansen HH Quick Dry Cargo-Shorts f\u00fcr Junioren"},"content":{"rendered":"<div class=\"productDetailsSection_productDescriptionSection__FDg0y\">\n<div class=\"productDescription_productDescription__sJIE6\" data-mt-type=\"product-description\">\n<div class=\"richtext_wrapper__3MzTU productDescription_productDescriptionContent__0A3VB\">Die HH Quick Dry Cargo Shorts wurden f\u00fcr Jugendliche entwickelt, die Outdoor-Abenteuer lieben, und sind ideal f\u00fcr dynamische Sommertage. Mit Sonnenschutzfaktor UPF 50+ und schnelltrocknendem Ripstop-Stretchgewebe eignen sie sich perfekt f\u00fcr Abenteuer in der Sonne. Sie sind bequem und praktisch, verf\u00fcgen \u00fcber zwei Einschubtaschen sowie eine zus\u00e4tzliche Beintasche f\u00fcr viel Stauraum und einen verstellbaren Bund f\u00fcr eine individuelle Passform. Diese Shorts sind von der meistverkauften Herrenversion inspiriert und eignen sich perfekt f\u00fcr Wanderungen, das Leben am Meer oder den Alltag.   <\/div>\n<\/div>\n<\/div>\n<div>\nFaserzusammensetzung:<\/p>\n<div class=\"richtext_wrapper__3MzTU blocks_root__vE_15\">Obermaterial: 92 % Polyamid (recycelt), 8 % Elasthan<\/div>\n<\/div>\n","protected":false},"excerpt":{"rendered":"<p>Die HH Quick Dry Cargo Shorts wurden f\u00fcr Jugendliche entwickelt, die Outdoor-Abenteuer lieben, und sind ideal f\u00fcr dynamische Sommertage. Mit<\/p>\n","protected":false},"featured_media":797920,"template":"","meta":{"_seopress_robots_primary_cat":"none","_seopress_titles_title":"","_seopress_titles_desc":"","_seopress_robots_index":""},"product_brand":[3425],"product_cat":[21,189,685],"product_tag":[],"class_list":{"0":"post-797872","1":"product","2":"type-product","3":"status-publish","4":"has-post-thumbnail","6":"product_brand-helly-hansen","7":"product_cat-abbigliamento","8":"product_cat-abbigliamento-per-il-tempo-libero","9":"product_cat-abbigliamento-da-bambino","10":"sws-gruppo-abb-libero-de","11":"sws-conto-ricavi-merci-rivendita-abbigliamento-de","12":"sws-gruppo-iva-iva81-de","14":"first","15":"instock","16":"shipping-taxable","17":"purchasable","18":"product-type-variable","19":"has-default-attributes"},"_links":{"self":[{"href":"https:\/\/lucacastelli.com\/de\/wp-json\/wp\/v2\/product\/797872","targetHints":{"allow":["GET"]}}],"collection":[{"href":"https:\/\/lucacastelli.com\/de\/wp-json\/wp\/v2\/product"}],"about":[{"href":"https:\/\/lucacastelli.com\/de\/wp-json\/wp\/v2\/types\/product"}],"wp:featuredmedia":[{"embeddable":true,"href":"https:\/\/lucacastelli.com\/de\/wp-json\/wp\/v2\/media\/797920"}],"wp:attachment":[{"href":"https:\/\/lucacastelli.com\/de\/wp-json\/wp\/v2\/media?parent=797872"}],"wp:term":[{"taxonomy":"product_brand","embeddable":true,"href":"https:\/\/lucacastelli.com\/de\/wp-json\/wp\/v2\/product_brand?post=797872"},{"taxonomy":"product_cat","embeddable":true,"href":"https:\/\/lucacastelli.com\/de\/wp-json\/wp\/v2\/product_cat?post=797872"},{"taxonomy":"product_tag","embeddable":true,"href":"https:\/\/lucacastelli.com\/de\/wp-json\/wp\/v2\/product_tag?post=797872"}],"curies":[{"name":"wp","href":"https:\/\/api.w.org\/{rel}","templated":true}]}}