{"id":797805,"date":"2026-03-14T14:38:30","date_gmt":"2026-03-14T13:38:30","guid":{"rendered":"https:\/\/lucacastelli.com\/?post_type=product&#038;p=797805"},"modified":"2026-03-14T14:58:04","modified_gmt":"2026-03-14T13:58:04","slug":"helly-hansen-juniors-thalia-2-0-shorts-copia-copia","status":"publish","type":"product","link":"https:\/\/lucacastelli.com\/de\/produkt\/helly-hansen-juniors-thalia-2-0-shorts-copia-copia\/","title":{"rendered":"Helly Hansen Juniors&#8217; HH Graphic T-Shirt"},"content":{"rendered":"<div class=\"productDetailsSection_productDescriptionSection__FDg0y\">\n<div class=\"productDescription_productDescription__sJIE6\" data-mt-type=\"product-description\">\n<div class=\"richtext_wrapper__3MzTU productDescription_productDescriptionContent__0A3VB\">Das HH Graphic T-Shirt f\u00fcr Jugendliche ist f\u00fcr den t\u00e4glichen Gebrauch und zum einfachen Layering konzipiert. Aus weicher, atmungsaktiver Baumwolle gefertigt, ist es perfekt zum alleinigen Tragen an warmen Sommertagen oder als Baselayer in mehrschichtigen Outfits. Klassisches Rundhals-Design und ansprechende Grafikdrucke auf der Vorderseite: Dieses T-Shirt vereint Komfort und Stil. Sie k\u00f6nnen es f\u00fcr die Schule, zum Entspannen zu Hause oder f\u00fcr Ausfl\u00fcge mit Freunden tragen \u2013 ein unverzichtbares Kleidungsst\u00fcck f\u00fcr die Garderobe.   <\/div>\n<\/div>\n<\/div>\n<div class=\"productDetailsSection_productUseForSection__jiMZL\">\n<div class=\"Collapsible accordion_accordionContainerOpen__CclY2 accordion_accordionContainer__onjDO\">\n<p>&nbsp;<\/p>\n<div id=\"collapsible-content-_r_0_\" class=\"Collapsible__contentOuter\" role=\"region\" aria-labelledby=\"collapsible-trigger-_r_0_\">\n<div class=\"productUseFor_listItem__bOFv_ productUseFor_listItemRight__oPxip\">Fasergehalt: Obermaterial: 100 % Baumwolle<\/div>\n<div>Gewicht: 70 g<\/div>\n<\/div>\n<\/div>\n<\/div>\n","protected":false},"excerpt":{"rendered":"<p>Das HH Graphic T-Shirt f\u00fcr Jugendliche ist f\u00fcr den t\u00e4glichen Gebrauch und zum einfachen Layering konzipiert. Aus weicher, atmungsaktiver Baumwolle<\/p>\n","protected":false},"featured_media":797841,"template":"","meta":{"_seopress_robots_primary_cat":"none","_seopress_titles_title":"","_seopress_titles_desc":"","_seopress_robots_index":""},"product_brand":[3425],"product_cat":[21,189,685],"product_tag":[],"class_list":{"0":"post-797805","1":"product","2":"type-product","3":"status-publish","4":"has-post-thumbnail","6":"product_brand-helly-hansen","7":"product_cat-abbigliamento","8":"product_cat-abbigliamento-per-il-tempo-libero","9":"product_cat-abbigliamento-da-bambino","10":"sws-gruppo-abb-libero-de","11":"sws-conto-ricavi-merci-rivendita-abbigliamento-de","12":"sws-gruppo-iva-iva81-de","14":"first","15":"instock","16":"shipping-taxable","17":"purchasable","18":"product-type-variable","19":"has-default-attributes"},"_links":{"self":[{"href":"https:\/\/lucacastelli.com\/de\/wp-json\/wp\/v2\/product\/797805","targetHints":{"allow":["GET"]}}],"collection":[{"href":"https:\/\/lucacastelli.com\/de\/wp-json\/wp\/v2\/product"}],"about":[{"href":"https:\/\/lucacastelli.com\/de\/wp-json\/wp\/v2\/types\/product"}],"wp:featuredmedia":[{"embeddable":true,"href":"https:\/\/lucacastelli.com\/de\/wp-json\/wp\/v2\/media\/797841"}],"wp:attachment":[{"href":"https:\/\/lucacastelli.com\/de\/wp-json\/wp\/v2\/media?parent=797805"}],"wp:term":[{"taxonomy":"product_brand","embeddable":true,"href":"https:\/\/lucacastelli.com\/de\/wp-json\/wp\/v2\/product_brand?post=797805"},{"taxonomy":"product_cat","embeddable":true,"href":"https:\/\/lucacastelli.com\/de\/wp-json\/wp\/v2\/product_cat?post=797805"},{"taxonomy":"product_tag","embeddable":true,"href":"https:\/\/lucacastelli.com\/de\/wp-json\/wp\/v2\/product_tag?post=797805"}],"curies":[{"name":"wp","href":"https:\/\/api.w.org\/{rel}","templated":true}]}}