{"id":797504,"date":"2026-03-14T13:01:58","date_gmt":"2026-03-14T12:01:58","guid":{"rendered":"https:\/\/lucacastelli.com\/prodotto\/helly-hansen-juniors-thalia-2-0-shorts\/"},"modified":"2026-03-14T13:01:58","modified_gmt":"2026-03-14T12:01:58","slug":"helly-hansen-juniors-thalia-2-0-shorts","status":"publish","type":"product","link":"https:\/\/lucacastelli.com\/de\/produkt\/helly-hansen-juniors-thalia-2-0-shorts\/","title":{"rendered":"Helly Hansen Juniors&#8217; Thalia 2.0 Shorts"},"content":{"rendered":"<div class=\"productDetailsSection_productDescriptionSection__FDg0y\">\n<div class=\"productDescription_productDescription__sJIE6\" data-mt-type=\"product-description\">\n<div class=\"richtext_wrapper__3MzTU productDescription_productDescriptionContent__0A3VB\">Die Thalia Shorts 2.0 f\u00fcr M\u00e4dchen sind aus einem atmungsaktiven Gewebe mit feuchtigkeitsableitender Ausr\u00fcstung gefertigt und perfekt f\u00fcr junge Athletinnen. Sie bieten volle Bewegungsfreiheit dank elastischem Bund und 4-Wege-Stretch-Gewebe sowie einer atmungsaktiven Ausr\u00fcstung. Und sie haben Taschen! Diese Shorts sind bluesign\u00ae-zertifiziert und enthalten recycelte Ocean Bound-Materialien, die innerhalb von 50 km von der K\u00fcste oder entlang wichtiger Wasserl\u00e4ufe in Regionen gesammelt wurden, die von Plastikverschmutzung bedroht sind. Siehe Zusammensetzung f\u00fcr weitere Details.    <\/div>\n<\/div>\n<\/div>\n<div><\/div>\n<div><\/div>\n<div class=\"productUseFor_listItem__bOFv_ productUseFor_listItemRight__oPxip\">\n<p>Faserzusammensetzung:<\/p>\n<div class=\"richtext_wrapper__3MzTU blocks_root__vE_15\">Obermaterial: 86% Polyester (recycelt), 14% Elastan<\/div>\n<\/div>\n","protected":false},"excerpt":{"rendered":"<p>Die Thalia Shorts 2.0 f\u00fcr M\u00e4dchen sind aus einem atmungsaktiven Gewebe mit feuchtigkeitsableitender Ausr\u00fcstung gefertigt und perfekt f\u00fcr junge Athletinnen.<\/p>\n","protected":false},"featured_media":797422,"template":"","meta":{"_seopress_robots_primary_cat":"none","_seopress_titles_title":"","_seopress_titles_desc":"","_seopress_robots_index":""},"product_brand":[3645],"product_cat":[974,1385,82],"product_tag":[],"class_list":{"0":"post-797504","1":"product","2":"type-product","3":"status-publish","4":"has-post-thumbnail","6":"product_brand-helly-hansen-de","7":"product_cat-freizeitkleidung","8":"product_cat-kinderbekleidung","9":"product_cat-kleidung","10":"sws-gruppo-abb-libero-de","11":"sws-conto-ricavi-merci-rivendita-abbigliamento-de","12":"sws-gruppo-iva-iva81-de","14":"first","15":"instock","16":"shipping-taxable","17":"purchasable","18":"product-type-variable","19":"has-default-attributes"},"_links":{"self":[{"href":"https:\/\/lucacastelli.com\/de\/wp-json\/wp\/v2\/product\/797504","targetHints":{"allow":["GET"]}}],"collection":[{"href":"https:\/\/lucacastelli.com\/de\/wp-json\/wp\/v2\/product"}],"about":[{"href":"https:\/\/lucacastelli.com\/de\/wp-json\/wp\/v2\/types\/product"}],"wp:featuredmedia":[{"embeddable":true,"href":"https:\/\/lucacastelli.com\/de\/wp-json\/wp\/v2\/media\/797422"}],"wp:attachment":[{"href":"https:\/\/lucacastelli.com\/de\/wp-json\/wp\/v2\/media?parent=797504"}],"wp:term":[{"taxonomy":"product_brand","embeddable":true,"href":"https:\/\/lucacastelli.com\/de\/wp-json\/wp\/v2\/product_brand?post=797504"},{"taxonomy":"product_cat","embeddable":true,"href":"https:\/\/lucacastelli.com\/de\/wp-json\/wp\/v2\/product_cat?post=797504"},{"taxonomy":"product_tag","embeddable":true,"href":"https:\/\/lucacastelli.com\/de\/wp-json\/wp\/v2\/product_tag?post=797504"}],"curies":[{"name":"wp","href":"https:\/\/api.w.org\/{rel}","templated":true}]}}