{"id":796159,"date":"2026-03-13T11:49:00","date_gmt":"2026-03-13T10:49:00","guid":{"rendered":"https:\/\/lucacastelli.com\/prodotto\/milwaukee-strickmuetze-mit-umschlag-schwarz\/"},"modified":"2026-03-13T11:49:00","modified_gmt":"2026-03-13T10:49:00","slug":"milwaukee-strickmuetze-mit-umschlag-schwarz","status":"publish","type":"product","link":"https:\/\/lucacastelli.com\/de\/produkt\/milwaukee-strickmuetze-mit-umschlag-schwarz\/","title":{"rendered":"Milwaukee Strickm\u00fctze mit Umschlag, schwarz"},"content":{"rendered":"<p>Die Milwaukee Strickm\u00fctze mit Umschlag wurde entwickelt, um Sie bei kaltem Wetter warm und komfortabel zu halten. Aus doppellagigem Grobstrick gefertigt, speichert sie die W\u00e4rme effizient, w\u00e4hrend das weiche Material aus 100 % Acryl f\u00fcr ein kratzfreies Tragegef\u00fchl sorgt. Das flexible Strickdesign garantiert einen sicheren Sitz f\u00fcr verschiedene Kopfgr\u00f6ssen, ohne die Form zu verlieren. Ideal f\u00fcr die Baustelle oder den Alltag \u2013 diese M\u00fctze ist auch in anderen Farben erh\u00e4ltlich.   <\/p>\n<p>&nbsp;<\/p>\n<p>Spezifikationen<br \/>\nFarbe: Schwarz<br \/>\nMaterial: 100 % Acryl<br \/>\nGr\u00f6sse: Einheitsgr\u00f6sse<\/p>\n","protected":false},"excerpt":{"rendered":"<p>Die Milwaukee Strickm\u00fctze mit Umschlag wurde entwickelt, um Sie bei kaltem Wetter warm und komfortabel zu halten. Aus doppellagigem Grobstrick<\/p>\n","protected":false},"featured_media":795221,"template":"","meta":{"_seopress_robots_primary_cat":"none","_seopress_titles_title":"","_seopress_titles_desc":"","_seopress_robots_index":""},"product_brand":[3656],"product_cat":[1391,82],"product_tag":[],"class_list":{"0":"post-796159","1":"product","2":"type-product","3":"status-publish","4":"has-post-thumbnail","6":"product_brand-milwaukee-de","7":"product_cat-bekleidungs-accessoires","8":"product_cat-kleidung","9":"sws-gruppo-abb-libero-de","10":"sws-conto-ricavi-merci-rivendita-abbigliamento-de","11":"sws-gruppo-iva-iva81-de","13":"first","14":"instock","15":"shipping-taxable","16":"purchasable","17":"product-type-simple"},"_links":{"self":[{"href":"https:\/\/lucacastelli.com\/de\/wp-json\/wp\/v2\/product\/796159","targetHints":{"allow":["GET"]}}],"collection":[{"href":"https:\/\/lucacastelli.com\/de\/wp-json\/wp\/v2\/product"}],"about":[{"href":"https:\/\/lucacastelli.com\/de\/wp-json\/wp\/v2\/types\/product"}],"wp:featuredmedia":[{"embeddable":true,"href":"https:\/\/lucacastelli.com\/de\/wp-json\/wp\/v2\/media\/795221"}],"wp:attachment":[{"href":"https:\/\/lucacastelli.com\/de\/wp-json\/wp\/v2\/media?parent=796159"}],"wp:term":[{"taxonomy":"product_brand","embeddable":true,"href":"https:\/\/lucacastelli.com\/de\/wp-json\/wp\/v2\/product_brand?post=796159"},{"taxonomy":"product_cat","embeddable":true,"href":"https:\/\/lucacastelli.com\/de\/wp-json\/wp\/v2\/product_cat?post=796159"},{"taxonomy":"product_tag","embeddable":true,"href":"https:\/\/lucacastelli.com\/de\/wp-json\/wp\/v2\/product_tag?post=796159"}],"curies":[{"name":"wp","href":"https:\/\/api.w.org\/{rel}","templated":true}]}}