{"id":796017,"date":"2026-04-12T16:09:30","date_gmt":"2026-04-12T14:09:30","guid":{"rendered":"https:\/\/lucacastelli.com\/?post_type=product&#038;p=796017"},"modified":"2026-03-13T19:37:30","modified_gmt":"2026-03-13T18:37:30","slug":"la-sportiva-bushido-iii-damen-copia","status":"publish","type":"product","link":"https:\/\/lucacastelli.com\/de\/produkt\/la-sportiva-bushido-iii-damen-copia\/","title":{"rendered":"La Sportiva Bushido III Woman"},"content":{"rendered":"<p>Bushido III, die neue Edition des Kultschuhs aus der Welt der Skyrace: pr\u00e4zise und aggressiv, garantiert perfekte Stabilit\u00e4t auf jedem Off-Road-Gel\u00e4nde. Die Details, die dieses Modell zu einem der meistverkauften der La Sportiva Kollektion gemacht haben, wurden beibehalten und weiter verbessert: Die Zwei-Komponenten-Sohle FriXion\u00ae Red erh\u00f6ht den Grip dank neu gestalteter Stollen und die neue Konstruktion der Seitenpaneele bietet noch mehr Atmungsaktivit\u00e4t. Zwei Passform-Optionen: die klassische umschliessende Form und die pr\u00e4zise Bushido-Form, sowie eine zweite WIDE-Version: das gleiche umschliessende Gef\u00fchl, aber mit etwas mehr Volumen.  <\/p>\n<p>Technische Informationen:<\/p>\n<p>Gewicht: 250 g 1\/2 PAAR<br \/>\nGr\u00f6ssen: 36 &#8211; 43 + \u00bd<br \/>\nSohle: FriXion\u00ae Red<\/p>\n","protected":false},"excerpt":{"rendered":"<p>Bushido III, die neue Edition des Kultschuhs aus der Welt der Skyrace: pr\u00e4zise und aggressiv, garantiert perfekte Stabilit\u00e4t auf jedem<\/p>\n","protected":false},"featured_media":796048,"template":"","meta":{"_seopress_robots_primary_cat":"none","_seopress_titles_title":"","_seopress_titles_desc":"","_seopress_robots_index":""},"product_brand":[3649],"product_cat":[175,1419,1430],"product_tag":[],"class_list":{"0":"post-796017","1":"product","2":"type-product","3":"status-publish","4":"has-post-thumbnail","6":"product_brand-la-sportiva-de","7":"product_cat-schuhe","8":"product_cat-freizeitschuhe","9":"product_cat-damen-schuhe","11":"first","12":"instock","13":"shipping-taxable","14":"purchasable","15":"product-type-variable","16":"has-default-attributes"},"_links":{"self":[{"href":"https:\/\/lucacastelli.com\/de\/wp-json\/wp\/v2\/product\/796017","targetHints":{"allow":["GET"]}}],"collection":[{"href":"https:\/\/lucacastelli.com\/de\/wp-json\/wp\/v2\/product"}],"about":[{"href":"https:\/\/lucacastelli.com\/de\/wp-json\/wp\/v2\/types\/product"}],"wp:featuredmedia":[{"embeddable":true,"href":"https:\/\/lucacastelli.com\/de\/wp-json\/wp\/v2\/media\/796048"}],"wp:attachment":[{"href":"https:\/\/lucacastelli.com\/de\/wp-json\/wp\/v2\/media?parent=796017"}],"wp:term":[{"taxonomy":"product_brand","embeddable":true,"href":"https:\/\/lucacastelli.com\/de\/wp-json\/wp\/v2\/product_brand?post=796017"},{"taxonomy":"product_cat","embeddable":true,"href":"https:\/\/lucacastelli.com\/de\/wp-json\/wp\/v2\/product_cat?post=796017"},{"taxonomy":"product_tag","embeddable":true,"href":"https:\/\/lucacastelli.com\/de\/wp-json\/wp\/v2\/product_tag?post=796017"}],"curies":[{"name":"wp","href":"https:\/\/api.w.org\/{rel}","templated":true}]}}