{"id":786836,"date":"2026-03-11T19:21:55","date_gmt":"2026-03-11T18:21:55","guid":{"rendered":"https:\/\/lucacastelli.com\/?post_type=product&#038;p=786836"},"modified":"2026-04-13T22:02:59","modified_gmt":"2026-04-13T20:02:59","slug":"la-sportiva-tx4-evo-copia","status":"publish","type":"product","link":"https:\/\/lucacastelli.com\/de\/produkt\/la-sportiva-tx4-evo-copia\/","title":{"rendered":"LA SPORTIVA TX4 EVO"},"content":{"rendered":"<p>Der TX4 Evo ist ein Lederschuh, der f\u00fcr maximale Stabilit\u00e4t und Grip auch auf schwierigem Gel\u00e4nde entwickelt wurde. Ideal f\u00fcr technische Zustiege und einfache Kletterpassagen, bietet er dank der Materialien des Schafts und der grossz\u00fcgigen Innenvolumen unvergleichlichen Komfort. Die Laufsohle mit Vibram\u00ae MegaGrip-Mischung und patentierter Impact Brake System\u2122-Stollenstruktur gew\u00e4hrleistet stets maximale Stabilit\u00e4t beim Abstieg und perfekte Traktionskontrolle beim Aufstieg. Die grossz\u00fcgige Climbing Zone im Zehenbereich garantiert Pr\u00e4zision und hervorragenden Halt beim Klettern und bei heiklen Passagen. Die spezielle Zwischensohle mit patentiertem Resole Platform\u2122-Einsatz erm\u00f6glicht das Neu-Besohlen des TX4 Evo, ohne die technischen Eigenschaften und den Komfort zu beeintr\u00e4chtigen. Die Schuhe neu zu besohlen bedeutet,<br \/>\nderen Lebenszyklus zu verl\u00e4ngern und somit Verschwendung zu vermeiden.     <\/p>\n<p>PLUS<br \/>\n+ Schn\u00fcrsystem aus dem Kletterbereich f\u00fcr optimale Volumenanpassung<br \/>\n+ Schutzgewebe auf der vorderen medialen Seite der Zwischensohle zum Schutz vor Abrieb<br \/>\n+ Resole Platform\u2122: Das Sohlenpaket ist f\u00fcr einfaches und schnelles Neu-Besohlen durch Austausch der Laufsohle mit Originalkomponenten von La Sportiva konzipiert<\/p>\n<p>TECH INFO<\/p>\n<p>Schaft: Veloursleder + Gummischutzrand und Gummischutzkappe<br \/>\nFutter: Mesh<br \/>\nEinlegesohle: Ortholite\u00ae Hybrid Approach 4 mm<br \/>\nZwischensohle: Kompressions-EVA<br \/>\nSohle: Vibram\u00ae MegaGrip with IBS<br \/>\nPatente: Resole Platform\u2122 &#8211; Impact Brake System\u2122<\/p>\n","protected":false},"excerpt":{"rendered":"<p>Der TX4 Evo ist ein Lederschuh, der f\u00fcr maximale Stabilit\u00e4t und Grip auch auf schwierigem Gel\u00e4nde entwickelt wurde. Ideal f\u00fcr<\/p>\n","protected":false},"featured_media":787005,"template":"","meta":{"_seopress_robots_primary_cat":"none","_seopress_titles_title":"","_seopress_titles_desc":"","_seopress_robots_index":""},"product_brand":[3649],"product_cat":[1419,1431,175],"product_tag":[],"class_list":{"0":"post-786836","1":"product","2":"type-product","3":"status-publish","4":"has-post-thumbnail","6":"product_brand-la-sportiva-de","7":"product_cat-freizeitschuhe","8":"product_cat-herrenschuhe","9":"product_cat-schuhe","10":"sws-gruppo-abb-libero-de","11":"sws-conto-ricavi-merci-rivendita-abbigliamento-de","12":"sws-gruppo-iva-iva81-de","14":"first","15":"instock","16":"shipping-taxable","17":"purchasable","18":"product-type-variable","19":"has-default-attributes"},"_links":{"self":[{"href":"https:\/\/lucacastelli.com\/de\/wp-json\/wp\/v2\/product\/786836","targetHints":{"allow":["GET"]}}],"collection":[{"href":"https:\/\/lucacastelli.com\/de\/wp-json\/wp\/v2\/product"}],"about":[{"href":"https:\/\/lucacastelli.com\/de\/wp-json\/wp\/v2\/types\/product"}],"wp:featuredmedia":[{"embeddable":true,"href":"https:\/\/lucacastelli.com\/de\/wp-json\/wp\/v2\/media\/787005"}],"wp:attachment":[{"href":"https:\/\/lucacastelli.com\/de\/wp-json\/wp\/v2\/media?parent=786836"}],"wp:term":[{"taxonomy":"product_brand","embeddable":true,"href":"https:\/\/lucacastelli.com\/de\/wp-json\/wp\/v2\/product_brand?post=786836"},{"taxonomy":"product_cat","embeddable":true,"href":"https:\/\/lucacastelli.com\/de\/wp-json\/wp\/v2\/product_cat?post=786836"},{"taxonomy":"product_tag","embeddable":true,"href":"https:\/\/lucacastelli.com\/de\/wp-json\/wp\/v2\/product_tag?post=786836"}],"curies":[{"name":"wp","href":"https:\/\/api.w.org\/{rel}","templated":true}]}}