{"id":779962,"date":"2026-03-10T17:10:49","date_gmt":"2026-03-10T16:10:49","guid":{"rendered":"https:\/\/lucacastelli.com\/?post_type=product&#038;p=779962"},"modified":"2026-04-23T18:19:17","modified_gmt":"2026-04-23T16:19:17","slug":"la-sportiva-helios-iii-copia","status":"publish","type":"product","link":"https:\/\/lucacastelli.com\/de\/produkt\/la-sportiva-helios-iii-copia\/","title":{"rendered":"La Sportiva Helios III"},"content":{"rendered":"<p>Der Helios III ist der \u201eDoor-to-Trail\u201c-Schuh, der f\u00fcr Trainingseinheiten und L\u00e4ufe auf hartem Offroad-Gel\u00e4nde konzipiert wurde. Es handelt sich um ein Produkt mit Athleisure-Fokus, dessen leichtes und atmungsaktives Obermaterial aus einer einzigartigen, thermogeklebten Kombination aus Ripstop-Gewebe, Mono-Bava-Netz, Sandwich-Mesh und TPU-Verst\u00e4rkungen besteht. Die Passform ist extrem bequem und umschliessend, abgeleitet vom Modell Helios SR. Die Fersenkappe verhindert ein Einknicken beim Anziehen, w\u00e4hrend der weiche, umschliessende Schaftrand mit 3D-Foam-Polstern einen perfekten Tragekomfort garantiert. Die Laufsohle besteht aus der langlebigen FriXion Blue-Mischung: ideal f\u00fcr den Einsatz auf hartem und felsigem Untergrund. Die geformte, thermogeformte Zehenkappe tr\u00e4gt zur allgemeinen Leichtigkeit des Produkts bei und sch\u00fctzt gleichzeitig vor frontalen St\u00f6ssen. Die gespritzte EVA-Zwischensohle mit MorphoDynamic-Technologie garantiert die f\u00fcr das Modell Helios seit seiner Markteinf\u00fchrung typische hohe D\u00e4mpfung, w\u00e4hrend der Cushioning Platform-Einsatz die D\u00e4mpfungseigenschaften und den allgemeinen Komfort weiter erh\u00f6ht. Helios III: time to fly, again.      <\/p>\n<p>&nbsp;<\/p>\n<p><strong>Tech Info<\/strong><br \/>\n<strong>Obermaterial:<\/strong><br \/>\nMono-Bava-Netz + Ripstop-Gewebe + Sandwich-Mesh + TPU-Verst\u00e4rkungen<br \/>\n<strong>Futter:<\/strong><br \/>\nRutschfestes Mesh<br \/>\n<strong>Zwischensohle:<\/strong><br \/>\nGespritztes MEMElex EVA und Cushioning Platform-Einsatz<br \/>\n<strong>Sohle:<\/strong><br \/>\nFriXion\u00ae Blue mit Impact Brake System<br \/>\n<strong>Gewicht:<\/strong><br \/>\n219 g (halbes Paar)<br \/>\n<strong>Einlegesohle:<\/strong><br \/>\nOrtholite\u00ae Mountain Running Ergonomic 4 mm<br \/>\nSprengung:<br \/>\n4 mm<\/p>\n","protected":false},"excerpt":{"rendered":"<p>Der Helios III ist der \u201eDoor-to-Trail\u201c-Schuh, der f\u00fcr Trainingseinheiten und L\u00e4ufe auf hartem Offroad-Gel\u00e4nde konzipiert wurde. Es handelt sich um<\/p>\n","protected":false},"featured_media":780126,"template":"","meta":{"_seopress_robots_primary_cat":"none","_seopress_titles_title":"","_seopress_titles_desc":"","_seopress_robots_index":""},"product_brand":[3649],"product_cat":[175,1419,1431],"product_tag":[],"class_list":{"0":"post-779962","1":"product","2":"type-product","3":"status-publish","4":"has-post-thumbnail","6":"product_brand-la-sportiva-de","7":"product_cat-schuhe","8":"product_cat-freizeitschuhe","9":"product_cat-herrenschuhe","11":"first","12":"instock","13":"sale","14":"shipping-taxable","15":"purchasable","16":"product-type-variable","17":"has-default-attributes"},"_links":{"self":[{"href":"https:\/\/lucacastelli.com\/de\/wp-json\/wp\/v2\/product\/779962","targetHints":{"allow":["GET"]}}],"collection":[{"href":"https:\/\/lucacastelli.com\/de\/wp-json\/wp\/v2\/product"}],"about":[{"href":"https:\/\/lucacastelli.com\/de\/wp-json\/wp\/v2\/types\/product"}],"wp:featuredmedia":[{"embeddable":true,"href":"https:\/\/lucacastelli.com\/de\/wp-json\/wp\/v2\/media\/780126"}],"wp:attachment":[{"href":"https:\/\/lucacastelli.com\/de\/wp-json\/wp\/v2\/media?parent=779962"}],"wp:term":[{"taxonomy":"product_brand","embeddable":true,"href":"https:\/\/lucacastelli.com\/de\/wp-json\/wp\/v2\/product_brand?post=779962"},{"taxonomy":"product_cat","embeddable":true,"href":"https:\/\/lucacastelli.com\/de\/wp-json\/wp\/v2\/product_cat?post=779962"},{"taxonomy":"product_tag","embeddable":true,"href":"https:\/\/lucacastelli.com\/de\/wp-json\/wp\/v2\/product_tag?post=779962"}],"curies":[{"name":"wp","href":"https:\/\/api.w.org\/{rel}","templated":true}]}}