{"id":779801,"date":"2026-03-10T16:34:41","date_gmt":"2026-03-10T15:34:41","guid":{"rendered":"https:\/\/lucacastelli.com\/prodotto\/la-sportiva-spire-woman-gtx\/"},"modified":"2026-03-10T16:34:41","modified_gmt":"2026-03-10T15:34:41","slug":"la-sportiva-spire-woman-gtx","status":"publish","type":"product","link":"https:\/\/lucacastelli.com\/de\/produkt\/la-sportiva-spire-woman-gtx\/","title":{"rendered":"La Sportiva Spire Woman GTX"},"content":{"rendered":"<p>Low-Cut-Schuh der neuen Generation f\u00fcr schnelle Wanderungen. Nutzt L\u00f6sungen aus der DNA von La Sportiva und kombiniert sie mit Konzepten und Technologien aus der Welt des Mountain Running f\u00fcr ein vielseitiges und wasserdichtes Produkt dank der neuen GORE-TEX SURROUND\u00ae Technologie. <\/p>\n<p>Spire ist ein Bergschuh der neuen Generation f\u00fcr schnelle Wanderungen. Nutzt L\u00f6sungen aus der DNA von La Sportiva und kombiniert sie mit Konzepten und Technologien aus der Welt des Mountain Running f\u00fcr ein vielseitiges und wasserdichtes Produkt dank der neuen GORE-TEX SURROUND\u00ae Technologie: eine exklusive L\u00f6sung, die vollst\u00e4ndige Atmungsaktivit\u00e4t garantiert durch die Vergr\u00f6sserung der Bel\u00fcftungsfl\u00e4che des Schafts, der Einlegesohle und der EVA-Zwischensohle sowie des seitlich perforierten TPU. Die Bel\u00fcftungskan\u00e4le, die an der L\u00e4ngsseite der Zwischensohle sichtbar sind, werden durch ein kleines, sehr widerstandsf\u00e4higes Nylonnetz gesch\u00fctzt, um das Eindringen von kleinen Steinen und Verunreinigungen zu verhindern. Der Mid-Cut-Schaft wurde mit der Nano-Cells 2.0\u2122 Struktur gefertigt, die aus kleinen, super atmungsaktiven Zellen besteht, die mit GORE-TEX SURROUND\u00ae f\u00fcr erh\u00f6hte Atmungsaktivit\u00e4t interagieren. Der untere Teil des Schuhs wurde mit dem Stability Control System\u2122 integriert, das Anti-Torsions-Stabilisierung bietet und die Bel\u00fcftungskan\u00e4le der GORE-TEX SURROUND\u00ae Technologie integriert. Das Profil des Schuhs mit Vibram XS Trek Gummimischung bietet optimalen Grip auf hartem, weichem und schlammigem Untergrund. Atmungsaktivit\u00e4t und Komfort rund um die Uhr.      <\/p>\n<h3>Technische Informationen<\/h3>\n<p><b>Wasserdichte Membran: <\/b>GORE-TEX Surround\u00ae<\/p>\n<p><b>Sohlenh\u00f6he (mm) &#8211; Ferse: <\/b>32<\/p>\n<p><b>Sohlenh\u00f6he (mm) &#8211; Vorfuss: <\/b>26<\/p>\n<p><b>Sprengung (mm): <\/b>6<\/p>\n<p><b>Stollenh\u00f6he (mm): <\/b>5<\/p>\n<p><b>Weite Passform: <\/b>Nein<\/p>\n<p><b>Einlegesohle: <\/b>Ortholite\u00ae Hybrid Mountain Hiking 5 mm<\/p>\n<p><b>Futter: <\/b>GORE-TEX Surround\u00ae.<\/p>\n<p><b>Zwischensohle: <\/b>D\u00e4mpfendes komprimiertes EVA mit TPU-Seitenw\u00e4nden und Bel\u00fcftungskan\u00e4len in GORE-TEX Surround\u00ae<\/p>\n<p><b>Aussensohle: <\/b>Vibram\u00ae XS Trek mit IBS<\/p>\n<p><b>Schaft: <\/b>Hochgradig abriebfestes atmungsaktives Mesh mit Nano Cell 2.0\u2122 Struktur und Zehenkappe und Ferse aus PU-Tech Lite\u2122<\/p>\n","protected":false},"excerpt":{"rendered":"<p>Low-Cut-Schuh der neuen Generation f\u00fcr schnelle Wanderungen. Nutzt L\u00f6sungen aus der DNA von La Sportiva und kombiniert sie mit Konzepten<\/p>\n","protected":false},"featured_media":779771,"template":"","meta":{"_seopress_robots_primary_cat":"none","_seopress_titles_title":"","_seopress_titles_desc":"","_seopress_robots_index":""},"product_brand":[3649],"product_cat":[175,1419,1430],"product_tag":[],"class_list":{"0":"post-779801","1":"product","2":"type-product","3":"status-publish","4":"has-post-thumbnail","6":"product_brand-la-sportiva-de","7":"product_cat-schuhe","8":"product_cat-freizeitschuhe","9":"product_cat-damen-schuhe","10":"sws-gruppo-abb-libero-de","11":"sws-conto-ricavi-merci-rivendita-abbigliamento-de","12":"sws-gruppo-iva-iva81-de","14":"first","15":"instock","16":"shipping-taxable","17":"purchasable","18":"product-type-variable","19":"has-default-attributes"},"_links":{"self":[{"href":"https:\/\/lucacastelli.com\/de\/wp-json\/wp\/v2\/product\/779801","targetHints":{"allow":["GET"]}}],"collection":[{"href":"https:\/\/lucacastelli.com\/de\/wp-json\/wp\/v2\/product"}],"about":[{"href":"https:\/\/lucacastelli.com\/de\/wp-json\/wp\/v2\/types\/product"}],"wp:featuredmedia":[{"embeddable":true,"href":"https:\/\/lucacastelli.com\/de\/wp-json\/wp\/v2\/media\/779771"}],"wp:attachment":[{"href":"https:\/\/lucacastelli.com\/de\/wp-json\/wp\/v2\/media?parent=779801"}],"wp:term":[{"taxonomy":"product_brand","embeddable":true,"href":"https:\/\/lucacastelli.com\/de\/wp-json\/wp\/v2\/product_brand?post=779801"},{"taxonomy":"product_cat","embeddable":true,"href":"https:\/\/lucacastelli.com\/de\/wp-json\/wp\/v2\/product_cat?post=779801"},{"taxonomy":"product_tag","embeddable":true,"href":"https:\/\/lucacastelli.com\/de\/wp-json\/wp\/v2\/product_tag?post=779801"}],"curies":[{"name":"wp","href":"https:\/\/api.w.org\/{rel}","templated":true}]}}