{"id":776031,"date":"2026-03-09T04:59:00","date_gmt":"2026-03-09T03:59:00","guid":{"rendered":"https:\/\/lucacastelli.com\/prodotto\/la-sportiva-boulder-x-mid-gtx\/"},"modified":"2026-03-09T04:59:00","modified_gmt":"2026-03-09T03:59:00","slug":"la-sportiva-boulder-x-mid-gtx","status":"publish","type":"product","link":"https:\/\/lucacastelli.com\/de\/produkt\/la-sportiva-boulder-x-mid-gtx\/","title":{"rendered":"La Sportiva Boulder X Mid GTX"},"content":{"rendered":"<p>Leichtes, halbhohes Modell, wasserdicht und atmungsaktiv, empfohlen f\u00fcr technische Zustiege und Trekking. Besonders geeignet f\u00fcr Bergf\u00fchrer und die Bergrettung. <\/p>\n<p>Das Obermaterial ist umlaufend durch einen Gummirand gesch\u00fctzt, der vor St\u00f6\u00dfen bewahrt. Das GORE-TEX-Futter garantiert optimalen Klimakomfort, auch nach vielen Stunden. Das patentierte Schn\u00fcrsystem stammt aus dem Mythos-Projekt. Die 2 mm EVA-Brandsohle verbessert die D\u00e4mpfung beim Aufprall und tr\u00e4gt zum allgemeinen Komfort des Schuhs bei. Die Vibram\u00ae-Sohle mit Impact Brake System verf\u00fcgt \u00fcber eine Climbing Zone f\u00fcr maximalen Grip beim Klettern.    <\/p>\n<h3>Tech Info<\/h3>\n<p><b>Wasserdichte Membran: <\/b>GORE-TEX Extended Comfort<\/p>\n<p><b>Sohlenh\u00f6he (mm) \u2013 Ferse: <\/b>31<\/p>\n<p><b>Sohlenh\u00f6he (mm) \u2013 Vorfu\u00df: <\/b>23<\/p>\n<p><b>Sprengung (mm): <\/b>8<\/p>\n<p><b>Sprengung (mm): <\/b>6<\/p>\n<p><b>Weite Passform: <\/b>Nein<\/p>\n<p><b>Einlegesohle: <\/b>A003 La Sportiva Approach Insole<\/p>\n<p><b>Futter: <\/b>GORE-TEX Extended Comfort<\/p>\n<p><b>Zwischensohle: <\/b>Abgestufte mikropor\u00f6se Zwischensohle<\/p>\n","protected":false},"excerpt":{"rendered":"<p>Leichtes, halbhohes Modell, wasserdicht und atmungsaktiv, empfohlen f\u00fcr technische Zustiege und Trekking. Besonders geeignet f\u00fcr Bergf\u00fchrer und die Bergrettung. Das<\/p>\n","protected":false},"featured_media":776011,"template":"","meta":{"_seopress_robots_primary_cat":"","_seopress_titles_title":"","_seopress_titles_desc":"","_seopress_robots_index":""},"product_brand":[3649],"product_cat":[82],"product_tag":[],"class_list":{"0":"post-776031","1":"product","2":"type-product","3":"status-publish","4":"has-post-thumbnail","6":"product_brand-la-sportiva-de","7":"product_cat-kleidung","8":"sws-gruppo-abb-libero-de","9":"sws-conto-ricavi-merci-rivendita-abbigliamento-de","10":"sws-gruppo-iva-iva81-de","12":"first","13":"instock","14":"shipping-taxable","15":"purchasable","16":"product-type-variable","17":"has-default-attributes"},"_links":{"self":[{"href":"https:\/\/lucacastelli.com\/de\/wp-json\/wp\/v2\/product\/776031","targetHints":{"allow":["GET"]}}],"collection":[{"href":"https:\/\/lucacastelli.com\/de\/wp-json\/wp\/v2\/product"}],"about":[{"href":"https:\/\/lucacastelli.com\/de\/wp-json\/wp\/v2\/types\/product"}],"wp:featuredmedia":[{"embeddable":true,"href":"https:\/\/lucacastelli.com\/de\/wp-json\/wp\/v2\/media\/776011"}],"wp:attachment":[{"href":"https:\/\/lucacastelli.com\/de\/wp-json\/wp\/v2\/media?parent=776031"}],"wp:term":[{"taxonomy":"product_brand","embeddable":true,"href":"https:\/\/lucacastelli.com\/de\/wp-json\/wp\/v2\/product_brand?post=776031"},{"taxonomy":"product_cat","embeddable":true,"href":"https:\/\/lucacastelli.com\/de\/wp-json\/wp\/v2\/product_cat?post=776031"},{"taxonomy":"product_tag","embeddable":true,"href":"https:\/\/lucacastelli.com\/de\/wp-json\/wp\/v2\/product_tag?post=776031"}],"curies":[{"name":"wp","href":"https:\/\/api.w.org\/{rel}","templated":true}]}}