{"id":774617,"date":"2026-03-08T11:32:39","date_gmt":"2026-03-08T10:32:39","guid":{"rendered":"https:\/\/lucacastelli.com\/prodotto\/la-sportiva-stream-woman-gtx\/"},"modified":"2026-03-08T11:32:39","modified_gmt":"2026-03-08T10:32:39","slug":"la-sportiva-stream-woman-gtx","status":"publish","type":"product","link":"https:\/\/lucacastelli.com\/de\/produkt\/la-sportiva-stream-woman-gtx\/","title":{"rendered":"La Sportiva Stream Woman GTX"},"content":{"rendered":"<p>Stream ist der Mid-Cut-Fast-Hiking-Schuh der n\u00e4chsten Generation f\u00fcr schnelles Wandern. Er nutzt L\u00f6sungen aus der Mountain-DNA von La Sportiva und kombiniert sie mit Technologien und Konzepten aus dem Mountain Running f\u00fcr ein vielseitiges, wasserdichtes und extrem atmungsaktives Produkt dank der neuen GORE-TEX SURROUND\u00ae-Technologie: eine exklusive L\u00f6sung, die dank der gr\u00f6\u00dferen Bel\u00fcftungsfl\u00e4che, die Obermaterial, Brandsohle und die seitlich gelochte Zwischensohle aus EVA und TPU umfasst, eine totale Atmungsaktivit\u00e4t erm\u00f6glicht. Die entlang des Zwischensohlenprofils sichtbaren Bel\u00fcftungskan\u00e4le sind durch ein sehr widerstandsf\u00e4higes Mono-Bava-Nylonnetz gesch\u00fctzt, um das Eindringen von Steinchen und Verunreinigungen zu verhindern. Das Mid-Cut-Obermaterial ist mit der Nano-Cells 2.0\u2122-Struktur gefertigt, die aus extrem atmungsaktiven Zellen besteht, die synergetisch mit der GORE-TEX SURROUND\u00ae-Membran f\u00fcr eine beispiellos erh\u00f6hte Atmungsaktivit\u00e4t zusammenarbeiten. Der untere Teil des Schuhs integriert das Stability Control System\u2122, ein Anti-Torsions-Stabilisierungssystem, das die Bel\u00fcftungs\u00f6ffnungen der GORE-TEX SURROUND\u00ae-Technologie einschlie\u00dft. Die Laufsohle besteht aus der Vibram XS Trek-Mischung f\u00fcr hervorragenden Grip auf hartem, weichem und schlammigem Untergrund. 360-Grad-Atmungsaktivit\u00e4t und Komfort.      <\/p>\n<p>&nbsp;<\/p>\n<div class=\"data item title\" tabindex=\"0\" data-role=\"title\" aria-expanded=\"true\" aria-selected=\"true\">\n<h3 id=\"tab-label-techinfo\" class=\"switch-title\" data-uw-rm-heading=\"prs\">Technische Infos<\/h3>\n<\/div>\n<div class=\"data item content\" aria-labelledby=\"tab-label-techinfo\" data-role=\"content\" aria-hidden=\"false\">\n<div class=\"techinfo-container\">\n<div class=\"techinfo-description\"><b>Wasserdichte Membran: <\/b>GORE-TEX Surround\u00ae<br \/>\n<b>Zwischensohlenmischung: <\/b>Kompressions-EVA<br \/>\n<b>Laufsohlenmischung: <\/b>Vibram XS Trek<br \/>\n<b>Sohlenh\u00f6he (mm) \u2013 Ferse: <\/b>32<br \/>\n<b>Sohlenh\u00f6he (mm) \u2013 Vorfu\u00df: <\/b>26<br \/>\n<b>Sprengung (mm): <\/b>6<br \/>\n<b>Profiltiefe (mm): <\/b>5<br \/>\n<b>Breite Passform: <\/b>Nein<br \/>\n<b>Einlegesohle: <\/b>H003 La Sportiva Mountain Hiking 5 mm<br \/>\n<b>Futter: <\/b>GORE-TEX Surround\u00ae<br \/>\n<b>Zwischensohle: <\/b>Komprimiertes, sto\u00dfd\u00e4mpfendes EVA mit TPU-Seiten und GORE-TEX Surround\u00ae Bel\u00fcftungskan\u00e4len<br \/>\n<b>Sohle: <\/b>Vibram\u00ae XS Trek mit IBS<br \/>\n<b>Obermaterial: <\/b>Abriebfestes Mesh + Nano Cell 2.0\u2122 Struktur + Zehenkappe und Ferse aus PU-Tech Lite\u2122<\/div>\n<\/div>\n<\/div>\n","protected":false},"excerpt":{"rendered":"<p>Stream ist der Mid-Cut-Fast-Hiking-Schuh der n\u00e4chsten Generation f\u00fcr schnelles Wandern. Er nutzt L\u00f6sungen aus der Mountain-DNA von La Sportiva und<\/p>\n","protected":false},"featured_media":774599,"template":"","meta":{"_seopress_robots_primary_cat":"none","_seopress_titles_title":"","_seopress_titles_desc":"","_seopress_robots_index":""},"product_brand":[3649],"product_cat":[1430,1419,175],"product_tag":[],"class_list":{"0":"post-774617","1":"product","2":"type-product","3":"status-publish","4":"has-post-thumbnail","6":"product_brand-la-sportiva-de","7":"product_cat-damen-schuhe","8":"product_cat-freizeitschuhe","9":"product_cat-schuhe","10":"sws-gruppo-abb-libero-de","11":"sws-conto-ricavi-merci-rivendita-abbigliamento-de","12":"sws-gruppo-iva-iva81-de","14":"first","15":"instock","16":"shipping-taxable","17":"purchasable","18":"product-type-variable","19":"has-default-attributes"},"_links":{"self":[{"href":"https:\/\/lucacastelli.com\/de\/wp-json\/wp\/v2\/product\/774617","targetHints":{"allow":["GET"]}}],"collection":[{"href":"https:\/\/lucacastelli.com\/de\/wp-json\/wp\/v2\/product"}],"about":[{"href":"https:\/\/lucacastelli.com\/de\/wp-json\/wp\/v2\/types\/product"}],"wp:featuredmedia":[{"embeddable":true,"href":"https:\/\/lucacastelli.com\/de\/wp-json\/wp\/v2\/media\/774599"}],"wp:attachment":[{"href":"https:\/\/lucacastelli.com\/de\/wp-json\/wp\/v2\/media?parent=774617"}],"wp:term":[{"taxonomy":"product_brand","embeddable":true,"href":"https:\/\/lucacastelli.com\/de\/wp-json\/wp\/v2\/product_brand?post=774617"},{"taxonomy":"product_cat","embeddable":true,"href":"https:\/\/lucacastelli.com\/de\/wp-json\/wp\/v2\/product_cat?post=774617"},{"taxonomy":"product_tag","embeddable":true,"href":"https:\/\/lucacastelli.com\/de\/wp-json\/wp\/v2\/product_tag?post=774617"}],"curies":[{"name":"wp","href":"https:\/\/api.w.org\/{rel}","templated":true}]}}