{"id":767620,"date":"2026-03-04T18:29:09","date_gmt":"2026-03-04T17:29:09","guid":{"rendered":"https:\/\/lucacastelli.com\/prodotto\/la-sportiva-tx5-evo-mid-gtx\/"},"modified":"2026-03-04T18:29:09","modified_gmt":"2026-03-04T17:29:09","slug":"la-sportiva-tx5-evo-mid-gtx","status":"publish","type":"product","link":"https:\/\/lucacastelli.com\/de\/produkt\/la-sportiva-tx5-evo-mid-gtx\/","title":{"rendered":"La Sportiva TX5 Evo Mid GTX"},"content":{"rendered":"<p>Der Trekkingschuh TX5 EVO MID GTX \u00fcberzeugt durch seine Robustheit, Wasserdichtigkeit und hohen Komfort \u2013 ideal f\u00fcr epische Bergabenteuer.<\/p>\n<p>Ob Ger\u00f6llfelder, Klettersteige oder mehrt\u00e4gige H\u00fcttentouren \u2013 mit dem TX5 EVO MID GTX meistern Sie jede Herausforderung sicher und mit festem Schritt. Das Obermaterial aus Nubukleder, kombiniert mit wasserdichtem und atmungsaktivem GORE-TEX ePE Extended Comfort, h\u00e4lt Ihre F\u00fc\u00dfe trocken, auch wenn Sie B\u00e4che durchqueren und auf schlammigem Terrain unterwegs sind. Die 3D Flex Evo\u2122-Technologie maximiert die Kn\u00f6chelbeweglichkeit f\u00fcr einen sicheren Tritt und verhindert l\u00e4stiges Scheuern, w\u00e4hrend die 5 mm Ortholite\u00ae Hybrid\u2122 Mountain Hiking-Einlegesohle ganzt\u00e4gigen Komfort garantiert. Das von Zustiegsschuhen inspirierte Schn\u00fcrsystem bietet optimalen Halt, ideal f\u00fcr technische Passagen, w\u00e4hrend die Vibram\u00ae Megagrip\u2122-Sohle mit Impact Brake System\u2122 durch au\u00dfergew\u00f6hnliche Traktion sowohl im Auf- als auch im Abstieg \u00fcberzeugt. Dank der Resole Platform\u2122 l\u00e4sst sich der TX5 EVO MID GTX problemlos neu besohlen, ohne Komfort oder Leistung zu beeintr\u00e4chtigen, sodass er Sie auf vielen weiteren Abenteuern begleiten kann.    <\/p>\n<h3>Technische Informationen<\/h3>\n<p><b>Wasserdichte Membran: <\/b>GORE-TEX Extended Comfort<\/p>\n<p><b>Sohlenh\u00f6he (mm) \u2013 Ferse: <\/b>31<\/p>\n<p><b>Sohlenh\u00f6he (mm) \u2013 Vorfu\u00df: <\/b>23<\/p>\n<p><b>Sprengung (mm): <\/b>8<\/p>\n<p><b>Stollenh\u00f6he (mm): <\/b>4,5<\/p>\n<p><b>Breite Passform: <\/b>Nein<\/p>\n<p><b>Einlegesohle: <\/b>Die 5 mm Ortholite\u00ae Hybrid\u2122 Mountain Hiking-Einlegesohle erh\u00f6ht den Fu\u00dfkomfort<\/p>\n<p><b>Schn\u00fcrsystem: <\/b>Von Zustiegsschuhen inspiriertes Schn\u00fcrsystem f\u00fcr eine eng anliegende und st\u00fctzende Passform<\/p>\n<p><b>Futter: <\/b>GORE-TEX ePE Extended Comfort sorgt f\u00fcr Wasserdichtigkeit und Rei\u00dffestigkeit<\/p>\n<p><b>Zwischensohle: <\/b>Die CM EVA-Zwischensohle sorgt f\u00fcr D\u00e4mpfung<\/p>\n<p><b>Patent: <\/b>Impact Brake System\u2122 3D Flex System\u2122 Resole Platform\u2122<\/p>\n<p><b>Au\u00dfensohle: <\/b>Die Vibram\u00ae Megagrip\u2122-Sohle kombiniert mit dem Impact Brake System\u2122 bietet au\u00dfergew\u00f6hnliche Traktion an H\u00e4ngen<\/p>\n<p><b>Obermaterial: <\/b>Nubukleder erh\u00f6ht Langlebigkeit und Komfort, w\u00e4hrend die 3D Flex Evo\u2122-Technologie au\u00dfergew\u00f6hnliche Bewegungsfreiheit im Kn\u00f6chelbereich f\u00fcr mehr Agilit\u00e4t gew\u00e4hrleistet<\/p>\n","protected":false},"excerpt":{"rendered":"<p>Der Trekkingschuh TX5 EVO MID GTX \u00fcberzeugt durch seine Robustheit, Wasserdichtigkeit und hohen Komfort \u2013 ideal f\u00fcr epische Bergabenteuer. Ob<\/p>\n","protected":false},"featured_media":767627,"template":"","meta":{"_seopress_robots_primary_cat":"none","_seopress_titles_title":"","_seopress_titles_desc":"","_seopress_robots_index":""},"product_brand":[3419],"product_cat":[28,568,569],"product_tag":[],"class_list":{"0":"post-767620","1":"product","2":"type-product","3":"status-publish","4":"has-post-thumbnail","6":"product_brand-la-sportiva","7":"product_cat-calzature","8":"product_cat-calzature-per-il-tempo-libero","9":"product_cat-calzature-da-uomo","10":"sws-gruppo-abb-libero-de","11":"sws-conto-ricavi-merci-rivendita-abbigliamento-de","12":"sws-gruppo-iva-iva81-de","14":"first","15":"instock","16":"shipping-taxable","17":"purchasable","18":"product-type-variable","19":"has-default-attributes"},"_links":{"self":[{"href":"https:\/\/lucacastelli.com\/de\/wp-json\/wp\/v2\/product\/767620","targetHints":{"allow":["GET"]}}],"collection":[{"href":"https:\/\/lucacastelli.com\/de\/wp-json\/wp\/v2\/product"}],"about":[{"href":"https:\/\/lucacastelli.com\/de\/wp-json\/wp\/v2\/types\/product"}],"wp:featuredmedia":[{"embeddable":true,"href":"https:\/\/lucacastelli.com\/de\/wp-json\/wp\/v2\/media\/767627"}],"wp:attachment":[{"href":"https:\/\/lucacastelli.com\/de\/wp-json\/wp\/v2\/media?parent=767620"}],"wp:term":[{"taxonomy":"product_brand","embeddable":true,"href":"https:\/\/lucacastelli.com\/de\/wp-json\/wp\/v2\/product_brand?post=767620"},{"taxonomy":"product_cat","embeddable":true,"href":"https:\/\/lucacastelli.com\/de\/wp-json\/wp\/v2\/product_cat?post=767620"},{"taxonomy":"product_tag","embeddable":true,"href":"https:\/\/lucacastelli.com\/de\/wp-json\/wp\/v2\/product_tag?post=767620"}],"curies":[{"name":"wp","href":"https:\/\/api.w.org\/{rel}","templated":true}]}}