{"id":767080,"date":"2026-03-04T15:14:28","date_gmt":"2026-03-04T14:14:28","guid":{"rendered":"https:\/\/lucacastelli.com\/prodotto\/la-sportiva-akyra-ii\/"},"modified":"2026-03-04T15:14:28","modified_gmt":"2026-03-04T14:14:28","slug":"la-sportiva-akyra-ii","status":"publish","type":"product","link":"https:\/\/lucacastelli.com\/de\/produkt\/la-sportiva-akyra-ii\/","title":{"rendered":"La Sportiva Akyra II"},"content":{"rendered":"<p>Der Akyra II ist der perfekte Schuh f\u00fcr alle, die Schutz und Halt suchen, ohne auf Mobilit\u00e4t und Schnelligkeit zu verzichten. Das 3D Grid\u2122 aus KPU im Obermaterial und die mit dem Impact Brake System\u2122 ausgestattete Sohle garantieren Stabilit\u00e4t und Schutz, w\u00e4hrend der Trail Rocker\u2122 in Kombination mit der bequemen und flexiblen Passform jedem Schritt Dynamik verleiht. <\/p>\n<ul>\n<li>Stabilit\u00e4t und Schutz des Fu\u00dfes garantiert durch das 3D Grid\u2122 aus KPU<\/li>\n<li>Komfort und Atmungsaktivit\u00e4t dank der 3-lagigen Struktur des Obermaterials<\/li>\n<li>Sohle mit dem exklusiven Trail Rocker\u2122-System: f\u00f6rdert das nat\u00fcrliche Abrollverhalten des Fu\u00dfes<\/li>\n<\/ul>\n","protected":false},"excerpt":{"rendered":"<p>Der Akyra II ist der perfekte Schuh f\u00fcr alle, die Schutz und Halt suchen, ohne auf Mobilit\u00e4t und Schnelligkeit zu<\/p>\n","protected":false},"featured_media":767032,"template":"","meta":{"_seopress_robots_primary_cat":"none","_seopress_titles_title":"","_seopress_titles_desc":"","_seopress_robots_index":""},"product_brand":[3649],"product_cat":[1419,1431,175],"product_tag":[],"class_list":{"0":"post-767080","1":"product","2":"type-product","3":"status-publish","4":"has-post-thumbnail","6":"product_brand-la-sportiva-de","7":"product_cat-freizeitschuhe","8":"product_cat-herrenschuhe","9":"product_cat-schuhe","10":"sws-gruppo-abb-libero-de","11":"sws-conto-ricavi-merci-rivendita-calzature-de","12":"sws-gruppo-iva-iva81-de","14":"first","15":"instock","16":"shipping-taxable","17":"purchasable","18":"product-type-variable","19":"has-default-attributes"},"_links":{"self":[{"href":"https:\/\/lucacastelli.com\/de\/wp-json\/wp\/v2\/product\/767080","targetHints":{"allow":["GET"]}}],"collection":[{"href":"https:\/\/lucacastelli.com\/de\/wp-json\/wp\/v2\/product"}],"about":[{"href":"https:\/\/lucacastelli.com\/de\/wp-json\/wp\/v2\/types\/product"}],"wp:featuredmedia":[{"embeddable":true,"href":"https:\/\/lucacastelli.com\/de\/wp-json\/wp\/v2\/media\/767032"}],"wp:attachment":[{"href":"https:\/\/lucacastelli.com\/de\/wp-json\/wp\/v2\/media?parent=767080"}],"wp:term":[{"taxonomy":"product_brand","embeddable":true,"href":"https:\/\/lucacastelli.com\/de\/wp-json\/wp\/v2\/product_brand?post=767080"},{"taxonomy":"product_cat","embeddable":true,"href":"https:\/\/lucacastelli.com\/de\/wp-json\/wp\/v2\/product_cat?post=767080"},{"taxonomy":"product_tag","embeddable":true,"href":"https:\/\/lucacastelli.com\/de\/wp-json\/wp\/v2\/product_tag?post=767080"}],"curies":[{"name":"wp","href":"https:\/\/api.w.org\/{rel}","templated":true}]}}