{"id":764690,"date":"2026-03-03T09:53:36","date_gmt":"2026-03-03T08:53:36","guid":{"rendered":"https:\/\/lucacastelli.com\/prodotto\/milwaukee-bandmass-30-m\/"},"modified":"2026-04-14T03:18:38","modified_gmt":"2026-04-14T01:18:38","slug":"milwaukee-bandmass-30-m","status":"publish","type":"product","link":"https:\/\/lucacastelli.com\/de\/produkt\/milwaukee-bandmass-30-m\/","title":{"rendered":"Milwaukee Bandma\u00df 30 m"},"content":{"rendered":"<ul>\n<li>GRIME GUARD Schmutzabstreifer<\/li>\n<li>Verst\u00e4rkter Metallgriff<\/li>\n<li>Planetengetriebe mit 3:1-\u00dcbersetzung<\/li>\n<li>Stahlband mit Nylonbeschichtung<\/li>\n<li>Stahlband mit Nylonbeschichtung (extra dicke Nylon-Schutzschicht) f\u00fcr lange Lebensdauer.<\/li>\n<li>Au\u00dfergew\u00f6hnliche Pr\u00e4zision dank 50 % geringerer Dehnung im Vergleich zu Glasfaser-Bandma\u00dfen.<\/li>\n<li>Sehr robustes Design: verst\u00e4rkter Metallgriff.<\/li>\n<li>Schnelleres Aufrollen dank 3:1-\u00dcbersetzung f\u00fcr bis zu 10-fach l\u00e4ngere Lebensdauer des Planetengetriebes.<\/li>\n<li>Der GRIME GUARD Schmutzabstreifer h\u00e4lt das Band sauber.<\/li>\n<li>Genauigkeitsklasse II.<\/li>\n<li>Skalierung auf beiden Seiten mit metrischer Skala auf der Oberseite und Zoll-Skala auf der Unterseite des Bandes.<\/li>\n<\/ul>\n","protected":false},"excerpt":{"rendered":"<p>GRIME GUARD Schmutzabstreifer Verst\u00e4rkter Metallgriff Planetengetriebe mit 3:1-\u00dcbersetzung Stahlband mit Nylonbeschichtung Stahlband mit Nylonbeschichtung (extra dicke Nylon-Schutzschicht) f\u00fcr lange Lebensdauer.<\/p>\n","protected":false},"featured_media":764692,"template":"","meta":{"_seopress_robots_primary_cat":"none","_seopress_titles_title":"","_seopress_titles_desc":"","_seopress_robots_index":""},"product_brand":[3656],"product_cat":[1454,1396,150,169,1470,1494],"product_tag":[],"class_list":{"0":"post-764690","1":"product","2":"type-product","3":"status-publish","4":"has-post-thumbnail","6":"product_brand-milwaukee-de","7":"product_cat-andere-gerate","8":"product_cat-arbeitsausrustung","9":"product_cat-ausrustung","10":"product_cat-maschinen","11":"product_cat-messgerate","12":"product_cat-sonstige-arbeitsausrustung","13":"sws-gruppo-macchinari-de","14":"sws-conto-ricavi-merci-rivendita-macchinari-de","15":"sws-gruppo-iva-iva81-de","17":"first","18":"instock","19":"sale","20":"shipping-taxable","21":"purchasable","22":"product-type-simple"},"_links":{"self":[{"href":"https:\/\/lucacastelli.com\/de\/wp-json\/wp\/v2\/product\/764690","targetHints":{"allow":["GET"]}}],"collection":[{"href":"https:\/\/lucacastelli.com\/de\/wp-json\/wp\/v2\/product"}],"about":[{"href":"https:\/\/lucacastelli.com\/de\/wp-json\/wp\/v2\/types\/product"}],"wp:featuredmedia":[{"embeddable":true,"href":"https:\/\/lucacastelli.com\/de\/wp-json\/wp\/v2\/media\/764692"}],"wp:attachment":[{"href":"https:\/\/lucacastelli.com\/de\/wp-json\/wp\/v2\/media?parent=764690"}],"wp:term":[{"taxonomy":"product_brand","embeddable":true,"href":"https:\/\/lucacastelli.com\/de\/wp-json\/wp\/v2\/product_brand?post=764690"},{"taxonomy":"product_cat","embeddable":true,"href":"https:\/\/lucacastelli.com\/de\/wp-json\/wp\/v2\/product_cat?post=764690"},{"taxonomy":"product_tag","embeddable":true,"href":"https:\/\/lucacastelli.com\/de\/wp-json\/wp\/v2\/product_tag?post=764690"}],"curies":[{"name":"wp","href":"https:\/\/api.w.org\/{rel}","templated":true}]}}