{"id":763548,"date":"2026-03-02T20:54:21","date_gmt":"2026-03-02T19:54:21","guid":{"rendered":"https:\/\/lucacastelli.com\/prodotto\/la-sportiva-boulder-x\/"},"modified":"2026-03-09T00:37:16","modified_gmt":"2026-03-08T23:37:16","slug":"la-sportiva-boulder-x","status":"publish","type":"product","link":"https:\/\/lucacastelli.com\/de\/produkt\/la-sportiva-boulder-x\/","title":{"rendered":"LA SPORTIVA Boulder X"},"content":{"rendered":"<p>Dank der extra griffigen Sohle und der Kletterzone an der Spitze eignet sich dieses Modell besonders f\u00fcr technische Zustiege und Klettersteige und kann auch in der Wand verwendet werden.<\/p>\n<p>Das Obermaterial besteht aus Veloursleder mit einem umlaufenden Gummischutzrand f\u00fcr maximalen Abriebschutz beim Klettern. Das Schn\u00fcrsystem wurde auf Basis des Kletterschuhs Mythos entwickelt und erm\u00f6glicht eine individuelle Anpassung an den Fu\u00df. <\/p>\n<p>Die Vibram\u00ae-Sohle ist mit einem sogenannten Impact Brake System ausgestattet. Dies bietet mehr Halt beim Abstieg. Die 2 mm dicke EVA-Zwischensohle verleiht dem Schuh d\u00e4mpfende Eigenschaften.  <\/p>\n","protected":false},"excerpt":{"rendered":"<p>Dank der extra griffigen Sohle und der Kletterzone an der Spitze eignet sich dieses Modell besonders f\u00fcr technische Zustiege und<\/p>\n","protected":false},"featured_media":763484,"template":"","meta":{"_seopress_robots_primary_cat":"","_seopress_titles_title":"","_seopress_titles_desc":"","_seopress_robots_index":""},"product_brand":[3419],"product_cat":[28,568,569],"product_tag":[],"class_list":{"0":"post-763548","1":"product","2":"type-product","3":"status-publish","4":"has-post-thumbnail","6":"product_brand-la-sportiva","7":"product_cat-calzature","8":"product_cat-calzature-per-il-tempo-libero","9":"product_cat-calzature-da-uomo","10":"sws-gruppo-abb-libero-de","11":"sws-conto-ricavi-merci-rivendita-abbigliamento-de","12":"sws-gruppo-iva-iva81-de","14":"first","15":"instock","16":"shipping-taxable","17":"purchasable","18":"product-type-variable","19":"has-default-attributes"},"_links":{"self":[{"href":"https:\/\/lucacastelli.com\/de\/wp-json\/wp\/v2\/product\/763548","targetHints":{"allow":["GET"]}}],"collection":[{"href":"https:\/\/lucacastelli.com\/de\/wp-json\/wp\/v2\/product"}],"about":[{"href":"https:\/\/lucacastelli.com\/de\/wp-json\/wp\/v2\/types\/product"}],"wp:featuredmedia":[{"embeddable":true,"href":"https:\/\/lucacastelli.com\/de\/wp-json\/wp\/v2\/media\/763484"}],"wp:attachment":[{"href":"https:\/\/lucacastelli.com\/de\/wp-json\/wp\/v2\/media?parent=763548"}],"wp:term":[{"taxonomy":"product_brand","embeddable":true,"href":"https:\/\/lucacastelli.com\/de\/wp-json\/wp\/v2\/product_brand?post=763548"},{"taxonomy":"product_cat","embeddable":true,"href":"https:\/\/lucacastelli.com\/de\/wp-json\/wp\/v2\/product_cat?post=763548"},{"taxonomy":"product_tag","embeddable":true,"href":"https:\/\/lucacastelli.com\/de\/wp-json\/wp\/v2\/product_tag?post=763548"}],"curies":[{"name":"wp","href":"https:\/\/api.w.org\/{rel}","templated":true}]}}