{"id":762818,"date":"2026-03-01T10:30:03","date_gmt":"2026-03-01T09:30:03","guid":{"rendered":"https:\/\/lucacastelli.com\/prodotto\/stihl-ahb-050-robuster-50-liter-fangsack\/"},"modified":"2026-04-14T03:18:18","modified_gmt":"2026-04-14T01:18:18","slug":"stihl-ahb-050-robuster-50-liter-fangsack","status":"publish","type":"product","link":"https:\/\/lucacastelli.com\/de\/produkt\/stihl-ahb-050-robuster-50-liter-fangsack\/","title":{"rendered":"STIHL AHB 050 Robuster 50-Liter-Fangsack"},"content":{"rendered":"<p>Fangsack AHB 050: Einfaches Sammeln und Transportieren des H\u00e4ckselguts<br \/>\nDer STIHL Fangsack AHB 050 kann direkt unter den STIHL Gartenh\u00e4cksler gestellt werden, um das H\u00e4ckselgut w\u00e4hrend des H\u00e4ckselvorgangs aufzufangen. Der robuste Fangsack steht sicher auf dem Boden und hat ein Fassungsverm\u00f6gen von bis zu 50 l. Das spart Zeit und erm\u00f6glicht einen einfachen Transport des gesammelten H\u00e4ckselguts.<br \/>\nDer nachr\u00fcstbare STIHL Fangsack AHB 050 kann mit allen STIHL Gartenh\u00e4ckslern verwendet werden, mit Ausnahme der folgenden Modelle: die elektrischen STIHL Gartenh\u00e4cksler GHE 135 L und GHE 140 L sowie die benzinbetriebenen STIHL Gartenh\u00e4cksler GH 420, GH 450, GH 460 und GH 460 C.  <\/p>\n","protected":false},"excerpt":{"rendered":"<p>Fangsack AHB 050: Einfaches Sammeln und Transportieren des H\u00e4ckselguts Der STIHL Fangsack AHB 050 kann direkt unter den STIHL Gartenh\u00e4cksler<\/p>\n","protected":false},"featured_media":762819,"template":"","meta":{"_seopress_robots_primary_cat":"none","_seopress_titles_title":"","_seopress_titles_desc":"","_seopress_robots_index":""},"product_brand":[3554],"product_cat":[1578,1580,169,1579],"product_tag":[],"class_list":{"0":"post-762818","1":"product","2":"type-product","3":"status-publish","4":"has-post-thumbnail","6":"product_brand-stihl-de","7":"product_cat-bio-zerkleinerer","8":"product_cat-elektrische-zerkleinerer","9":"product_cat-maschinen","10":"product_cat-motorbetriebene-zerkleinerer","11":"sws-gruppo-macchinari-de","12":"sws-conto-ricavi-merci-rivendita-macchinari-de","13":"sws-gruppo-iva-iva81-de","15":"first","16":"instock","17":"shipping-taxable","18":"purchasable","19":"product-type-simple"},"_links":{"self":[{"href":"https:\/\/lucacastelli.com\/de\/wp-json\/wp\/v2\/product\/762818","targetHints":{"allow":["GET"]}}],"collection":[{"href":"https:\/\/lucacastelli.com\/de\/wp-json\/wp\/v2\/product"}],"about":[{"href":"https:\/\/lucacastelli.com\/de\/wp-json\/wp\/v2\/types\/product"}],"wp:featuredmedia":[{"embeddable":true,"href":"https:\/\/lucacastelli.com\/de\/wp-json\/wp\/v2\/media\/762819"}],"wp:attachment":[{"href":"https:\/\/lucacastelli.com\/de\/wp-json\/wp\/v2\/media?parent=762818"}],"wp:term":[{"taxonomy":"product_brand","embeddable":true,"href":"https:\/\/lucacastelli.com\/de\/wp-json\/wp\/v2\/product_brand?post=762818"},{"taxonomy":"product_cat","embeddable":true,"href":"https:\/\/lucacastelli.com\/de\/wp-json\/wp\/v2\/product_cat?post=762818"},{"taxonomy":"product_tag","embeddable":true,"href":"https:\/\/lucacastelli.com\/de\/wp-json\/wp\/v2\/product_tag?post=762818"}],"curies":[{"name":"wp","href":"https:\/\/api.w.org\/{rel}","templated":true}]}}